{"id":6961,"date":"2023-03-05T03:25:17","date_gmt":"2023-03-05T03:00:25","guid":{"rendered":"http:\/\/tyditiao.com\/product\/wendy-taktischer-helm-3a-leichter-spezialkraft-explosionsschutzhelm-sondergroesse-benutzerdefinierte-farbe-dedizierter-kauflink\/"},"modified":"2024-07-10T11:45:50","modified_gmt":"2024-07-10T09:45:50","slug":"wendy-taktischer-helm-light-forces-special-3a-explosionssicherer-helm-spezielle-grose-kundenspezifische-farbe-dedizierter-link-zum-kauf","status":"publish","type":"product","link":"https:\/\/tyditiao.com\/de\/produkt\/wendy-taktischer-helm-light-forces-special-3a-explosionssicherer-helm-spezielle-grose-kundenspezifische-farbe-dedizierter-link-zum-kauf\/","title":{"rendered":"WENDY taktischer Helm 3A leichter Spezialkraft-Explosionsschutzhelm Sondergr\u00f6\u00dfe benutzerdefinierte Farbe dedizierter Kauflink"},"content":{"rendered":"<p><strong>\u00dcber WENDY kugelsichere Helmgr\u00f6\u00dfe:<\/strong> F\u00fcr diesen kugelsicheren WENDY-Spezialeinsatzhelm haben wir gro\u00dfe und kleine Produktionsformen hinzugef\u00fcgt, um Benutzern mit unterschiedlichen Bed\u00fcrfnissen gerecht zu werden. Gr\u00f6\u00dfe M ist eine normale Gr\u00f6\u00dfe, die den meisten Menschen passt. Wenn Sie der Meinung sind, dass eine kleine Gr\u00f6\u00dfe Ihren eigenen Anforderungen oder Tragegewohnheiten besser gerecht wird, w\u00e4hlen Sie bitte eine kleine Gr\u00f6\u00dfe, ansonsten w\u00e4hlen Sie eine gro\u00dfe Gr\u00f6\u00dfe.<\/p>\n<p><strong>\u00dcber die Farbe des kugelsicheren WENDY-Helms:<\/strong> Die Farben, die wir in Serie produzieren, sind haupts\u00e4chlich Schwarz, Hellbraun und Gr\u00fcn. Aber gleichzeitig haben wir die M\u00f6glichkeit, jede Farbe oder verschiedene Tarnmuster herzustellen, die von Kunden ben\u00f6tigt werden, wie z. B. Waldtarnung, Dschungeltarnung, W\u00fcstentarnung, Marinetarnung, Stadttarnung usw. Wenn Sie mehr als 10 Helme bestellen m\u00f6chten, kontaktieren Sie uns bitte, Sie erhalten diesen individuellen Farbservice kostenlos, senden Sie uns einfach das gew\u00fcnschte Farbmuster<\/p>\n<p><strong>WENDY Taktischer Helm Kugelsicheres Level:<\/strong> 0101.06 Standard IIIA Level<\/p>\n<p>KOMFORTABEL ZU TRAGEN: Die Zorbium-Schaumpolsterung hat ein wasserabweisendes Futter mit einer antimikrobiellen Beschichtung, die Feuchtigkeit ableitet, um Sie k\u00fchl und trocken zu halten.<\/p>\n<p>EINFACHE ANPASSUNG: Leichtes CAM FIT-Befestigungssystem in Milit\u00e4rqualit\u00e4t mit BOA-Verschlusssystem f\u00fcr sichere, einh\u00e4ndige Anpassung f\u00fcr eine pr\u00e4zise Passform.<\/p>\n<p>ERWEITERBAR: Das Rail 2.0 Montagesystem ist mit allen EXFIL Rail 2.0 Zubeh\u00f6rteilen kompatibel. Die umkehrbare Gimbal-Montageschiene und die Gimbal-Halterung an der Stirn erm\u00f6glichen Wendy, mehr M\u00f6glichkeiten zu schaffen.<\/p>\n<p>Zus\u00e4tzlich zur normalen Federung verf\u00fcgt der Helm \u00fcber drei Aufprallpolster und acht verstellbare Polster f\u00fcr optimale Passform und Komfort<\/p>\n","protected":false},"excerpt":{"rendered":"<p>\u00dcber WENDY kugelsichere Helmgr\u00f6\u00dfe: F\u00fcr diesen kugelsicheren WENDY-Spezialeinsatzhelm haben wir gro\u00dfe und kleine Produktionsformen hinzugef\u00fcgt, um Benutzern mit unterschiedlichen Bed\u00fcrfnissen&#8230;<\/p>\n","protected":false},"featured_media":2362,"comment_status":"open","ping_status":"closed","template":"","meta":[],"product_brand":[],"product_cat":[347,117,120],"product_tag":[],"woo-feed-brand":[],"class_list":{"0":"post-6961","1":"product","2":"type-product","3":"status-publish","4":"has-post-thumbnail","6":"product_cat-kugelsicherer-helm","7":"product_cat-uncategorized-de-2","8":"product_cat-wendy-de-2","10":"first","11":"instock","12":"sale","13":"shipping-taxable","14":"purchasable","15":"product-type-variable","16":"has-default-attributes"},"_links":{"self":[{"href":"https:\/\/tyditiao.com\/de\/wp-json\/wp\/v2\/product\/6961","targetHints":{"allow":["GET"]}}],"collection":[{"href":"https:\/\/tyditiao.com\/de\/wp-json\/wp\/v2\/product"}],"about":[{"href":"https:\/\/tyditiao.com\/de\/wp-json\/wp\/v2\/types\/product"}],"replies":[{"embeddable":true,"href":"https:\/\/tyditiao.com\/de\/wp-json\/wp\/v2\/comments?post=6961"}],"wp:featuredmedia":[{"embeddable":true,"href":"https:\/\/tyditiao.com\/de\/wp-json\/wp\/v2\/media\/2362"}],"wp:attachment":[{"href":"https:\/\/tyditiao.com\/de\/wp-json\/wp\/v2\/media?parent=6961"}],"wp:term":[{"taxonomy":"product_brand","embeddable":true,"href":"https:\/\/tyditiao.com\/de\/wp-json\/wp\/v2\/product_brand?post=6961"},{"taxonomy":"product_cat","embeddable":true,"href":"https:\/\/tyditiao.com\/de\/wp-json\/wp\/v2\/product_cat?post=6961"},{"taxonomy":"product_tag","embeddable":true,"href":"https:\/\/tyditiao.com\/de\/wp-json\/wp\/v2\/product_tag?post=6961"},{"taxonomy":"woo-feed-brand","embeddable":true,"href":"https:\/\/tyditiao.com\/de\/wp-json\/wp\/v2\/woo-feed-brand?post=6961"}],"curies":[{"name":"wp","href":"https:\/\/api.w.org\/{rel}","templated":true}]}}