{"id":6971,"date":"2023-03-05T03:22:19","date_gmt":"2023-03-05T03:03:30","guid":{"rendered":"http:\/\/tyditiao.com\/product\/mich2000-ballistischer-helm-3a-tactical-ballistic-helm-sondergroesse-benutzerdefinierte-farbe-dedizierter-kauflink\/"},"modified":"2024-07-10T11:45:50","modified_gmt":"2024-07-10T09:45:50","slug":"mich2000-kugelsicherer-helm-3a-taktischer-ballistischer-helm-spezielle-grose-kundenspezifische-farbe-dedizierter-kauflink","status":"publish","type":"product","link":"https:\/\/tyditiao.com\/de\/produkt\/mich2000-kugelsicherer-helm-3a-taktischer-ballistischer-helm-spezielle-grose-kundenspezifische-farbe-dedizierter-kauflink\/","title":{"rendered":"Mich2000 Ballistischer Helm, 3A Tactical Ballistic Helm, Sondergr\u00f6\u00dfe, benutzerdefinierte Farbe, dedizierter Kauflink"},"content":{"rendered":"<p><strong>\u00dcber Mich2000-Helmgr\u00f6\u00dfe:<\/strong> Wir haben kleine und gro\u00dfe Produktionsformen f\u00fcr diesen taktischen ballistischen Mich 3A-Helm hinzugef\u00fcgt, um Benutzern mit unterschiedlichen Anforderungen gerecht zu werden. Gr\u00f6\u00dfe M ist eine normale Gr\u00f6\u00dfe und passt den meisten Menschen. Wenn Sie der Meinung sind, dass die kleine Gr\u00f6\u00dfe Ihren eigenen Anforderungen oder Tragegewohnheiten besser entsprechen kann, w\u00e4hlen Sie bitte die kleine Gr\u00f6\u00dfe, ansonsten die gro\u00dfe Gr\u00f6\u00dfe.<\/p>\n<p><strong>\u00dcber die Farbe des Mich2000 kugelsicheren Helms:<\/strong> Mich 3A taktischer kugelsicherer Helm, wir produzieren haupts\u00e4chlich drei Farben: schwarz, hellbraun und gr\u00fcn. Aber gleichzeitig haben wir die M\u00f6glichkeit, jede Farbe oder verschiedene Tarnmuster nach Kundenwunsch herzustellen, wie z. B. Waldtarnung, Dschungeltarnung, W\u00fcstentarnung, Marinetarnung und Stadttarnung usw. Wenn Sie mehr als 10 Helme bestellen m\u00f6chten, kontaktieren Sie uns bitte, Sie erhalten diesen individuellen Farbservice kostenlos, senden Sie uns einfach das gew\u00fcnschte Farbmuster.<\/p>\n<p>Helm MICH2000 Kugelsicherer Helm: 0101.06 Standard IIIA Level<\/p>\n<p>Material: Hochfeste Kevlar-Dupont-Aramidfaser<\/p>\n<p>Der ballistische Helm MICH2000 hat eine gr\u00f6\u00dfere Schutzfl\u00e4che und ein niedrig geschnittenes Design, das die Seiten des Kopfes besser abdeckt, was noch vorteilhafter ist, wenn Sie nicht vorhaben, viel Zubeh\u00f6r anzubringen.<\/p>\n<p>Das Vierpunkt-Befestigungssystem des ballistischen Mich2000-Helms \u00e4hnelt dem Schutz und den Riemen von Skateboard- und Fahrradhelmen.<\/p>\n","protected":false},"excerpt":{"rendered":"<p>\u00dcber Mich2000-Helmgr\u00f6\u00dfe: Wir haben kleine und gro\u00dfe Produktionsformen f\u00fcr diesen taktischen ballistischen Mich 3A-Helm hinzugef\u00fcgt, um Benutzern mit unterschiedlichen Anforderungen&#8230;<\/p>\n","protected":false},"featured_media":2288,"comment_status":"open","ping_status":"closed","template":"","meta":[],"product_brand":[],"product_cat":[347,118],"product_tag":[],"woo-feed-brand":[],"class_list":{"0":"post-6971","1":"product","2":"type-product","3":"status-publish","4":"has-post-thumbnail","6":"product_cat-kugelsicherer-helm","7":"product_cat-mich2000-de-2","9":"first","10":"instock","11":"sale","12":"shipping-taxable","13":"purchasable","14":"product-type-variable","15":"has-default-attributes"},"_links":{"self":[{"href":"https:\/\/tyditiao.com\/de\/wp-json\/wp\/v2\/product\/6971","targetHints":{"allow":["GET"]}}],"collection":[{"href":"https:\/\/tyditiao.com\/de\/wp-json\/wp\/v2\/product"}],"about":[{"href":"https:\/\/tyditiao.com\/de\/wp-json\/wp\/v2\/types\/product"}],"replies":[{"embeddable":true,"href":"https:\/\/tyditiao.com\/de\/wp-json\/wp\/v2\/comments?post=6971"}],"wp:featuredmedia":[{"embeddable":true,"href":"https:\/\/tyditiao.com\/de\/wp-json\/wp\/v2\/media\/2288"}],"wp:attachment":[{"href":"https:\/\/tyditiao.com\/de\/wp-json\/wp\/v2\/media?parent=6971"}],"wp:term":[{"taxonomy":"product_brand","embeddable":true,"href":"https:\/\/tyditiao.com\/de\/wp-json\/wp\/v2\/product_brand?post=6971"},{"taxonomy":"product_cat","embeddable":true,"href":"https:\/\/tyditiao.com\/de\/wp-json\/wp\/v2\/product_cat?post=6971"},{"taxonomy":"product_tag","embeddable":true,"href":"https:\/\/tyditiao.com\/de\/wp-json\/wp\/v2\/product_tag?post=6971"},{"taxonomy":"woo-feed-brand","embeddable":true,"href":"https:\/\/tyditiao.com\/de\/wp-json\/wp\/v2\/woo-feed-brand?post=6971"}],"curies":[{"name":"wp","href":"https:\/\/api.w.org\/{rel}","templated":true}]}}