{"id":6981,"date":"2023-03-05T03:17:44","date_gmt":"2023-03-05T03:05:40","guid":{"rendered":"http:\/\/tyditiao.com\/product\/fast-kugelsicherer-helm-nij-iiia-leichter-kugelsicherer-helm-sondergroesse-benutzerdefinierte-farbe-spezieller-kauflink\/"},"modified":"2024-07-10T11:45:51","modified_gmt":"2024-07-10T09:45:51","slug":"schneller-helm-kugelsicherer-nij-iiia-leichter-ballistischer-helm-spezielle-grose-kundenspezifische-farbe-dedizierter-kauflink","status":"publish","type":"product","link":"https:\/\/tyditiao.com\/de\/produkt\/schneller-helm-kugelsicherer-nij-iiia-leichter-ballistischer-helm-spezielle-grose-kundenspezifische-farbe-dedizierter-kauflink\/","title":{"rendered":"FAST kugelsicherer Helm, NIJ IIIA leichter kugelsicherer Helm, Sondergr\u00f6\u00dfe, benutzerdefinierte Farbe, spezieller Kauflink"},"content":{"rendered":"<p><strong>Gr\u00f6\u00dfe des kugelsicheren FAST-Helms:<\/strong> Wir haben kleine und gro\u00dfe Produktionsformen f\u00fcr den leichten kugelsicheren FAST-Helm hinzugef\u00fcgt, um Benutzern mit unterschiedlichen Anforderungen gerecht zu werden. M ist eine normale Gr\u00f6\u00dfe und passt den meisten Menschen. Wenn Sie der Meinung sind, dass die kleine Gr\u00f6\u00dfe Ihren Anforderungen oder Tragegewohnheiten entspricht, w\u00e4hlen Sie bitte die Gr\u00f6\u00dfe S, ansonsten die Gr\u00f6\u00dfe L.<\/p>\n<p><strong>Fast Light kugelsichere Helmfarben:<\/strong> Die Farben der von uns produzierten Fast Light kugelsicheren Helme sind haupts\u00e4chlich schwarz, hellbraun und gr\u00fcn. Gleichzeitig sind wir jedoch in der Lage, kundenspezifische Farben oder verschiedene Tarnmuster wie Waldtarnung, Dschungeltarnung, W\u00fcstentarnung, Ozeantarnung und Stadttarnung herzustellen. Wenn Sie mehr als 10 Helme bestellen m\u00f6chten, kontaktieren Sie uns bitte, Sie erhalten diesen individuellen Farbservice kostenlos, senden Sie uns einfach das gew\u00fcnschte Farbmuster.<\/p>\n<p>FAST kugelsicherer Doppelhelm Level: 0101.06 Standard IIIA Level<\/p>\n<p>Material: Hochfeste Kevlar-Dupont-Aramidfaser<\/p>\n<p>Im Vergleich zu gew\u00f6hnlichen Milit\u00e4rhelmen sind FAST-Helme 25 % leichter. Mit dem Helmaufh\u00e4ngungssystem k\u00f6nnen Benutzer die Straffheit oder Straffheit des Helms einfach per Knopfdruck f\u00fcr optimalen Komfort einstellen.<\/p>\n","protected":false},"excerpt":{"rendered":"<p>Gr\u00f6\u00dfe des kugelsicheren FAST-Helms: Wir haben kleine und gro\u00dfe Produktionsformen f\u00fcr den leichten kugelsicheren FAST-Helm hinzugef\u00fcgt, um Benutzern mit unterschiedlichen&#8230;<\/p>\n","protected":false},"featured_media":2344,"comment_status":"open","ping_status":"closed","template":"","meta":[],"product_brand":[],"product_cat":[119,347],"product_tag":[],"woo-feed-brand":[],"class_list":{"0":"post-6981","1":"product","2":"type-product","3":"status-publish","4":"has-post-thumbnail","6":"product_cat-fast-de-2","7":"product_cat-kugelsicherer-helm","9":"first","10":"instock","11":"sale","12":"shipping-taxable","13":"purchasable","14":"product-type-variable","15":"has-default-attributes"},"_links":{"self":[{"href":"https:\/\/tyditiao.com\/de\/wp-json\/wp\/v2\/product\/6981","targetHints":{"allow":["GET"]}}],"collection":[{"href":"https:\/\/tyditiao.com\/de\/wp-json\/wp\/v2\/product"}],"about":[{"href":"https:\/\/tyditiao.com\/de\/wp-json\/wp\/v2\/types\/product"}],"replies":[{"embeddable":true,"href":"https:\/\/tyditiao.com\/de\/wp-json\/wp\/v2\/comments?post=6981"}],"wp:featuredmedia":[{"embeddable":true,"href":"https:\/\/tyditiao.com\/de\/wp-json\/wp\/v2\/media\/2344"}],"wp:attachment":[{"href":"https:\/\/tyditiao.com\/de\/wp-json\/wp\/v2\/media?parent=6981"}],"wp:term":[{"taxonomy":"product_brand","embeddable":true,"href":"https:\/\/tyditiao.com\/de\/wp-json\/wp\/v2\/product_brand?post=6981"},{"taxonomy":"product_cat","embeddable":true,"href":"https:\/\/tyditiao.com\/de\/wp-json\/wp\/v2\/product_cat?post=6981"},{"taxonomy":"product_tag","embeddable":true,"href":"https:\/\/tyditiao.com\/de\/wp-json\/wp\/v2\/product_tag?post=6981"},{"taxonomy":"woo-feed-brand","embeddable":true,"href":"https:\/\/tyditiao.com\/de\/wp-json\/wp\/v2\/woo-feed-brand?post=6981"}],"curies":[{"name":"wp","href":"https:\/\/api.w.org\/{rel}","templated":true}]}}