{"id":7261,"date":"2023-03-05T02:51:52","date_gmt":"2023-03-05T12:20:03","guid":{"rendered":"http:\/\/tyditiao.com\/product\/aramid-aussenhaut-nylon-innenkern-statisches-seil-outdoor-bergsteigen-sicherheitsseil-68105-10m\/"},"modified":"2024-07-10T11:45:50","modified_gmt":"2024-07-10T09:45:50","slug":"kevlar-aussen-scoranylon-kern-statisches-sicherheitsseil-outdoor-6810-5-10m","status":"publish","type":"product","link":"https:\/\/tyditiao.com\/de\/produkt\/kevlar-aussen-scoranylon-kern-statisches-sicherheitsseil-outdoor-6810-5-10m\/","title":{"rendered":"Aramid-Au\u00dfenhaut + Nylon-Innenkern statisches Seil Outdoor Bergsteigen Sicherheitsseil 6,8,10,5 (10m)"},"content":{"rendered":"<p>Wenn Sie ein l\u00e4ngeres Seil kaufen m\u00fcssen, z. B. 80 Meter, kaufen Sie bitte 8 * 10 Meter Seil und hinterlassen Sie dann eine Nachricht an den Verk\u00e4ufer, dass Sie ein ganzes Seil von 80 Metern ben\u00f6tigen.<\/p>\n<p><strong>Zu den Karabinern an beiden Enden des Statikseils:<\/strong> Wenn die L\u00e4nge des von Ihnen gekauften Seils 10 Meter \u00fcberschreitet, geben wir Ihnen zwei Karabiner, die auf dem Bild markiert sind. Sie k\u00f6nnen w\u00e4hlen, ob Sie es an beiden Enden des Seils montieren m\u00f6chten, oder Sie m\u00fcssen es nicht montieren und es mit dem Seil im Paket versenden. Schreiben Sie uns einfach eine Nachricht und teilen Sie uns Ihre Entscheidung mit<\/p>\n<p>Produktname: Aramidfaser + statisches Nylonseil<br \/>\nFarbe: Farbe wie abgebildet<br \/>\nDurchmesser: 6mm 8mm 10mm<br \/>\nNettogewicht (\u00b15 %): 6 mm (27 g\/m) 8 mm (42 g\/m) 10 mm (65 g\/m)<br \/>\nZugkraft: 6mm (7KN\/700KG) 8mm (16KN\/1600KG) 10mm (36KN\/3600KG)<br \/>\nAussehen Material: Aramid<br \/>\nKernmaterial: Nylon<br \/>\nZertifizierung: CE EN1891:1998<br \/>\nMultifunktion: Klettern, Teleskopieren, Brandbek\u00e4mpfung, Arbeiten in der H\u00f6he, Kr\u00e4ne usw.<\/p>\n","protected":false},"excerpt":{"rendered":"<p>Wenn Sie ein l\u00e4ngeres Seil kaufen m\u00fcssen, z. B. 80 Meter, kaufen Sie bitte 8 * 10 Meter Seil und&#8230;<\/p>\n","protected":false},"featured_media":6477,"comment_status":"open","ping_status":"closed","template":"","meta":[],"product_brand":[],"product_cat":[358],"product_tag":[],"woo-feed-brand":[50],"class_list":{"0":"post-7261","1":"product","2":"type-product","3":"status-publish","4":"has-post-thumbnail","6":"product_cat-sicherheitsseil","7":"woo-feed-brand-tyditiao","9":"first","10":"instock","11":"shipping-taxable","12":"purchasable","13":"product-type-variable","14":"has-default-attributes"},"_links":{"self":[{"href":"https:\/\/tyditiao.com\/de\/wp-json\/wp\/v2\/product\/7261","targetHints":{"allow":["GET"]}}],"collection":[{"href":"https:\/\/tyditiao.com\/de\/wp-json\/wp\/v2\/product"}],"about":[{"href":"https:\/\/tyditiao.com\/de\/wp-json\/wp\/v2\/types\/product"}],"replies":[{"embeddable":true,"href":"https:\/\/tyditiao.com\/de\/wp-json\/wp\/v2\/comments?post=7261"}],"wp:featuredmedia":[{"embeddable":true,"href":"https:\/\/tyditiao.com\/de\/wp-json\/wp\/v2\/media\/6477"}],"wp:attachment":[{"href":"https:\/\/tyditiao.com\/de\/wp-json\/wp\/v2\/media?parent=7261"}],"wp:term":[{"taxonomy":"product_brand","embeddable":true,"href":"https:\/\/tyditiao.com\/de\/wp-json\/wp\/v2\/product_brand?post=7261"},{"taxonomy":"product_cat","embeddable":true,"href":"https:\/\/tyditiao.com\/de\/wp-json\/wp\/v2\/product_cat?post=7261"},{"taxonomy":"product_tag","embeddable":true,"href":"https:\/\/tyditiao.com\/de\/wp-json\/wp\/v2\/product_tag?post=7261"},{"taxonomy":"woo-feed-brand","embeddable":true,"href":"https:\/\/tyditiao.com\/de\/wp-json\/wp\/v2\/woo-feed-brand?post=7261"}],"curies":[{"name":"wp","href":"https:\/\/api.w.org\/{rel}","templated":true}]}}