{"id":7265,"date":"2023-03-05T03:08:59","date_gmt":"2023-03-05T12:23:23","guid":{"rendered":"http:\/\/tyditiao.com\/product\/voll-kevlar-statikseil-fallschirm-kletterseil-brandschutzseil-8-105mm-10m\/"},"modified":"2024-07-10T11:45:50","modified_gmt":"2024-07-10T09:45:50","slug":"vollstandiges-elektrostatisches-kevlar-kletter-feuerschutzschirmseil-8-105-mm-10-m","status":"publish","type":"product","link":"https:\/\/tyditiao.com\/de\/produkt\/vollstandiges-elektrostatisches-kevlar-kletter-feuerschutzschirmseil-8-105-mm-10-m\/","title":{"rendered":"Voll Kevlar Statikseil, Fallschirm Kletterseil, Brandschutzseil, 8, 10,5mm (10m)"},"content":{"rendered":"<p>Wenn Sie ein l\u00e4ngeres Seil kaufen m\u00f6chten, z. B. 50 Meter, kaufen Sie bitte 5 * 10 Meter Seil und hinterlassen Sie dem Verk\u00e4ufer eine Nachricht, dass Sie ein ganzes Seil von 50 Metern ben\u00f6tigen.<\/p>\n<p><strong>Zu den Karabinern:<\/strong> Wenn Sie das Seil mit einer L\u00e4nge von mehr als 10 Metern kaufen, geben wir Ihnen zwei Karabiner, wie auf dem Bild markiert. Sie k\u00f6nnen es an beiden Enden des Seils installieren oder es in Ruhe lassen und es ist im Paket enthalten. Schreiben Sie uns einfach und teilen Sie uns Ihre Entscheidung mit<\/p>\n<p>Produktname: Volles statisches Kevlar-Seil<br \/>\nMaterial: Kevlar<br \/>\nFarbe: Farbe wie abgebildet<br \/>\nDurchmesser: 10,5 mm, 8 mm<br \/>\nNettogewicht (\u00b15 %): 10,5 mm (75 g\/m) 8 mm (43 g\/m)<br \/>\nZugkraft: 10,5 mm (40 kN\/4000 kg) 8 mm (28 kN\/2800 kg)<br \/>\nZertifizierung: CE EN1891:1998<br \/>\nEigenschaften: hohe Festigkeit, hohe Temperaturbest\u00e4ndigkeit, gute Z\u00e4higkeit, starke Rei\u00dffestigkeit<br \/>\nMultifunktion: Klettern, Erweitern, Brandbek\u00e4mpfung, Luftarbeit, H\u00f6hlenforschung, H\u00e4ngen usw.<\/p>\n<p>Freundliche Erinnerung: Wenn Sie in der H\u00f6he arbeiten oder spielen, \u00fcberpr\u00fcfen und warten Sie bitte Ihre Ausr\u00fcstung, um Gefahren durch Missbrauch zu vermeiden<\/p>\n","protected":false},"excerpt":{"rendered":"<p>Wenn Sie ein l\u00e4ngeres Seil kaufen m\u00f6chten, z. B. 50 Meter, kaufen Sie bitte 5 * 10 Meter Seil und&#8230;<\/p>\n","protected":false},"featured_media":6495,"comment_status":"open","ping_status":"closed","template":"","meta":[],"product_brand":[],"product_cat":[358],"product_tag":[],"woo-feed-brand":[],"class_list":{"0":"post-7265","1":"product","2":"type-product","3":"status-publish","4":"has-post-thumbnail","6":"product_cat-sicherheitsseil","8":"first","9":"instock","10":"shipping-taxable","11":"purchasable","12":"product-type-variable","13":"has-default-attributes"},"_links":{"self":[{"href":"https:\/\/tyditiao.com\/de\/wp-json\/wp\/v2\/product\/7265","targetHints":{"allow":["GET"]}}],"collection":[{"href":"https:\/\/tyditiao.com\/de\/wp-json\/wp\/v2\/product"}],"about":[{"href":"https:\/\/tyditiao.com\/de\/wp-json\/wp\/v2\/types\/product"}],"replies":[{"embeddable":true,"href":"https:\/\/tyditiao.com\/de\/wp-json\/wp\/v2\/comments?post=7265"}],"wp:featuredmedia":[{"embeddable":true,"href":"https:\/\/tyditiao.com\/de\/wp-json\/wp\/v2\/media\/6495"}],"wp:attachment":[{"href":"https:\/\/tyditiao.com\/de\/wp-json\/wp\/v2\/media?parent=7265"}],"wp:term":[{"taxonomy":"product_brand","embeddable":true,"href":"https:\/\/tyditiao.com\/de\/wp-json\/wp\/v2\/product_brand?post=7265"},{"taxonomy":"product_cat","embeddable":true,"href":"https:\/\/tyditiao.com\/de\/wp-json\/wp\/v2\/product_cat?post=7265"},{"taxonomy":"product_tag","embeddable":true,"href":"https:\/\/tyditiao.com\/de\/wp-json\/wp\/v2\/product_tag?post=7265"},{"taxonomy":"woo-feed-brand","embeddable":true,"href":"https:\/\/tyditiao.com\/de\/wp-json\/wp\/v2\/woo-feed-brand?post=7265"}],"curies":[{"name":"wp","href":"https:\/\/api.w.org\/{rel}","templated":true}]}}