{"id":5030,"date":"2022-10-12T08:35:45","date_gmt":"2022-10-12T06:35:45","guid":{"rendered":"http:\/\/tyditiao.com\/?post_type=product&#038;p=5030"},"modified":"2026-04-13T16:01:56","modified_gmt":"2026-04-13T14:01:56","slug":"przezroczysta-maska-balistyczna-nij-iiia-zdejmowana%ef%bc%8cnadaje-sie-do-helmow-z-szynami-po-obu-stronach%ef%bc%8cwendy-fast-itp","status":"publish","type":"product","link":"https:\/\/tyditiao.com\/el\/product\/przezroczysta-maska-balistyczna-nij-iiia-zdejmowana%ef%bc%8cnadaje-sie-do-helmow-z-szynami-po-obu-stronach%ef%bc%8cwendy-fast-itp\/","title":{"rendered":"przezroczysta maska \u200b\u200bbalistyczna NIJ IIIA Zdejmowana,Nadaje si\u0119 do he\u0142m\u00f3w z szynami po obu stronach"},"content":{"rendered":"<p>Zdejmowana maska \u200b\u200bbalistyczna to nowa maska \u200b\u200bbalistyczna klasy IIIA, kt\u00f3r\u0105 mocuje si\u0119 do he\u0142mu balistycznego.<\/p>\n<p>Ten produkt jest odpowiedni do kask\u00f3w z szynami po obu stronach. Na przyk\u0142ad: WENDY, FAST itp.<\/p>\n<p>Klasa ochrony: poziom NIJ IIIA<\/p>\n<p>Waga: 1,50 kg (3,31 funta)<\/p>\n<p>Materia\u0142: PC, PMMA itp.<\/p>\n<p>Rozmiar: 350 mm (L) * 145 mm (H)<\/p>\n<p>Grubo\u015b\u0107 maski: 22mm<\/p>\n<p>Jasno\u015b\u0107: 83,9%<\/p>\n<p>Wa\u017cno\u015b\u0107: 5 lat<\/p>\n<p>Je\u015bli potrzebujesz he\u0142mu kuloodpornego, przejd\u017a do naszego sklepu, aby go kupi\u0107. Dzi\u0119kuj\u0119!<\/p>\n<p>Szczeg\u00f3\u0142y pakowania:1*Maska kuloodporna (bez kasku)<\/p>\n","protected":false},"excerpt":{"rendered":"<p>G\u0142\u00f3wny materia\u0142 wykonany jest z wysokiej jako\u015bci przezroczystej \u017cywicy poliw\u0119glanowej PC i kompozytu typu sandwich z p\u0142yty akrylowej, o wysokiej rozdzielczo\u015bci, bez rozprysk\u00f3w, o dobrym efekcie kuloodpornym<\/p>\n<p>Kuloodporny wspornik maski wykonany jest ze stali i materia\u0142\u00f3w o wysokiej wytrzyma\u0142o\u015bci, kt\u00f3re mo\u017cna stabilnie regulowa\u0107 pod r\u00f3\u017cnymi k\u0105tami<\/p>\n<p>Wsp\u00f3\u0142pracujemy \u015bci\u015ble z dostawcami us\u0142ug logistycznych i mo\u017cemy zagwarantowa\u0107 dostaw\u0119 towaru do niemal ka\u017cdego kraju i regionu, a wszystkie towary zam\u00f3wione na stronie naszej fabryki s\u0105 bezp\u0142atne<\/p>\n","protected":false},"featured_media":5031,"comment_status":"open","ping_status":"closed","template":"","meta":[],"product_brand":[],"product_cat":[193],"product_tag":[],"woo-feed-brand":[50],"class_list":{"0":"post-5030","1":"product","2":"type-product","3":"status-publish","4":"has-post-thumbnail","6":"product_cat-ballistic-mask","7":"product_shipping_class-0-3-kg","8":"woo-feed-brand-tyditiao","10":"first","11":"instock","12":"sale","13":"shipping-taxable","14":"purchasable","15":"product-type-simple"},"_links":{"self":[{"href":"https:\/\/tyditiao.com\/el\/wp-json\/wp\/v2\/product\/5030","targetHints":{"allow":["GET"]}}],"collection":[{"href":"https:\/\/tyditiao.com\/el\/wp-json\/wp\/v2\/product"}],"about":[{"href":"https:\/\/tyditiao.com\/el\/wp-json\/wp\/v2\/types\/product"}],"replies":[{"embeddable":true,"href":"https:\/\/tyditiao.com\/el\/wp-json\/wp\/v2\/comments?post=5030"}],"wp:featuredmedia":[{"embeddable":true,"href":"https:\/\/tyditiao.com\/el\/wp-json\/wp\/v2\/media\/5031"}],"wp:attachment":[{"href":"https:\/\/tyditiao.com\/el\/wp-json\/wp\/v2\/media?parent=5030"}],"wp:term":[{"taxonomy":"product_brand","embeddable":true,"href":"https:\/\/tyditiao.com\/el\/wp-json\/wp\/v2\/product_brand?post=5030"},{"taxonomy":"product_cat","embeddable":true,"href":"https:\/\/tyditiao.com\/el\/wp-json\/wp\/v2\/product_cat?post=5030"},{"taxonomy":"product_tag","embeddable":true,"href":"https:\/\/tyditiao.com\/el\/wp-json\/wp\/v2\/product_tag?post=5030"},{"taxonomy":"woo-feed-brand","embeddable":true,"href":"https:\/\/tyditiao.com\/el\/wp-json\/wp\/v2\/woo-feed-brand?post=5030"}],"curies":[{"name":"wp","href":"https:\/\/api.w.org\/{rel}","templated":true}]}}