{"id":8089,"date":"2023-05-20T16:45:18","date_gmt":"2023-05-20T14:45:18","guid":{"rendered":"http:\/\/tyditiao.com\/acerca-de\/"},"modified":"2025-01-05T05:00:54","modified_gmt":"2025-01-05T03:00:54","slug":"acerca-de","status":"publish","type":"page","link":"https:\/\/tyditiao.com\/es\/acerca-de\/","title":{"rendered":"Acerca de"},"content":{"rendered":"\n<div class=\"wp-block-cover\" style=\"min-height:240px;aspect-ratio:unset;\"><span aria-hidden=\"true\" class=\"wp-block-cover__background has-background-dim\" style=\"background-color:#1a6b92\"><\/span><img loading=\"lazy\" decoding=\"async\" width=\"1945\" height=\"643\" class=\"wp-block-cover__image-background wp-image-1572\" alt=\"\" src=\"http:\/\/tyditiao.com\/wp-content\/uploads\/2022\/06\/2022-06-13_181459.png\" data-object-fit=\"cover\" srcset=\"https:\/\/tyditiao.com\/wp-content\/uploads\/2022\/06\/2022-06-13_181459.png 1945w, https:\/\/tyditiao.com\/wp-content\/uploads\/2022\/06\/2022-06-13_181459-600x198.png 600w, https:\/\/tyditiao.com\/wp-content\/uploads\/2022\/06\/2022-06-13_181459-300x99.png 300w, https:\/\/tyditiao.com\/wp-content\/uploads\/2022\/06\/2022-06-13_181459-1024x339.png 1024w, https:\/\/tyditiao.com\/wp-content\/uploads\/2022\/06\/2022-06-13_181459-768x254.png 768w, https:\/\/tyditiao.com\/wp-content\/uploads\/2022\/06\/2022-06-13_181459-1536x508.png 1536w, https:\/\/tyditiao.com\/wp-content\/uploads\/2022\/06\/2022-06-13_181459-1320x436.png 1320w\" sizes=\"auto, (max-width: 1945px) 100vw, 1945px\" \/><div class=\"wp-block-cover__inner-container is-layout-constrained wp-block-cover-is-layout-constrained\">\n<p class=\"has-text-align-center custom-style-2 has-woostify-heading-1-font-size\">sobre nosotros<\/p>\n<\/div><\/div>\n\n<div style=\"height:50px\" aria-hidden=\"true\" class=\"wp-block-spacer\"><\/div>\n\n<div class=\"wp-block-columns is-layout-flex wp-container-core-columns-is-layout-9d6595d7 wp-block-columns-is-layout-flex\">\n<div class=\"wp-block-column is-layout-flow wp-block-column-is-layout-flow\" style=\"flex-basis:10%\"><\/div>\n\n\n\n<div class=\"wp-block-column is-layout-flow wp-block-column-is-layout-flow\">\n<h4 class=\"wp-block-heading has-text-align-center\">casco t\u00e1ctico antibalas en producci\u00f3n<\/h4>\n\n\n\n<div style=\"height:30px\" aria-hidden=\"true\" class=\"wp-block-spacer\"><\/div>\n\n\n\n<figure class=\"wp-block-gallery has-nested-images columns-5 is-cropped wp-block-gallery-1 is-layout-flex wp-block-gallery-is-layout-flex\">\n<figure class=\"wp-block-image size-medium\"><img loading=\"lazy\" decoding=\"async\" width=\"300\" height=\"300\" data-id=\"1795\" src=\"https:\/\/tyditiao.com\/wp-content\/uploads\/2022\/07\/IMG_5611-300x300.jpeg\" alt=\"tienda militar de casco protector t&#xE1;ctico - casco antibalas Kevlar en producci&#xF3;n\" class=\"wp-image-1795\" srcset=\"https:\/\/tyditiao.com\/wp-content\/uploads\/2022\/07\/IMG_5611-300x300.jpeg 300w, https:\/\/tyditiao.com\/wp-content\/uploads\/2022\/07\/IMG_5611-100x100.jpeg 100w, https:\/\/tyditiao.com\/wp-content\/uploads\/2022\/07\/IMG_5611-600x600.jpeg 600w, https:\/\/tyditiao.com\/wp-content\/uploads\/2022\/07\/IMG_5611-150x150.jpeg 150w, https:\/\/tyditiao.com\/wp-content\/uploads\/2022\/07\/IMG_5611.jpeg 614w\" sizes=\"auto, (max-width: 300px) 100vw, 300px\" \/><\/figure>\n\n\n<figure class=\"wp-block-image size-medium\"><img loading=\"lazy\" decoding=\"async\" width=\"300\" height=\"300\" data-id=\"1656\" src=\"https:\/\/tyditiao.com\/wp-content\/uploads\/2022\/06\/2022-06-15_162614-1-300x300.png\" alt=\"\" class=\"wp-image-1656\" srcset=\"https:\/\/tyditiao.com\/wp-content\/uploads\/2022\/06\/2022-06-15_162614-1-300x300.png 300w, https:\/\/tyditiao.com\/wp-content\/uploads\/2022\/06\/2022-06-15_162614-1-100x100.png 100w, https:\/\/tyditiao.com\/wp-content\/uploads\/2022\/06\/2022-06-15_162614-1-150x150.png 150w, https:\/\/tyditiao.com\/wp-content\/uploads\/2022\/06\/2022-06-15_162614-1.png 475w\" sizes=\"auto, (max-width: 300px) 100vw, 300px\" \/><\/figure>\n\n\n<figure class=\"wp-block-image size-medium\"><img loading=\"lazy\" decoding=\"async\" width=\"300\" height=\"300\" data-id=\"1657\" src=\"https:\/\/tyditiao.com\/wp-content\/uploads\/2022\/06\/2022-06-15_162211-1-300x300.png\" alt=\"tienda militar del casco protector t&#xE1;ctico - casco antibalas montado\" class=\"wp-image-1657\" srcset=\"https:\/\/tyditiao.com\/wp-content\/uploads\/2022\/06\/2022-06-15_162211-1-300x300.png 300w, https:\/\/tyditiao.com\/wp-content\/uploads\/2022\/06\/2022-06-15_162211-1-100x100.png 100w, https:\/\/tyditiao.com\/wp-content\/uploads\/2022\/06\/2022-06-15_162211-1-600x600.png 600w, https:\/\/tyditiao.com\/wp-content\/uploads\/2022\/06\/2022-06-15_162211-1-150x150.png 150w, https:\/\/tyditiao.com\/wp-content\/uploads\/2022\/06\/2022-06-15_162211-1-768x768.png 768w, https:\/\/tyditiao.com\/wp-content\/uploads\/2022\/06\/2022-06-15_162211-1.png 780w\" sizes=\"auto, (max-width: 300px) 100vw, 300px\" \/><\/figure>\n\n\n<figure class=\"wp-block-image size-medium\"><img loading=\"lazy\" decoding=\"async\" width=\"300\" height=\"300\" data-id=\"1794\" src=\"https:\/\/tyditiao.com\/wp-content\/uploads\/2022\/07\/IMG_5607-300x300.jpeg\" alt=\"Tienda militar de casco protector t&#xE1;ctico - Despu&#xE9;s del proceso de pintura.\" class=\"wp-image-1794\" srcset=\"https:\/\/tyditiao.com\/wp-content\/uploads\/2022\/07\/IMG_5607-300x300.jpeg 300w, https:\/\/tyditiao.com\/wp-content\/uploads\/2022\/07\/IMG_5607-100x100.jpeg 100w, https:\/\/tyditiao.com\/wp-content\/uploads\/2022\/07\/IMG_5607-600x600.jpeg 600w, https:\/\/tyditiao.com\/wp-content\/uploads\/2022\/07\/IMG_5607-1024x1024.jpeg 1024w, https:\/\/tyditiao.com\/wp-content\/uploads\/2022\/07\/IMG_5607-150x150.jpeg 150w, https:\/\/tyditiao.com\/wp-content\/uploads\/2022\/07\/IMG_5607-768x768.jpeg 768w, https:\/\/tyditiao.com\/wp-content\/uploads\/2022\/07\/IMG_5607.jpeg 1034w\" sizes=\"auto, (max-width: 300px) 100vw, 300px\" \/><\/figure>\n\n\n<figure class=\"wp-block-image size-medium\"><img loading=\"lazy\" decoding=\"async\" width=\"300\" height=\"300\" data-id=\"1658\" src=\"https:\/\/tyditiao.com\/wp-content\/uploads\/2022\/06\/2022-06-15_162306-1-300x300.png\" alt=\"tienda militar de casco protector t&#xE1;ctico - Despu&#xE9;s del proceso de pintura MICH\" class=\"wp-image-1658\" srcset=\"https:\/\/tyditiao.com\/wp-content\/uploads\/2022\/06\/2022-06-15_162306-1-300x300.png 300w, https:\/\/tyditiao.com\/wp-content\/uploads\/2022\/06\/2022-06-15_162306-1-100x100.png 100w, https:\/\/tyditiao.com\/wp-content\/uploads\/2022\/06\/2022-06-15_162306-1-600x600.png 600w, https:\/\/tyditiao.com\/wp-content\/uploads\/2022\/06\/2022-06-15_162306-1-150x150.png 150w, https:\/\/tyditiao.com\/wp-content\/uploads\/2022\/06\/2022-06-15_162306-1-768x768.png 768w, https:\/\/tyditiao.com\/wp-content\/uploads\/2022\/06\/2022-06-15_162306-1.png 880w\" sizes=\"auto, (max-width: 300px) 100vw, 300px\" \/><\/figure><\/figure>\n\n\n\n<div style=\"height:50px\" aria-hidden=\"true\" class=\"wp-block-spacer\"><\/div>\n<\/div>\n\n\n\n<div class=\"wp-block-column is-layout-flow wp-block-column-is-layout-flow\" style=\"flex-basis:10%\"><\/div>\n<\/div>\n\n<div class=\"wp-block-columns is-layout-flex wp-container-core-columns-is-layout-9d6595d7 wp-block-columns-is-layout-flex\">\n<div class=\"wp-block-column is-layout-flow wp-block-column-is-layout-flow\" style=\"flex-basis:15%\"><\/div>\n\n\n\n<div class=\"wp-block-column is-layout-flow wp-block-column-is-layout-flow\" style=\"flex-basis:70%\">\n<p class=\"has-text-align-center\">Nuestra empresa se compromete a proporcionar a los clientes cascos antibalas profesionales y ahora nos hemos convertido en un fabricante de <a href=\"http:\/\/tyditiao.com\/shop\/\">cascos antibalas<\/a> famoso y tecnol\u00f3gicamente l\u00edder en la industria. Todos nuestros productos son probados seg\u00fan el est\u00e1ndar NIJ0101.06. <\/p>\n\n\n\n<p class=\"has-text-align-center\">En los \u00faltimos a\u00f1os, hemos brindado servicios a muchos clientes de Polonia, Alemania, Suecia, Medio Oriente, Espa\u00f1a, Corea del Sur y otros pa\u00edses y regiones y hemos establecido una cooperaci\u00f3n a largo plazo con ellos. Estos dispositivos han protegido la felicidad de innumerables vidas y familias de las que estamos muy orgullosos y<br\/>Esto es lo que nos impulsa en el futuro. <\/p>\n\n\n\n<p class=\"has-text-align-center\">Contamos con todo tipo de equipos de producci\u00f3n grandes y peque\u00f1os y un perfecto sistema de gesti\u00f3n de producci\u00f3n. Debido a la naturaleza de los productos, damos gran importancia a la calidad del producto y realizamos pruebas en cada etapa de la producci\u00f3n para evitar productos no calificados. \u00abLa calidad primero, la reputaci\u00f3n primero\u00bb es la filosof\u00eda y la b\u00fasqueda de todo nuestro equipo, desde la investigaci\u00f3n y el desarrollo hasta la producci\u00f3n y el control de calidad, nos esforzamos por lograr la excelencia en todos los aspectos para brindar productos confiables y de alta calidad.   <\/p>\n<\/div>\n\n\n\n<div class=\"wp-block-column is-layout-flow wp-block-column-is-layout-flow\" style=\"flex-basis:15%\"><\/div>\n<\/div>\n","protected":false},"excerpt":{"rendered":"<p>casco t\u00e1ctico antibalas en producci\u00f3n Nuestra empresa se compromete a proporcionar a los clientes cascos antibalas profesionales y ahora nos&#8230;<\/p>\n","protected":false},"author":1,"featured_media":0,"parent":0,"menu_order":0,"comment_status":"closed","ping_status":"closed","template":"","meta":{"footnotes":""},"class_list":["post-8089","page","type-page","status-publish","hentry"],"_links":{"self":[{"href":"https:\/\/tyditiao.com\/es\/wp-json\/wp\/v2\/pages\/8089","targetHints":{"allow":["GET"]}}],"collection":[{"href":"https:\/\/tyditiao.com\/es\/wp-json\/wp\/v2\/pages"}],"about":[{"href":"https:\/\/tyditiao.com\/es\/wp-json\/wp\/v2\/types\/page"}],"author":[{"embeddable":true,"href":"https:\/\/tyditiao.com\/es\/wp-json\/wp\/v2\/users\/1"}],"replies":[{"embeddable":true,"href":"https:\/\/tyditiao.com\/es\/wp-json\/wp\/v2\/comments?post=8089"}],"version-history":[{"count":3,"href":"https:\/\/tyditiao.com\/es\/wp-json\/wp\/v2\/pages\/8089\/revisions"}],"predecessor-version":[{"id":16470,"href":"https:\/\/tyditiao.com\/es\/wp-json\/wp\/v2\/pages\/8089\/revisions\/16470"}],"wp:attachment":[{"href":"https:\/\/tyditiao.com\/es\/wp-json\/wp\/v2\/media?parent=8089"}],"curies":[{"name":"wp","href":"https:\/\/api.w.org\/{rel}","templated":true}]}}