{"id":16811,"date":"2025-04-17T09:25:14","date_gmt":"2025-04-17T07:25:14","guid":{"rendered":"https:\/\/tyditiao.com\/product\/casco-balistico-fast-con-forro-wendys-zorbium-y-sistema-de-suspension-cam-fit-nivel-de-proteccion-nij-iiia\/"},"modified":"2026-01-13T00:01:24","modified_gmt":"2026-01-12T22:01:24","slug":"casco-balistico-fast-con-forro-wendys-zorbium-y-sistema-de-suspension-cam-fit-nivel-de-proteccion-nij-iiia","status":"publish","type":"product","link":"https:\/\/tyditiao.com\/es\/producto\/casco-balistico-fast-con-forro-wendys-zorbium-y-sistema-de-suspension-cam-fit-nivel-de-proteccion-nij-iiia\/","title":{"rendered":"Casco bal\u00edstico FAST, con forro Wendy&#8217;s Zorbium y sistema de suspensi\u00f3n CAM FIT, nivel de protecci\u00f3n NIJ IIIA"},"content":{"rendered":"<p><strong>Notas especiales:<\/strong><\/p>\n<p>Este es nuestro nuevo modelo estrella, que combina una mano de obra de alta calidad con el m\u00e1ximo confort. A menos que se indique lo contrario, la configuraci\u00f3n predeterminada es la siguiente: talla L, verde, casco antibalas FAST con forro de espuma Zorbium y sistema de suspensi\u00f3n CAM FIT, nivel de protecci\u00f3n NIJ IIIA. Adem\u00e1s, ofrecemos una amplia gama de colores (verde, arena, negro) y tallas (S, M, L, XL) para elegir.<\/p>\n<p>No importa d\u00f3nde est\u00e9s, podr\u00e1s realizar tu pedido directamente a trav\u00e9s de este enlace y realizar tu compra sin ning\u00fan problema. Simplemente especifica la talla y el color que necesitas en las notas del pedido (por ejemplo: XL-negro) y recibir\u00e1s el equipo de tus sue\u00f1os. No cobraremos ninguna tarifa adicional por elegir otros colores y tama\u00f1os.<\/p>\n<hr \/>\n<p><strong>Nivel de defensa:<\/strong><\/p>\n<p>Este casco antibalas es un casco antibalas NIJ Nivel IIIA seg\u00fan el est\u00e1ndar NIJ 0101.06. Se pueden proporcionar informes de pruebas relevantes.<\/p>\n<hr \/>\n<p><strong>Par\u00e1metros del proyectil defensivo:<\/strong><\/p>\n<p>.44 Mag SJHP<br \/>\n.357 SIG FMJ FN<br \/>\n9mm FMJ RN<br \/>\n.357 Mag JSP<br \/>\n.40 S&amp;W FMJ<\/p>\n<p>Tambi\u00e9n proporciona protecci\u00f3n contra la mayor\u00eda de las amenazas de armas de fuego, as\u00ed como contra las amenazas de clase IIA y II.<\/p>\n<hr \/>\n<p><strong>Par\u00e1metros del casco antibalas:<\/strong><\/p>\n<p>Nombre: Casco t\u00e1ctico militar antibalas NIJ lllA FAST fabricado en Kevlar con forro de espuma Wendy Zorbium + sistema de suspensi\u00f3n CAM FIT<\/p>\n<p>Material: fibra de aramida-kevlar DuPont de alta resistencia<br \/>\nTalla: S, M, L, XL<br \/>\nColor: verde, arena, negro.<br \/>\nAccesorios opcionales: m\u00e1scara antibalas, etc.<br \/>\nPer\u00edodo de garant\u00eda: El per\u00edodo de garant\u00eda de 5 a\u00f1os puede tener una capacidad de protecci\u00f3n adecuada, pero si excede el per\u00edodo de garant\u00eda<br \/>\nLa calidad de vida reducir\u00e1 la capacidad de protecci\u00f3n.<\/p>\n<p>&nbsp;<\/p>\n<hr \/>\n<p><strong>Detalles y comparaci\u00f3n de tama\u00f1os de cascos antibalas:<\/strong><\/p>\n<p>&nbsp;<\/p>\n<table style=\"border-collapse: collapse;\" border=\"1\" cellspacing=\"0\" cellpadding=\"5\">\n<thead>\n<tr>\n<th>Casco bal\u00edstico Talla del casco<\/th>\n<th>S<\/th>\n<th>M<\/th>\n<th>L<\/th>\n<th>XL<\/th>\n<\/tr>\n<\/thead>\n<tbody>\n<tr>\n<td>Espesor del recubrimiento<\/td>\n<td>9.5<\/td>\n<td>9.5<\/td>\n<td>10 (9.5)<\/td>\n<td>10 (9.5)<\/td>\n<\/tr>\n<tr>\n<td>Nivel de protecci\u00f3n<\/td>\n<td>3A.44<\/td>\n<td>3A.44<\/td>\n<td>3A.44<\/td>\n<td>3A.44<\/td>\n<\/tr>\n<tr>\n<td>Eje largo (Eje \u200b\u200blargo\/mm)<\/td>\n<td>235<\/td>\n<td>240<\/td>\n<td>247<\/td>\n<td>263<\/td>\n<\/tr>\n<tr>\n<td>Eje corto (Eje \u200b\u200bmenor\/mm)<\/td>\n<td>182<\/td>\n<td>185<\/td>\n<td>193<\/td>\n<td>205<\/td>\n<\/tr>\n<tr>\n<td>Altura interior\/mm<\/td>\n<td>146<\/td>\n<td>153<\/td>\n<td>158<\/td>\n<td>161<\/td>\n<\/tr>\n<tr>\n<td>Circunferencia de la cabeza (con clavos)<\/td>\n<td>53-59<\/td>\n<td>53-59<\/td>\n<td>56-59<\/td>\n<td>58-62<\/td>\n<\/tr>\n<tr>\n<td>Peso est\u00e1ndar (Peso\/Kg)<\/td>\n<td>1.24<\/td>\n<td>1.29<\/td>\n<td>1.32<\/td>\n<td>1.42<\/td>\n<\/tr>\n<tr>\n<td>Desviaci\u00f3n de peso\/Kg<\/td>\n<td>0.05<\/td>\n<td>0.05<\/td>\n<td>0.05<\/td>\n<td>0.05<\/td>\n<\/tr>\n<tr>\n<td>Peso de la caja\/KG<\/td>\n<td>2<\/td>\n<td>2<\/td>\n<td>2<\/td>\n<td>2.1<\/td>\n<\/tr>\n<\/tbody>\n<\/table>\n","protected":false},"excerpt":{"rendered":"<p>La combinaci\u00f3n de las ventajas del casco bal\u00edstico FAST y del casco Wendy proporciona una excelente comodidad y protecci\u00f3n, permiti\u00e9ndole mantener total movilidad y seguridad durante cualquier tarea.<\/p>\n<p>Dise\u00f1o ligero y c\u00f3modo: el casco FAST con su moderno dise\u00f1o ligero reduce el peso al m\u00ednimo, lo que lo hace ideal para uso prolongado en condiciones exigentes. Proporciona una comodidad excepcional, incluso durante actividades intensas.<\/p>\n<p>Sistema de suspensi\u00f3n de precisi\u00f3n: El inserto Zorbium y el sistema de suspensi\u00f3n CAM FIT permiten un ajuste preciso a la forma de la cabeza, proporcionando un ajuste estable, suave y c\u00f3modo, que garantiza la comodidad cuando se usa durante per\u00edodos prolongados.<\/p>\n<p>No es necesario realizar ning\u00fan montaje propio, lo que permite ahorrar tiempo y esfuerzo y disfrutar inmediatamente de un equipamiento t\u00e1ctico completo.<\/p>\n","protected":false},"featured_media":16582,"comment_status":"open","ping_status":"closed","template":"","meta":[],"product_brand":[],"product_cat":[473,154,478],"product_tag":[],"woo-feed-brand":[50],"class_list":{"0":"post-16811","1":"product","2":"type-product","3":"status-publish","4":"has-post-thumbnail","6":"product_cat-casco-antibalas","7":"product_cat-fast-es","8":"product_cat-mascara-balistica","9":"woo-feed-brand-tyditiao","11":"first","12":"instock","13":"sale","14":"shipping-taxable","15":"purchasable","16":"product-type-simple"},"_links":{"self":[{"href":"https:\/\/tyditiao.com\/es\/wp-json\/wp\/v2\/product\/16811","targetHints":{"allow":["GET"]}}],"collection":[{"href":"https:\/\/tyditiao.com\/es\/wp-json\/wp\/v2\/product"}],"about":[{"href":"https:\/\/tyditiao.com\/es\/wp-json\/wp\/v2\/types\/product"}],"replies":[{"embeddable":true,"href":"https:\/\/tyditiao.com\/es\/wp-json\/wp\/v2\/comments?post=16811"}],"wp:featuredmedia":[{"embeddable":true,"href":"https:\/\/tyditiao.com\/es\/wp-json\/wp\/v2\/media\/16582"}],"wp:attachment":[{"href":"https:\/\/tyditiao.com\/es\/wp-json\/wp\/v2\/media?parent=16811"}],"wp:term":[{"taxonomy":"product_brand","embeddable":true,"href":"https:\/\/tyditiao.com\/es\/wp-json\/wp\/v2\/product_brand?post=16811"},{"taxonomy":"product_cat","embeddable":true,"href":"https:\/\/tyditiao.com\/es\/wp-json\/wp\/v2\/product_cat?post=16811"},{"taxonomy":"product_tag","embeddable":true,"href":"https:\/\/tyditiao.com\/es\/wp-json\/wp\/v2\/product_tag?post=16811"},{"taxonomy":"woo-feed-brand","embeddable":true,"href":"https:\/\/tyditiao.com\/es\/wp-json\/wp\/v2\/woo-feed-brand?post=16811"}],"curies":[{"name":"wp","href":"https:\/\/api.w.org\/{rel}","templated":true}]}}