{"id":16812,"date":"2025-04-17T11:28:35","date_gmt":"2025-04-17T09:28:35","guid":{"rendered":"https:\/\/tyditiao.com\/product\/casco-balistico-con-pantalla-facial-y-mentonera-tdtm-3-proteccion-completa-nij-iiia-ideal-para-condiciones-tacticas-extremas\/"},"modified":"2025-04-21T05:29:51","modified_gmt":"2025-04-21T03:29:51","slug":"casco-balistico-con-pantalla-facial-y-mentonera-tdtm-3-proteccion-completa-nij-iiia-ideal-para-condiciones-tacticas-extremas","status":"publish","type":"product","link":"https:\/\/tyditiao.com\/es\/producto\/casco-balistico-con-pantalla-facial-y-mentonera-tdtm-3-proteccion-completa-nij-iiia-ideal-para-condiciones-tacticas-extremas\/","title":{"rendered":"Casco bal\u00edstico con pantalla facial y mentonera, TDTM-3, protecci\u00f3n completa NIJ IIIA, ideal para condiciones t\u00e1cticas extremas."},"content":{"rendered":"<p>Vidrio a prueba de balas de alta resistencia: el vidrio a prueba de balas de alta calidad brinda protecci\u00f3n efectiva para su rostro en caso de explosi\u00f3n o impacto al tiempo que garantiza una excelente visibilidad.<\/p>\n<p>M\u00f3dulo de protecci\u00f3n de mand\u00edbula: Un m\u00f3dulo dise\u00f1ado espec\u00edficamente para proteger el \u00e1rea de la mand\u00edbula, brindando protecci\u00f3n adicional al ment\u00f3n, protegiendo contra lesiones durante operaciones t\u00e1cticas.<\/p>\n<p>Sistema de ajuste c\u00f3modo: Equipado con un sistema de suspensi\u00f3n ajustable y acolchado de espuma viscoel\u00e1stica de alta densidad que proporciona amortiguaci\u00f3n, absorbe la humedad y el sudor y reduce la fatiga durante el uso prolongado. La disponibilidad de diferentes tama\u00f1os (S, M, L, XL) garantiza un ajuste c\u00f3modo a la forma de la cabeza. <\/p>\n<p>Montaje de accesorios t\u00e1cticos: El casco tiene m\u00faltiples puntos de montaje que permiten una r\u00e1pida instalaci\u00f3n de visi\u00f3n nocturna, equipos de comunicaci\u00f3n y otros accesorios t\u00e1cticos, cumpliendo con los requisitos de operaciones de combate especializadas.<\/p>\n<p><strong>Notas especiales:<\/strong><\/p>\n<p>Este casco bal\u00edstico de clase NIJ IIIA proporciona protecci\u00f3n integral para la cabeza durante operaciones t\u00e1cticas. Fue dise\u00f1ado especialmente para garantizar la seguridad de los soldados en condiciones extremas. Ya sea vidrio resistente a balas en la cara o m\u00f3dulos resistentes a balas en la mand\u00edbula, brindan una protecci\u00f3n incomparable contra metralla, fragmentos y da\u00f1os por impacto. El dise\u00f1o bien pensado y el sistema de ajuste de comodidad garantizan la m\u00e1xima comodidad durante el combate de larga duraci\u00f3n. Ya sea en el campo de batalla, en una operaci\u00f3n policial o en un entorno de entrenamiento, podemos brindarle un apoyo s\u00f3lido.    <\/p>\n<p>Si no hay ninguna observaci\u00f3n especial, la configuraci\u00f3n por defecto es: talla L, color verde. Adem\u00e1s, ofrecemos una amplia gama de colores (arena\/negro\/verde\/camuflaje MC\/marr\u00f3n lobo) y tama\u00f1os (S, M, L, XL) para elegir. <\/p>\n<p>No importa d\u00f3nde est\u00e9s, podr\u00e1s realizar tu pedido directamente a trav\u00e9s de este enlace y realizar tu compra sin ning\u00fan problema. Simplemente especifica la talla y el color que necesitas en las notas del pedido (por ejemplo: XL-negro) y recibir\u00e1s el equipo de tus sue\u00f1os. No cobraremos ninguna tarifa adicional por elegir otros colores y tama\u00f1os.  <\/p>\n<hr>\n<p><strong>Respecto a los escenarios:<\/strong><\/p>\n<p>Fuerzas de Operaciones Especiales<br \/>\nAplicaci\u00f3n de la ley en entornos de alto riesgo<br \/>\nEntrenamiento de tiro y deportes t\u00e1cticos al aire libre<br \/>\nMisiones de rescate y control de disturbios<\/p>\n<hr>\n<p><strong>Par\u00e1metros del proyectil defensivo:<\/strong><\/p>\n<p>.44 Mag SJHP<br \/>\n.357 SIG FMJ FN<br \/>\n9mm FMJ RN<br \/>\n.357 Mag JSP<br \/>\n.40 S&amp;W FMJ<\/p>\n<p>Tambi\u00e9n proporciona protecci\u00f3n contra la mayor\u00eda de las amenazas de armas de fuego, as\u00ed como contra las amenazas de clase IIA y II.<\/p>\n<hr>\n<p><strong>par\u00e1metro:<\/strong><\/p>\n<p>Modelo de casco: TDTM-3<br \/>\nMaterial: El casco y el protector bucal est\u00e1n hechos de UHMWPE<br \/>\nPeso: aproximadamente 2,8 kg (casco antibalas + m\u00e1scara antibalas + protector bucal)<br \/>\nTalla: S (53-59 cm), M (53-59 cm), L (56-59 cm), L (58-62 cm)<br \/>\nColor: Negro\/Verde\/Camuflaje MC\/Marr\u00f3n lobo<br \/>\nEstructura: Componentes de protecci\u00f3n del cuerpo y la cara del casco (desmontables)<br \/>\n\u00c1rea de protecci\u00f3n: cuerpo del casco \u2265 0,125 mm, gafas \u2265 0,025 m, frente \u2265 0,04 m<\/p>\n<p>&nbsp;<\/p>\n","protected":false},"excerpt":{"rendered":"<p>Protecci\u00f3n integral: combina un protector facial resistente a balas y un m\u00f3dulo de protecci\u00f3n de mand\u00edbula para proporcionar protecci\u00f3n de 360 \u200b\u200bgrados para toda la cabeza, lo que garantiza una seguridad completa en entornos de alto riesgo.<\/p>\n<p>Centro de gravedad optimizado, ajuste estable: la estructura del casco dise\u00f1ada con precisi\u00f3n garantiza una distribuci\u00f3n racional del centro de gravedad, eliminando los golpes al correr o saltar. Esto le permite mantener la flexibilidad y la libertad al apuntar en posici\u00f3n de pie, disparar, realizar maniobras t\u00e1cticas y otras actividades. El peso total se ha reducido al m\u00e1ximo nivel posible manteniendo la protecci\u00f3n total.  <\/p>\n<p>Est\u00e1ndar de protecci\u00f3n NIJ IIIA: Cumple con los est\u00e1ndares NIJ IIIA y protege eficazmente contra ataques de amenaza baja a media, como balas de pistola y metralla, lo que mejora la seguridad t\u00e1ctica.<\/p>\n","protected":false},"featured_media":16775,"comment_status":"open","ping_status":"closed","template":"","meta":[],"product_brand":[],"product_cat":[473,478],"product_tag":[],"woo-feed-brand":[50],"class_list":{"0":"post-16812","1":"product","2":"type-product","3":"status-publish","4":"has-post-thumbnail","6":"product_cat-casco-antibalas","7":"product_cat-mascara-balistica","8":"woo-feed-brand-tyditiao","10":"first","11":"instock","12":"sale","13":"shipping-taxable","14":"purchasable","15":"product-type-simple"},"_links":{"self":[{"href":"https:\/\/tyditiao.com\/es\/wp-json\/wp\/v2\/product\/16812","targetHints":{"allow":["GET"]}}],"collection":[{"href":"https:\/\/tyditiao.com\/es\/wp-json\/wp\/v2\/product"}],"about":[{"href":"https:\/\/tyditiao.com\/es\/wp-json\/wp\/v2\/types\/product"}],"replies":[{"embeddable":true,"href":"https:\/\/tyditiao.com\/es\/wp-json\/wp\/v2\/comments?post=16812"}],"wp:featuredmedia":[{"embeddable":true,"href":"https:\/\/tyditiao.com\/es\/wp-json\/wp\/v2\/media\/16775"}],"wp:attachment":[{"href":"https:\/\/tyditiao.com\/es\/wp-json\/wp\/v2\/media?parent=16812"}],"wp:term":[{"taxonomy":"product_brand","embeddable":true,"href":"https:\/\/tyditiao.com\/es\/wp-json\/wp\/v2\/product_brand?post=16812"},{"taxonomy":"product_cat","embeddable":true,"href":"https:\/\/tyditiao.com\/es\/wp-json\/wp\/v2\/product_cat?post=16812"},{"taxonomy":"product_tag","embeddable":true,"href":"https:\/\/tyditiao.com\/es\/wp-json\/wp\/v2\/product_tag?post=16812"},{"taxonomy":"woo-feed-brand","embeddable":true,"href":"https:\/\/tyditiao.com\/es\/wp-json\/wp\/v2\/woo-feed-brand?post=16812"}],"curies":[{"name":"wp","href":"https:\/\/api.w.org\/{rel}","templated":true}]}}