{"id":8091,"date":"2023-03-05T03:25:17","date_gmt":"2023-05-20T15:02:21","guid":{"rendered":"http:\/\/tyditiao.com\/product\/wendy-casco-tactico-3a-fuerza-especial-ligera-casco-a-prueba-de-explosiones-tamano-especial-color-personalizado-enlace-de-compra-dedicado\/"},"modified":"2023-05-20T17:02:21","modified_gmt":"2023-05-20T15:02:21","slug":"wendy-tactical-helm-light-forces-special-3a-explosion-proof-helm-special-size-custom-color-dedicated-link-to-compra","status":"publish","type":"product","link":"https:\/\/tyditiao.com\/es\/producto\/wendy-tactical-helm-light-forces-special-3a-explosion-proof-helm-special-size-custom-color-dedicated-link-to-compra\/","title":{"rendered":"WENDY casco t\u00e1ctico 3A fuerza especial ligera casco a prueba de explosiones tama\u00f1o especial color personalizado enlace de compra dedicado"},"content":{"rendered":"<p><strong>Acerca del tama\u00f1o del casco antibalas WENDY:<\/strong> Para este casco antibalas de las fuerzas especiales WENDY, hemos agregado moldes de producci\u00f3n de tama\u00f1o grande y peque\u00f1o para satisfacer a los usuarios con diferentes necesidades. La talla M es una talla normal que se adapta a la mayor\u00eda de las personas. Si cree que un tama\u00f1o peque\u00f1o puede satisfacer mejor sus propios requisitos o h\u00e1bitos de uso, elija un tama\u00f1o peque\u00f1o; de lo contrario, elija un tama\u00f1o grande.<\/p>\n<p><strong>Sobre el color del casco antibalas WENDY:<\/strong> Los colores que producimos en masa son principalmente negro, marr\u00f3n claro y verde. Pero al mismo tiempo, tenemos la capacidad de producir cualquier color o varios patrones de camuflaje requeridos por los clientes, como camuflaje de bosque, camuflaje de selva, camuflaje de desierto, camuflaje marino, camuflaje urbano, etc. Si planea pedir m\u00e1s de 10 cascos , cont\u00e1ctenos, obtendr\u00e1 este servicio de color personalizado de forma gratuita, solo env\u00edenos el patr\u00f3n de color que desea<\/p>\n<p><strong>Casco t\u00e1ctico WENDY Nivel a prueba de balas:<\/strong> 0101.06 Nivel est\u00e1ndar IIIA<\/p>\n<p>C\u00d3MODO DE USAR: la amortiguaci\u00f3n de espuma Zorbium tiene un forro repelente al agua con un recubrimiento antimicrobiano que absorbe la humedad para mantenerlo fresco y seco.<\/p>\n<p>AJUSTE F\u00c1CIL: sistema de sujeci\u00f3n CAM FIT de grado militar liviano con sistema de cierre BOA para un ajuste seguro con una sola mano para un ajuste preciso.<\/p>\n<p>EXPANDIBLE: El sistema de montaje Rail 2.0 es compatible con todos los accesorios EXFIL Rail 2.0. El riel de montaje de card\u00e1n reversible y el soporte de card\u00e1n en la parte frontal le permiten a Wendy crear m\u00e1s posibilidades.<\/p>\n<p>Adem\u00e1s de la suspensi\u00f3n normal, el casco cuenta con tres almohadillas de impacto y ocho almohadillas ajustables para un ajuste y comodidad \u00f3ptimos.<\/p>\n","protected":false},"excerpt":{"rendered":"<p>Acerca del tama\u00f1o del casco antibalas WENDY: Para este casco antibalas de las fuerzas especiales WENDY, hemos agregado moldes de&#8230;<\/p>\n","protected":false},"featured_media":3326,"comment_status":"open","ping_status":"closed","template":"","meta":[],"product_brand":[],"product_cat":[473,187,176],"product_tag":[],"woo-feed-brand":[],"class_list":{"0":"post-8091","1":"product","2":"type-product","3":"status-publish","4":"has-post-thumbnail","6":"product_cat-casco-antibalas","7":"product_cat-uncategorized-es","8":"product_cat-wendy-es","10":"first","11":"instock","12":"sale","13":"shipping-taxable","14":"purchasable","15":"product-type-variable","16":"has-default-attributes"},"_links":{"self":[{"href":"https:\/\/tyditiao.com\/es\/wp-json\/wp\/v2\/product\/8091","targetHints":{"allow":["GET"]}}],"collection":[{"href":"https:\/\/tyditiao.com\/es\/wp-json\/wp\/v2\/product"}],"about":[{"href":"https:\/\/tyditiao.com\/es\/wp-json\/wp\/v2\/types\/product"}],"replies":[{"embeddable":true,"href":"https:\/\/tyditiao.com\/es\/wp-json\/wp\/v2\/comments?post=8091"}],"wp:featuredmedia":[{"embeddable":true,"href":"https:\/\/tyditiao.com\/es\/wp-json\/wp\/v2\/media\/3326"}],"wp:attachment":[{"href":"https:\/\/tyditiao.com\/es\/wp-json\/wp\/v2\/media?parent=8091"}],"wp:term":[{"taxonomy":"product_brand","embeddable":true,"href":"https:\/\/tyditiao.com\/es\/wp-json\/wp\/v2\/product_brand?post=8091"},{"taxonomy":"product_cat","embeddable":true,"href":"https:\/\/tyditiao.com\/es\/wp-json\/wp\/v2\/product_cat?post=8091"},{"taxonomy":"product_tag","embeddable":true,"href":"https:\/\/tyditiao.com\/es\/wp-json\/wp\/v2\/product_tag?post=8091"},{"taxonomy":"woo-feed-brand","embeddable":true,"href":"https:\/\/tyditiao.com\/es\/wp-json\/wp\/v2\/woo-feed-brand?post=8091"}],"curies":[{"name":"wp","href":"https:\/\/api.w.org\/{rel}","templated":true}]}}