{"id":8101,"date":"2023-03-05T03:22:19","date_gmt":"2023-05-20T15:02:41","guid":{"rendered":"http:\/\/tyditiao.com\/product\/casco-balistico-mich2000-casco-balistico-tactico-3a-tamano-especial-color-personalizado-enlace-de-compra-dedicado\/"},"modified":"2023-05-20T17:02:41","modified_gmt":"2023-05-20T15:02:41","slug":"mich2000-bulletproof-helmet-3a-tactical-balistic-helmet-special-size-custom-color-dedicated-buy-link","status":"publish","type":"product","link":"https:\/\/tyditiao.com\/es\/producto\/mich2000-bulletproof-helmet-3a-tactical-balistic-helmet-special-size-custom-color-dedicated-buy-link\/","title":{"rendered":"Casco bal\u00edstico Mich2000, casco bal\u00edstico t\u00e1ctico 3A, tama\u00f1o especial, color personalizado, enlace de compra dedicado"},"content":{"rendered":"<p><strong>Acerca del tama\u00f1o del casco Mich2000:<\/strong> Hemos agregado moldes de producci\u00f3n peque\u00f1os y grandes para este casco bal\u00edstico t\u00e1ctico Mich 3A para satisfacer a los usuarios con diferentes necesidades. La talla M es una talla normal y se adapta a la mayor\u00eda de las personas. Si cree que el tama\u00f1o peque\u00f1o puede satisfacer mejor sus propios requisitos o h\u00e1bitos de uso, elija el tama\u00f1o peque\u00f1o; de lo contrario, elija el tama\u00f1o grande.<\/p>\n<p><strong>Acerca del color del casco antibalas Mich2000:<\/strong> Casco antibalas t\u00e1ctico Mich 3A, producimos principalmente tres colores: negro, marr\u00f3n claro y verde. Pero al mismo tiempo, tenemos la capacidad de producir cualquier color o varios patrones de camuflaje especificados por los clientes, como camuflaje de bosque, camuflaje de selva, camuflaje de desierto, camuflaje marino y camuflaje urbano, etc. Si planea pedir m\u00e1s de 10 cascos , cont\u00e1ctenos, obtendr\u00e1 este servicio de color personalizado de forma gratuita, solo env\u00edenos el patr\u00f3n de color que desea.<\/p>\n<p>Casco antibalas MICH2000: 0101.06 nivel est\u00e1ndar IIIA<\/p>\n<p>Material: fibra de aramida Kevlar-Dupont de alta tenacidad<\/p>\n<p>El casco bal\u00edstico MICH2000 tiene un \u00e1rea de superficie protectora m\u00e1s grande y un dise\u00f1o de corte bajo que cubre mejor los lados de la cabeza, lo que es a\u00fan m\u00e1s beneficioso si no planea colocar muchos accesorios.<\/p>\n<p>El sistema de fijaci\u00f3n de cuatro puntos del casco bal\u00edstico Mich2000 es similar a la protecci\u00f3n y las correas que se encuentran en los cascos de patineta y bicicleta.<\/p>\n","protected":false},"excerpt":{"rendered":"<p>Acerca del tama\u00f1o del casco Mich2000: Hemos agregado moldes de producci\u00f3n peque\u00f1os y grandes para este casco bal\u00edstico t\u00e1ctico Mich&#8230;<\/p>\n","protected":false},"featured_media":2660,"comment_status":"open","ping_status":"closed","template":"","meta":[],"product_brand":[],"product_cat":[473,161],"product_tag":[],"woo-feed-brand":[],"class_list":{"0":"post-8101","1":"product","2":"type-product","3":"status-publish","4":"has-post-thumbnail","6":"product_cat-casco-antibalas","7":"product_cat-mich2000-es","9":"first","10":"instock","11":"sale","12":"shipping-taxable","13":"purchasable","14":"product-type-variable","15":"has-default-attributes"},"_links":{"self":[{"href":"https:\/\/tyditiao.com\/es\/wp-json\/wp\/v2\/product\/8101","targetHints":{"allow":["GET"]}}],"collection":[{"href":"https:\/\/tyditiao.com\/es\/wp-json\/wp\/v2\/product"}],"about":[{"href":"https:\/\/tyditiao.com\/es\/wp-json\/wp\/v2\/types\/product"}],"replies":[{"embeddable":true,"href":"https:\/\/tyditiao.com\/es\/wp-json\/wp\/v2\/comments?post=8101"}],"wp:featuredmedia":[{"embeddable":true,"href":"https:\/\/tyditiao.com\/es\/wp-json\/wp\/v2\/media\/2660"}],"wp:attachment":[{"href":"https:\/\/tyditiao.com\/es\/wp-json\/wp\/v2\/media?parent=8101"}],"wp:term":[{"taxonomy":"product_brand","embeddable":true,"href":"https:\/\/tyditiao.com\/es\/wp-json\/wp\/v2\/product_brand?post=8101"},{"taxonomy":"product_cat","embeddable":true,"href":"https:\/\/tyditiao.com\/es\/wp-json\/wp\/v2\/product_cat?post=8101"},{"taxonomy":"product_tag","embeddable":true,"href":"https:\/\/tyditiao.com\/es\/wp-json\/wp\/v2\/product_tag?post=8101"},{"taxonomy":"woo-feed-brand","embeddable":true,"href":"https:\/\/tyditiao.com\/es\/wp-json\/wp\/v2\/woo-feed-brand?post=8101"}],"curies":[{"name":"wp","href":"https:\/\/api.w.org\/{rel}","templated":true}]}}