{"id":8111,"date":"2023-03-05T03:17:44","date_gmt":"2023-05-20T15:02:56","guid":{"rendered":"http:\/\/tyditiao.com\/product\/casco-antibalas-fast-casco-antibalas-ligero-nij-iiia-tamano-especial-color-personalizado-enlace-de-compra-especial\/"},"modified":"2023-05-20T17:02:56","modified_gmt":"2023-05-20T15:02:56","slug":"fast-helm-bulletproof-nij-iiia-light-balistic-helm-special-size-custom-color-dedicated-purchase-link","status":"publish","type":"product","link":"https:\/\/tyditiao.com\/es\/producto\/fast-helm-bulletproof-nij-iiia-light-balistic-helm-special-size-custom-color-dedicated-purchase-link\/","title":{"rendered":"Casco antibalas FAST, casco antibalas ligero NIJ IIIA, tama\u00f1o especial, color personalizado, enlace de compra especial"},"content":{"rendered":"<p><strong>Tama\u00f1o del casco antibalas FAST:<\/strong> Hemos agregado moldes de producci\u00f3n peque\u00f1os y grandes para el casco antibalas ligero FAST para satisfacer a los usuarios con diferentes necesidades. M es un tama\u00f1o regular y se adapta a la mayor\u00eda de las personas. Si cree que el tama\u00f1o peque\u00f1o puede cumplir con sus requisitos o h\u00e1bitos de uso, elija el tama\u00f1o S, de lo contrario, elija el tama\u00f1o L.<\/p>\n<p><strong>Colores de los cascos antibalas Fast Light:<\/strong> Los colores de los cascos antibalas Fast Light que producimos son principalmente negro, marr\u00f3n claro y verde. Pero al mismo tiempo, somos capaces de hacer colores especificados por el cliente o varios patrones de camuflaje, como camuflaje forestal, camuflaje de selva, camuflaje de desierto, camuflaje oce\u00e1nico y camuflaje urbano. Si planea pedir m\u00e1s de 10 cascos, cont\u00e1ctenos, obtendr\u00e1 este servicio de color personalizado de forma gratuita, solo env\u00edenos el patr\u00f3n de color que desea.<\/p>\n<p>Nivel de doble casco a prueba de balas FAST: 0101.06 nivel est\u00e1ndar IIIA<\/p>\n<p>Material: fibra de aramida Kevlar-Dupont de alta tenacidad<\/p>\n<p>En comparaci\u00f3n con los cascos militares ordinarios, los cascos FAST son un 25 % m\u00e1s ligeros. Con el sistema de suspensi\u00f3n del casco, los usuarios pueden ajustar f\u00e1cilmente el ajuste o la tensi\u00f3n del casco con solo girar un bot\u00f3n para una comodidad \u00f3ptima.<\/p>\n","protected":false},"excerpt":{"rendered":"<p>Tama\u00f1o del casco antibalas FAST: Hemos agregado moldes de producci\u00f3n peque\u00f1os y grandes para el casco antibalas ligero FAST para&#8230;<\/p>\n","protected":false},"featured_media":3164,"comment_status":"open","ping_status":"closed","template":"","meta":[],"product_brand":[],"product_cat":[473,154],"product_tag":[],"woo-feed-brand":[],"class_list":{"0":"post-8111","1":"product","2":"type-product","3":"status-publish","4":"has-post-thumbnail","6":"product_cat-casco-antibalas","7":"product_cat-fast-es","9":"first","10":"instock","11":"sale","12":"shipping-taxable","13":"purchasable","14":"product-type-variable","15":"has-default-attributes"},"_links":{"self":[{"href":"https:\/\/tyditiao.com\/es\/wp-json\/wp\/v2\/product\/8111","targetHints":{"allow":["GET"]}}],"collection":[{"href":"https:\/\/tyditiao.com\/es\/wp-json\/wp\/v2\/product"}],"about":[{"href":"https:\/\/tyditiao.com\/es\/wp-json\/wp\/v2\/types\/product"}],"replies":[{"embeddable":true,"href":"https:\/\/tyditiao.com\/es\/wp-json\/wp\/v2\/comments?post=8111"}],"wp:featuredmedia":[{"embeddable":true,"href":"https:\/\/tyditiao.com\/es\/wp-json\/wp\/v2\/media\/3164"}],"wp:attachment":[{"href":"https:\/\/tyditiao.com\/es\/wp-json\/wp\/v2\/media?parent=8111"}],"wp:term":[{"taxonomy":"product_brand","embeddable":true,"href":"https:\/\/tyditiao.com\/es\/wp-json\/wp\/v2\/product_brand?post=8111"},{"taxonomy":"product_cat","embeddable":true,"href":"https:\/\/tyditiao.com\/es\/wp-json\/wp\/v2\/product_cat?post=8111"},{"taxonomy":"product_tag","embeddable":true,"href":"https:\/\/tyditiao.com\/es\/wp-json\/wp\/v2\/product_tag?post=8111"},{"taxonomy":"woo-feed-brand","embeddable":true,"href":"https:\/\/tyditiao.com\/es\/wp-json\/wp\/v2\/woo-feed-brand?post=8111"}],"curies":[{"name":"wp","href":"https:\/\/api.w.org\/{rel}","templated":true}]}}