{"id":8124,"date":"2023-03-05T02:51:52","date_gmt":"2023-05-20T15:03:26","guid":{"rendered":"http:\/\/tyditiao.com\/product\/piel-exterior-de-aramida-nucleo-interior-de-nailon-cuerda-estatica-cuerda-de-seguridad-para-montanismo-exterior-68105-10m\/"},"modified":"2023-05-20T17:03:26","modified_gmt":"2023-05-20T15:03:26","slug":"kevlar-exterior-scoranylon-core-static-safety-rope-exterior-6810-5-10m","status":"publish","type":"product","link":"https:\/\/tyditiao.com\/es\/producto\/kevlar-exterior-scoranylon-core-static-safety-rope-exterior-6810-5-10m\/","title":{"rendered":"Piel exterior de aramida + n\u00facleo interior de nailon cuerda est\u00e1tica cuerda de seguridad para monta\u00f1ismo exterior 6,8,10,5 (10m)"},"content":{"rendered":"<p>Si necesita comprar una cuerda m\u00e1s larga, como 80 metros, compre 8*10 metros de cuerda y luego deje un mensaje al vendedor de que necesita una cuerda completa de 80 metros.<\/p>\n<p><strong>Sobre los mosquetones en ambos extremos de la cuerda est\u00e1tica:<\/strong> Si la longitud de la cuerda que compraste supera los 10 metros, te daremos dos mosquetones marcados en la imagen. Puede elegir montarlo en ambos extremos de la cuerda, o no necesita montarlo y enviarlo con la cuerda en el paquete, solo env\u00edenos una nota y h\u00e1ganos saber su decisi\u00f3n.<\/p>\n<p>Nombre del producto: fibra de aramida + cuerda est\u00e1tica de nylon<br \/>\nColor: Color como se muestra en la imagen<br \/>\nDi\u00e1metro: 6 mm 8 mm 10 mm<br \/>\nPeso neto (\u00b15%): 6 mm (27 g\/m2) 8 mm (42 g\/m2) 10 mm (65 g\/m2)<br \/>\nFuerza de tracci\u00f3n: 6 mm (7 KN\/700 KG) 8 mm (16 KN\/1600 KG) 10 mm (36 KN\/3600 KG)<br \/>\nMaterial de apariencia: aramida<br \/>\nMaterial del n\u00facleo: nailon.<br \/>\nCertificaci\u00f3n: CE EN1891:1998<br \/>\nMultifunci\u00f3n: escalada, telesc\u00f3pico, extinci\u00f3n de incendios, trabajos en altura, gr\u00faas, etc.<\/p>\n","protected":false},"excerpt":{"rendered":"<p>Si necesita comprar una cuerda m\u00e1s larga, como 80 metros, compre 8*10 metros de cuerda y luego deje un mensaje&#8230;<\/p>\n","protected":false},"featured_media":6485,"comment_status":"open","ping_status":"closed","template":"","meta":[],"product_brand":[],"product_cat":[474],"product_tag":[],"woo-feed-brand":[50],"class_list":{"0":"post-8124","1":"product","2":"type-product","3":"status-publish","4":"has-post-thumbnail","6":"product_cat-cuerda-de-seguridad","7":"woo-feed-brand-tyditiao","9":"first","10":"instock","11":"shipping-taxable","12":"purchasable","13":"product-type-variable","14":"has-default-attributes"},"_links":{"self":[{"href":"https:\/\/tyditiao.com\/es\/wp-json\/wp\/v2\/product\/8124","targetHints":{"allow":["GET"]}}],"collection":[{"href":"https:\/\/tyditiao.com\/es\/wp-json\/wp\/v2\/product"}],"about":[{"href":"https:\/\/tyditiao.com\/es\/wp-json\/wp\/v2\/types\/product"}],"replies":[{"embeddable":true,"href":"https:\/\/tyditiao.com\/es\/wp-json\/wp\/v2\/comments?post=8124"}],"wp:featuredmedia":[{"embeddable":true,"href":"https:\/\/tyditiao.com\/es\/wp-json\/wp\/v2\/media\/6485"}],"wp:attachment":[{"href":"https:\/\/tyditiao.com\/es\/wp-json\/wp\/v2\/media?parent=8124"}],"wp:term":[{"taxonomy":"product_brand","embeddable":true,"href":"https:\/\/tyditiao.com\/es\/wp-json\/wp\/v2\/product_brand?post=8124"},{"taxonomy":"product_cat","embeddable":true,"href":"https:\/\/tyditiao.com\/es\/wp-json\/wp\/v2\/product_cat?post=8124"},{"taxonomy":"product_tag","embeddable":true,"href":"https:\/\/tyditiao.com\/es\/wp-json\/wp\/v2\/product_tag?post=8124"},{"taxonomy":"woo-feed-brand","embeddable":true,"href":"https:\/\/tyditiao.com\/es\/wp-json\/wp\/v2\/woo-feed-brand?post=8124"}],"curies":[{"name":"wp","href":"https:\/\/api.w.org\/{rel}","templated":true}]}}