{"id":8128,"date":"2023-01-16T12:36:49","date_gmt":"2023-01-16T10:36:49","guid":{"rendered":"http:\/\/tyditiao.com\/product\/chaleco-antibalas-ocultable-chaleco-a-prueba-de-balas-con-nivel-de-proteccion-nij-iiia-equipo-de-seguridad-personal-para-exteriores\/"},"modified":"2025-11-19T22:16:33","modified_gmt":"2025-11-19T20:16:33","slug":"chaleco-antibalas-ocultable-chaleco-antibalas-con-nivel-de-proteccion-ni-iiia-equipo-de-seguridad-personal-exterior","status":"publish","type":"product","link":"https:\/\/tyditiao.com\/es\/producto\/chaleco-antibalas-ocultable-chaleco-antibalas-con-nivel-de-proteccion-ni-iiia-equipo-de-seguridad-personal-exterior\/","title":{"rendered":"Chaleco antibalas ocultable, chaleco a prueba de balas con nivel de protecci\u00f3n NIJ IIIA, equipo de seguridad personal para exteriores"},"content":{"rendered":"<p>Material: material PE de ultra alto peso molecular, que puede soportar m\u00faltiples disparos sin dejar de ser flexible. Tiene las caracter\u00edsticas de ligereza, suavidad, comodidad, excelente resistencia a los rayos UV, baja sensibilidad a la humedad y resistencia al agua.<\/p>\n<p>Clase de protecci\u00f3n: protecci\u00f3n delantera y trasera NIJ IIIA<\/p>\n<p>Balas bloqueables:<br \/>\n.44 botella doble<br \/>\n.40 S&amp;W, .357 Magnum, .45<br \/>\nsubfusil ametrallador 9mm<br \/>\nBalas de punta hueca con semirrevestimiento (SJHP)<br \/>\nCalibraci\u00f3n de proyectil totalmente met\u00e1lico 9 mm, peso nominal 8,0 g (124 g), velocidad de impacto 426 m\/s (1400 pies\/s) o menos<br \/>\nTambi\u00e9n proporciona protecci\u00f3n contra la mayor\u00eda de las amenazas de armas de fuego, as\u00ed como las amenazas de Clase IIA y II.<\/p>\n<p>Color: Negro<br \/>\nG\u00e9nero: Unisex<br \/>\nTipo de ropa: Chaleco, Top<br \/>\nTipo de manga: Sin mangas<br \/>\nFunci\u00f3n: A prueba de balas<br \/>\ntama\u00f1o: un tama\u00f1o<br \/>\nPeso: 2,5 kg<br \/>\nLavado: el forro interior y la ropa exterior se pueden separar, la capa interna a prueba de balas no se puede lavar, solo limpie la capa exterior<\/p>\n<p>Paquete: 1 x chaleco antibalas (NIJ IIIA)<\/p>\n","protected":false},"excerpt":{"rendered":"<p>Suave y liviano: flexible, c\u00f3modo de usar, b\u00e1sicamente no afecta el cuerpo humano para correr o ponerse en cuclillas<\/p>\n<p>Gran ocultaci\u00f3n: ajustable en 4 puntos diferentes con correas de velcro para ocultar f\u00e1cilmente debajo de la ropa.<\/p>\n<p>Protecci\u00f3n NIJ IIIA: el m\u00e1s alto nivel de protecci\u00f3n actualmente disponible para chalecos antibalas<\/p>\n<p>Buen rendimiento de expansi\u00f3n: los bolsillos delanteros y traseros de la armadura se pueden unir con placas de acero a prueba de balas para brindar protecci\u00f3n adicional de acuerdo con sus propias necesidades<\/p>\n<p>Personas aplicables: los periodistas y el personal militar viajan a trav\u00e9s de \u00e1reas devastadas por la guerra y tambi\u00e9n pueden usarse para la defensa del hogar para proteger su propia seguridad y su cuerpo de balas y escombros.<\/p>\n","protected":false},"featured_media":6031,"comment_status":"open","ping_status":"closed","template":"","meta":[],"product_brand":[],"product_cat":[475],"product_tag":[],"woo-feed-brand":[50],"class_list":{"0":"post-8128","1":"product","2":"type-product","3":"status-publish","4":"has-post-thumbnail","6":"product_cat-chaleco-tactico","7":"woo-feed-brand-tyditiao","9":"first","10":"instock","11":"sale","12":"shipping-taxable","13":"purchasable","14":"product-type-simple"},"_links":{"self":[{"href":"https:\/\/tyditiao.com\/es\/wp-json\/wp\/v2\/product\/8128","targetHints":{"allow":["GET"]}}],"collection":[{"href":"https:\/\/tyditiao.com\/es\/wp-json\/wp\/v2\/product"}],"about":[{"href":"https:\/\/tyditiao.com\/es\/wp-json\/wp\/v2\/types\/product"}],"replies":[{"embeddable":true,"href":"https:\/\/tyditiao.com\/es\/wp-json\/wp\/v2\/comments?post=8128"}],"wp:featuredmedia":[{"embeddable":true,"href":"https:\/\/tyditiao.com\/es\/wp-json\/wp\/v2\/media\/6031"}],"wp:attachment":[{"href":"https:\/\/tyditiao.com\/es\/wp-json\/wp\/v2\/media?parent=8128"}],"wp:term":[{"taxonomy":"product_brand","embeddable":true,"href":"https:\/\/tyditiao.com\/es\/wp-json\/wp\/v2\/product_brand?post=8128"},{"taxonomy":"product_cat","embeddable":true,"href":"https:\/\/tyditiao.com\/es\/wp-json\/wp\/v2\/product_cat?post=8128"},{"taxonomy":"product_tag","embeddable":true,"href":"https:\/\/tyditiao.com\/es\/wp-json\/wp\/v2\/product_tag?post=8128"},{"taxonomy":"woo-feed-brand","embeddable":true,"href":"https:\/\/tyditiao.com\/es\/wp-json\/wp\/v2\/woo-feed-brand?post=8128"}],"curies":[{"name":"wp","href":"https:\/\/api.w.org\/{rel}","templated":true}]}}