{"id":8129,"date":"2022-10-21T05:25:40","date_gmt":"2022-10-21T03:25:40","guid":{"rendered":"http:\/\/tyditiao.com\/product\/uhmwpe-nij-nivel-iiia-7-mm-05-kg-placa-de-pecho-a-prueba-de-balas-250-x-300-mm\/"},"modified":"2026-01-25T18:08:07","modified_gmt":"2026-01-25T16:08:07","slug":"uhmwpe-nij-nivel-iiia-7mm-0-5kgn-petor-antibalas-250x300mm","status":"publish","type":"product","link":"https:\/\/tyditiao.com\/es\/producto\/uhmwpe-nij-nivel-iiia-7mm-0-5kgn-petor-antibalas-250x300mm\/","title":{"rendered":"UHMWPE, NIJ nivel IIIA, 7 mm, 0,5 kg, placa de pecho a prueba de balas, 250 x 300 mm"},"content":{"rendered":"<p>Peso: 0,5 KG<br \/>\nMaterial: PE<br \/>\nEspesor: 7MM<br \/>\nClase de protecci\u00f3n: nivel NIJ IIIA (GA4)<\/p>\n<p>Capa exterior: tejido de poli\u00e9ster impermeable negro;<br \/>\nDimensiones: 250x300mm \/ 9.8&#8217;x11.8&#8242;<br \/>\nForma: trapezoidal (tablero trapezoidal con esquinas biseladas)<\/p>\n<p>Lista de embalaje:<br \/>\n1 placa antibalas trapezoidal.<\/p>\n<p>Aviso:<br \/>\nChaleco reflectante no incluido<\/p>\n<p>Usuarios objetivo: Fuerzas Armadas, SWAT, Seguridad Nacional, Aduanas y Protecci\u00f3n Fronteriza, Control de Inmigraci\u00f3n y otros que enfrentan amenazas de armas pueden estar equipados con nuestros productos. Las personas obtienen mejores resultados y menos bajas. El producto tambi\u00e9n es m\u00e1s adecuado para situaciones como misiones de larga distancia o misiones de larga distancia. Tambi\u00e9n es una buena opci\u00f3n para la protecci\u00f3n de su propia familia.<\/p>\n","protected":false},"excerpt":{"rendered":"<p>Este revestimiento est\u00e1 hecho de fibra de PE pura: la ventaja es que es liviano y hay menos posibilidades de da\u00f1os secundarios despu\u00e9s de fre\u00edr. Una vez bloqueado, el proyectil queda incrustado en la hoja con muy baja probabilidad de rebote<\/p>\n<p>Placa antibalas de PE puro, grado NIJ IIIA: peso 0,5 kg, a prueba de plomo, tipo 54, pistola tipo 64, subfusil tipo 79<\/p>\n<p>Capa amortiguadora: hay una capa de almohadilla de algod\u00f3n EVA a prueba de golpes dentro de cada placa a prueba de balas, que puede reducir efectivamente el impacto en el cuerpo humano despu\u00e9s de ser bombardeado<\/p>\n<p>Dise\u00f1o de doble arco: el planchado mec\u00e1nico en los lados izquierdo y derecho de la tabla seg\u00fan principios ergon\u00f3micos hace que los bordes arqueados se ajusten perfectamente al cuerpo<\/p>\n","protected":false},"featured_media":5465,"comment_status":"open","ping_status":"closed","template":"","meta":[],"product_brand":[],"product_cat":[476],"product_tag":[],"woo-feed-brand":[50],"class_list":{"0":"post-8129","1":"product","2":"type-product","3":"status-publish","4":"has-post-thumbnail","6":"product_cat-placa-de-pecho-a-prueba-de-balas","7":"woo-feed-brand-tyditiao","9":"first","10":"instock","11":"sale","12":"shipping-taxable","13":"purchasable","14":"product-type-simple"},"_links":{"self":[{"href":"https:\/\/tyditiao.com\/es\/wp-json\/wp\/v2\/product\/8129","targetHints":{"allow":["GET"]}}],"collection":[{"href":"https:\/\/tyditiao.com\/es\/wp-json\/wp\/v2\/product"}],"about":[{"href":"https:\/\/tyditiao.com\/es\/wp-json\/wp\/v2\/types\/product"}],"replies":[{"embeddable":true,"href":"https:\/\/tyditiao.com\/es\/wp-json\/wp\/v2\/comments?post=8129"}],"wp:featuredmedia":[{"embeddable":true,"href":"https:\/\/tyditiao.com\/es\/wp-json\/wp\/v2\/media\/5465"}],"wp:attachment":[{"href":"https:\/\/tyditiao.com\/es\/wp-json\/wp\/v2\/media?parent=8129"}],"wp:term":[{"taxonomy":"product_brand","embeddable":true,"href":"https:\/\/tyditiao.com\/es\/wp-json\/wp\/v2\/product_brand?post=8129"},{"taxonomy":"product_cat","embeddable":true,"href":"https:\/\/tyditiao.com\/es\/wp-json\/wp\/v2\/product_cat?post=8129"},{"taxonomy":"product_tag","embeddable":true,"href":"https:\/\/tyditiao.com\/es\/wp-json\/wp\/v2\/product_tag?post=8129"},{"taxonomy":"woo-feed-brand","embeddable":true,"href":"https:\/\/tyditiao.com\/es\/wp-json\/wp\/v2\/woo-feed-brand?post=8129"}],"curies":[{"name":"wp","href":"https:\/\/api.w.org\/{rel}","templated":true}]}}