{"id":8130,"date":"2022-10-21T05:22:48","date_gmt":"2023-05-20T15:04:09","guid":{"rendered":"http:\/\/tyditiao.com\/product\/acero-a-prueba-de-balas-nij-iii-5mm-2-6kg-coraza-a-prueba-de-balas-250x300mm\/"},"modified":"2023-05-20T17:04:09","modified_gmt":"2023-05-20T15:04:09","slug":"acero-antibalas-nij-nivel-iii-5mm-2-6kg-bustier-antibalas-250x300mm","status":"publish","type":"product","link":"https:\/\/tyditiao.com\/es\/producto\/acero-antibalas-nij-nivel-iii-5mm-2-6kg-bustier-antibalas-250x300mm\/","title":{"rendered":"Acero a prueba de balas, NIJ III, 5MM, 2.6KG, Coraza a prueba de balas, 250X300MM"},"content":{"rendered":"<p>Peso: 2,6 kg<br \/>\nMaterial: acero a prueba de balas;<br \/>\nEspesor: 5MM<br \/>\nClase de protecci\u00f3n: clase NIJ III (GA5)<\/p>\n<p>Tama\u00f1o: 25 cm * 30 cm<br \/>\nForma: trapezoidal (tablero trapezoidal con esquinas biseladas)<\/p>\n<p>Lista de embalaje:<br \/>\n1 placa antibalas trapezoidal.<\/p>\n<p>Aviso:<br \/>\nChaleco reflectante no incluido<\/p>\n<p>Usuarios: defensa de la familia, personal de riesgo, defensa de divisas bancarias, personal militar extranjero, personal de conflicto armado extranjero, personal de seguridad, marineros, guardias fronterizos, etc.<\/p>\n","protected":false},"excerpt":{"rendered":"<p>Fabricado en chapa de acero especial antibalas: mismo nivel de protecci\u00f3n, con la ventaja de ser fino y ligero.<\/p>\n<p>Capa amortiguadora: hay una capa de almohadilla de algod\u00f3n EVA a prueba de golpes dentro de cada placa a prueba de balas, que puede reducir efectivamente el impacto en el cuerpo humano despu\u00e9s de ser bombardeado<\/p>\n<p>Dise\u00f1o de doble arco: el planchado mec\u00e1nico en los lados izquierdo y derecho de la tabla seg\u00fan principios ergon\u00f3micos hace que los bordes arqueados se ajusten perfectamente al cuerpo<\/p>\n<p>Aplicaci\u00f3n: Por seguridad, util\u00edcelo con chalecos t\u00e1cticos, chaquetas, mochilas bal\u00edsticas, varios chalecos antibalas, etc.<\/p>\n","protected":false},"featured_media":5357,"comment_status":"open","ping_status":"closed","template":"","meta":[],"product_brand":[],"product_cat":[476],"product_tag":[],"woo-feed-brand":[50],"class_list":{"0":"post-8130","1":"product","2":"type-product","3":"status-publish","4":"has-post-thumbnail","6":"product_cat-placa-de-pecho-a-prueba-de-balas","7":"woo-feed-brand-tyditiao","9":"first","10":"instock","11":"sale","12":"shipping-taxable","13":"purchasable","14":"product-type-simple"},"_links":{"self":[{"href":"https:\/\/tyditiao.com\/es\/wp-json\/wp\/v2\/product\/8130","targetHints":{"allow":["GET"]}}],"collection":[{"href":"https:\/\/tyditiao.com\/es\/wp-json\/wp\/v2\/product"}],"about":[{"href":"https:\/\/tyditiao.com\/es\/wp-json\/wp\/v2\/types\/product"}],"replies":[{"embeddable":true,"href":"https:\/\/tyditiao.com\/es\/wp-json\/wp\/v2\/comments?post=8130"}],"wp:featuredmedia":[{"embeddable":true,"href":"https:\/\/tyditiao.com\/es\/wp-json\/wp\/v2\/media\/5357"}],"wp:attachment":[{"href":"https:\/\/tyditiao.com\/es\/wp-json\/wp\/v2\/media?parent=8130"}],"wp:term":[{"taxonomy":"product_brand","embeddable":true,"href":"https:\/\/tyditiao.com\/es\/wp-json\/wp\/v2\/product_brand?post=8130"},{"taxonomy":"product_cat","embeddable":true,"href":"https:\/\/tyditiao.com\/es\/wp-json\/wp\/v2\/product_cat?post=8130"},{"taxonomy":"product_tag","embeddable":true,"href":"https:\/\/tyditiao.com\/es\/wp-json\/wp\/v2\/product_tag?post=8130"},{"taxonomy":"woo-feed-brand","embeddable":true,"href":"https:\/\/tyditiao.com\/es\/wp-json\/wp\/v2\/woo-feed-brand?post=8130"}],"curies":[{"name":"wp","href":"https:\/\/api.w.org\/{rel}","templated":true}]}}