{"id":8132,"date":"2022-10-21T05:17:38","date_gmt":"2023-05-20T15:04:35","guid":{"rendered":"http:\/\/tyditiao.com\/product\/aluminape-nij-nivel-iii-20mm-2kg-coraza-a-prueba-de-balas-inserto-balistico-250x300mm\/"},"modified":"2023-05-20T17:04:35","modified_gmt":"2023-05-20T15:04:35","slug":"alumina-nij-level-iii-20mm-2kg-napore-bulletproof-250x300mm","status":"publish","type":"product","link":"https:\/\/tyditiao.com\/es\/producto\/alumina-nij-level-iii-20mm-2kg-napore-bulletproof-250x300mm\/","title":{"rendered":"Al\u00famina+PE, NIJ Nivel III, 20MM, 2KG, coraza a prueba de balas, inserto bal\u00edstico 250X300MM"},"content":{"rendered":"<p>Peso: 2 kg<br \/>\nMaterial: al\u00famina + PE<br \/>\nEspesor: 20MM<br \/>\nClase de protecci\u00f3n: clase NIJ III (GA5)<\/p>\n<p>Capa exterior: tejido de poli\u00e9ster impermeable negro;<br \/>\nDimensiones: 250x300mm \/ 9.8&#8217;x11.8&#8242;<br \/>\nForma: trapezoidal (tablero trapezoidal con esquinas biseladas)<\/p>\n<p>Lista de embalaje:<br \/>\n1 placa antibalas trapezoidal.<\/p>\n<p>Aviso:<br \/>\nChaleco reflectante no incluido<\/p>\n<p>Usuarios objetivo: Fuerzas Armadas, SWAT, Seguridad Nacional, Aduanas y Protecci\u00f3n Fronteriza, Control de Inmigraci\u00f3n y otros que enfrentan amenazas de armas pueden estar equipados con nuestros productos. Las personas obtienen mejores resultados y menos bajas. El producto tambi\u00e9n es m\u00e1s adecuado para situaciones como misiones de larga distancia o misiones de larga distancia. Tambi\u00e9n es una buena opci\u00f3n para la protecci\u00f3n de su propia familia.<\/p>\n<p>Las inserciones bal\u00edsticas se utilizan a menudo en chalecos antibalas o chalecos t\u00e1cticos. Hay dos tipos de cartuchos antibalas: frontales y laterales. El panel frontal protege el pecho y la espalda, y los paneles laterales protegen los costados del cuerpo. Los chaflanes suelen proteger la parte delantera del cofre y los cuadrados protegen la espalda.<\/p>\n<p>Hay cuatro tipos de materiales de placas antibalas: acero antibalas, polietileno PE, PE+al\u00famina, PE+carburo de silicio.<\/p>\n<p>Los insertos cer\u00e1micos antibalas generalmente est\u00e1n hechos de materiales como cer\u00e1mica y polietileno PE. La regla es: cuando una bala golpea un cartucho antibalas, la bala golpea primero la parte superior de la capa de cer\u00e1mica. La enorme fuerza de impacto del proyectil se transmite al entorno, absorbiendo la enorme energ\u00eda cin\u00e9tica del proyectil. Cuando el proyectil atraviesa la capa de cer\u00e1mica, pierde la mayor parte de su energ\u00eda cin\u00e9tica. Cuando el proyectil alcanza la capa de polietileno, el polietileno disipa la energ\u00eda cin\u00e9tica del proyectil estirando y envolviendo el proyectil y los fragmentos, con poco efecto sobre el cuerpo, brindando una excelente protecci\u00f3n.<\/p>\n","protected":false},"excerpt":{"rendered":"<p>Con la misma calificaci\u00f3n bal\u00edstica, es m\u00e1s liviano que el acero y menos costoso que el carburo de silicio, por lo que la cer\u00e1mica bal\u00edstica de al\u00famina es un buen equilibrio.<\/p>\n<p>La capa superior est\u00e1 hecha de tela de poli\u00e9ster resistente al agua y el panel es impermeable y resistente a las manchas.<\/p>\n<p>Capa amortiguadora: cada placa a prueba de balas est\u00e1 unida a la capa interna de la almohadilla a prueba de golpes EVA, que puede reducir efectivamente el impacto en el cuerpo humano despu\u00e9s de la explosi\u00f3n<\/p>\n<p>Material de la placa: la capa superior es una placa de cer\u00e1mica de aluminio y la capa inferior es una placa a prueba de balas de PE;<\/p>\n","protected":false},"featured_media":5321,"comment_status":"open","ping_status":"closed","template":"","meta":[],"product_brand":[],"product_cat":[476],"product_tag":[],"woo-feed-brand":[50],"class_list":{"0":"post-8132","1":"product","2":"type-product","3":"status-publish","4":"has-post-thumbnail","6":"product_cat-placa-de-pecho-a-prueba-de-balas","7":"woo-feed-brand-tyditiao","9":"first","10":"instock","11":"sale","12":"shipping-taxable","13":"purchasable","14":"product-type-simple"},"_links":{"self":[{"href":"https:\/\/tyditiao.com\/es\/wp-json\/wp\/v2\/product\/8132","targetHints":{"allow":["GET"]}}],"collection":[{"href":"https:\/\/tyditiao.com\/es\/wp-json\/wp\/v2\/product"}],"about":[{"href":"https:\/\/tyditiao.com\/es\/wp-json\/wp\/v2\/types\/product"}],"replies":[{"embeddable":true,"href":"https:\/\/tyditiao.com\/es\/wp-json\/wp\/v2\/comments?post=8132"}],"wp:featuredmedia":[{"embeddable":true,"href":"https:\/\/tyditiao.com\/es\/wp-json\/wp\/v2\/media\/5321"}],"wp:attachment":[{"href":"https:\/\/tyditiao.com\/es\/wp-json\/wp\/v2\/media?parent=8132"}],"wp:term":[{"taxonomy":"product_brand","embeddable":true,"href":"https:\/\/tyditiao.com\/es\/wp-json\/wp\/v2\/product_brand?post=8132"},{"taxonomy":"product_cat","embeddable":true,"href":"https:\/\/tyditiao.com\/es\/wp-json\/wp\/v2\/product_cat?post=8132"},{"taxonomy":"product_tag","embeddable":true,"href":"https:\/\/tyditiao.com\/es\/wp-json\/wp\/v2\/product_tag?post=8132"},{"taxonomy":"woo-feed-brand","embeddable":true,"href":"https:\/\/tyditiao.com\/es\/wp-json\/wp\/v2\/woo-feed-brand?post=8132"}],"curies":[{"name":"wp","href":"https:\/\/api.w.org\/{rel}","templated":true}]}}