{"id":8134,"date":"2022-10-21T05:13:02","date_gmt":"2023-05-20T15:06:32","guid":{"rendered":"http:\/\/tyditiao.com\/product\/sic-pe-nij-iii-20mm-1-8kg-coraza-antibalas-inserto-balistico-250x300mm\/"},"modified":"2023-05-20T17:06:32","modified_gmt":"2023-05-20T15:06:32","slug":"sicpe-nij-nivel-iii-20mm-1-8kgn-coraza-antibalas-250x300mm","status":"publish","type":"product","link":"https:\/\/tyditiao.com\/es\/producto\/sicpe-nij-nivel-iii-20mm-1-8kgn-coraza-antibalas-250x300mm\/","title":{"rendered":"SIC + PE, NIJ III, 20MM, 1.8KG, coraza antibalas, inserto bal\u00edstico, 250X300MM"},"content":{"rendered":"<p>Peso: 1,8 KG<br \/>\nMaterial: Esqu\u00ed + PE<br \/>\nEspesor: 20MM<br \/>\nClase de protecci\u00f3n: clase NIJ III (GA5)<\/p>\n<p>Capa exterior: tejido de poli\u00e9ster impermeable negro;<br \/>\nDimensiones: 250x300mm \/ 9.8&#8217;x11.8&#8242;<br \/>\nForma: trapezoidal (tablero trapezoidal con esquinas biseladas)<\/p>\n<p>Lista de embalaje:<br \/>\n1 placa antibalas trapezoidal.<\/p>\n<p>Aviso:<br \/>\nChaleco reflectante no incluido<\/p>\n<p>Usuarios objetivo: Fuerzas Armadas, SWAT, Seguridad Nacional, Aduanas y Protecci\u00f3n Fronteriza, Control de Inmigraci\u00f3n y otros que enfrentan amenazas de armas pueden estar equipados con nuestros productos. Las personas obtienen mejores resultados y menos bajas. El producto tambi\u00e9n es m\u00e1s adecuado para situaciones como misiones de larga distancia o misiones de larga distancia. Tambi\u00e9n es una buena opci\u00f3n para la protecci\u00f3n de su propia familia.<\/p>\n<p>Las inserciones bal\u00edsticas se utilizan a menudo en chalecos antibalas o chalecos t\u00e1cticos. Hay dos tipos de cartuchos antibalas: frontales y laterales. El panel frontal protege el pecho y la espalda, y los paneles laterales protegen los costados del cuerpo. Los chaflanes suelen proteger la parte delantera del cofre y los cuadrados protegen la espalda.<\/p>\n<p>Hay cuatro tipos de materiales de placas antibalas: acero antibalas, polietileno PE, PE+al\u00famina, PE+carburo de silicio. Disponible en una variedad de modelos de materiales, esta bater\u00eda es PE + silicio puro.<\/p>\n<p>Los insertos cer\u00e1micos antibalas generalmente est\u00e1n hechos de materiales como cer\u00e1mica y polietileno PE. La regla es: cuando una bala golpea un cartucho antibalas, la bala golpea primero la parte superior de la capa de cer\u00e1mica. La enorme fuerza de impacto del proyectil se transmite al entorno, absorbiendo la enorme energ\u00eda cin\u00e9tica del proyectil. Cuando el proyectil atraviesa la capa de cer\u00e1mica, pierde la mayor parte de su energ\u00eda cin\u00e9tica. Cuando el proyectil alcanza la capa de polietileno, el polietileno disipa la energ\u00eda cin\u00e9tica del proyectil estirando y envolviendo el proyectil y los fragmentos, con poco efecto sobre el cuerpo, brindando una excelente protecci\u00f3n.<\/p>\n","protected":false},"excerpt":{"rendered":"<p>NIJ 0101.06 Placa antibalas ultraligera de carburo de silicio Grado III, se puede proporcionar el informe de prueba correspondiente.<\/p>\n<p>Proceso maduro: mostrar\u00e1 un rendimiento protector estable y excelente.<\/p>\n<p>M\u00e1s ligero y m\u00e1s conveniente que los paneles de cer\u00e1mica de al\u00famina.<\/p>\n<p>La capa superior est\u00e1 hecha de tela de poli\u00e9ster resistente al agua y el panel es impermeable y resistente a las manchas.<\/p>\n","protected":false},"featured_media":5393,"comment_status":"open","ping_status":"closed","template":"","meta":[],"product_brand":[],"product_cat":[476],"product_tag":[],"woo-feed-brand":[50],"class_list":{"0":"post-8134","1":"product","2":"type-product","3":"status-publish","4":"has-post-thumbnail","6":"product_cat-placa-de-pecho-a-prueba-de-balas","7":"woo-feed-brand-tyditiao","9":"first","10":"instock","11":"sale","12":"shipping-taxable","13":"purchasable","14":"product-type-simple"},"_links":{"self":[{"href":"https:\/\/tyditiao.com\/es\/wp-json\/wp\/v2\/product\/8134","targetHints":{"allow":["GET"]}}],"collection":[{"href":"https:\/\/tyditiao.com\/es\/wp-json\/wp\/v2\/product"}],"about":[{"href":"https:\/\/tyditiao.com\/es\/wp-json\/wp\/v2\/types\/product"}],"replies":[{"embeddable":true,"href":"https:\/\/tyditiao.com\/es\/wp-json\/wp\/v2\/comments?post=8134"}],"wp:featuredmedia":[{"embeddable":true,"href":"https:\/\/tyditiao.com\/es\/wp-json\/wp\/v2\/media\/5393"}],"wp:attachment":[{"href":"https:\/\/tyditiao.com\/es\/wp-json\/wp\/v2\/media?parent=8134"}],"wp:term":[{"taxonomy":"product_brand","embeddable":true,"href":"https:\/\/tyditiao.com\/es\/wp-json\/wp\/v2\/product_brand?post=8134"},{"taxonomy":"product_cat","embeddable":true,"href":"https:\/\/tyditiao.com\/es\/wp-json\/wp\/v2\/product_cat?post=8134"},{"taxonomy":"product_tag","embeddable":true,"href":"https:\/\/tyditiao.com\/es\/wp-json\/wp\/v2\/product_tag?post=8134"},{"taxonomy":"woo-feed-brand","embeddable":true,"href":"https:\/\/tyditiao.com\/es\/wp-json\/wp\/v2\/woo-feed-brand?post=8134"}],"curies":[{"name":"wp","href":"https:\/\/api.w.org\/{rel}","templated":true}]}}