{"id":8135,"date":"2022-10-21T05:10:23","date_gmt":"2022-10-21T03:10:23","guid":{"rendered":"http:\/\/tyditiao.com\/product\/sicpe-nij-nivel-iv-23mm-2-5kg-inserto-balistico-de-coraza-a-prueba-de-balas-250x300mm\/"},"modified":"2025-03-17T11:29:51","modified_gmt":"2025-03-17T09:29:51","slug":"sicpe-nij-nivel-iv-23mm-2-5kgn-petor-antibalas-250x300mm","status":"publish","type":"product","link":"https:\/\/tyditiao.com\/es\/producto\/sicpe-nij-nivel-iv-23mm-2-5kgn-petor-antibalas-250x300mm\/","title":{"rendered":"SIC+PE, NIJ Nivel IV, 23MM, 2.5KG, inserto bal\u00edstico de coraza a prueba de balas, 250X300MM"},"content":{"rendered":"<p>Nombre: Placa antibalas ultraligera de carburo de silicio NIJ Grado IV<\/p>\n<p>Est\u00e1ndar: NIJ 0101.06 Clase IV, podemos proporcionar el informe de prueba correspondiente.<\/p>\n<p>Material: SiC + UHMW-PE<\/p>\n<p>Peso: 2,5 KG + 0,05 KG \/ 2,20 + 0,11 LB<\/p>\n<p>Espesor: 23 mm<\/p>\n<p>Capa exterior: tejido de poli\u00e9ster impermeable negro;<br \/>\nDimensiones: 250x300mm \/ 9.8&#8217;x11.8&#8242;<br \/>\nForma: trapezoidal (tablero trapezoidal con esquinas biseladas)<\/p>\n<p>Lista de embalaje:<br \/>\n1 placa antibalas trapezoidal.<\/p>\n<p>Aviso:<br \/>\nChaleco reflectante no incluido<\/p>\n<p>Usuarios objetivo: Placas antibalas NIJ Clase IV Superlight Sic para uso contra amenazas relacionadas con armas. Las fuerzas armadas, las agencias SWAT, las agencias de seguridad interna, las agencias de aduanas y protecci\u00f3n fronteriza, las agencias de control de inmigraci\u00f3n y otras agencias en riesgo de armas de fuego pueden estar equipadas con nuestros productos. Las personas obtienen mejores resultados y menos bajas. El producto tambi\u00e9n es m\u00e1s adecuado para situaciones como misiones de larga distancia o misiones de larga distancia. Tambi\u00e9n es una buena opci\u00f3n para la protecci\u00f3n de su propia familia.<\/p>\n<p><!--m\u00e1s--><\/p>\n<p>Par\u00e1metros de proyectiles contra los que NIJ IV puede defenderse:<\/p>\n<p>Carcasa totalmente met\u00e1lica 7,62 x 51 mm M80 (FMJ) \/ bola NATO;<\/p>\n<p>7,62 x 39 mm AK47 N\u00facleo de plomo (LC) \/ N\u00facleo de acero dulce (MSC);<\/p>\n<p>5,56 x 45 mm M193 Plomo (LC) \/ Bola NATO SS109;<\/p>\n<p>Las inserciones bal\u00edsticas se utilizan a menudo en chalecos antibalas o chalecos t\u00e1cticos. Hay dos tipos de cartuchos antibalas: frontales y laterales. El panel frontal protege el pecho y la espalda, y los paneles laterales protegen los costados del cuerpo. Los chaflanes suelen proteger la parte delantera del cofre y los cuadrados protegen la espalda.<\/p>\n<p>Hay cuatro tipos de materiales de placas antibalas: acero antibalas, polietileno PE, PE+al\u00famina, PE+carburo de silicio. Disponible en una variedad de modelos de materiales, esta bater\u00eda es PE + silicio puro.<\/p>\n<p>Los insertos cer\u00e1micos antibalas generalmente est\u00e1n hechos de materiales como cer\u00e1mica y polietileno PE. La regla es: cuando una bala golpea un cartucho antibalas, la bala golpea primero la parte superior de la capa de cer\u00e1mica. La enorme fuerza de impacto del proyectil se transmite al entorno, absorbiendo la enorme energ\u00eda cin\u00e9tica del proyectil. Cuando el proyectil atraviesa la capa de cer\u00e1mica, pierde la mayor parte de su energ\u00eda cin\u00e9tica. Cuando el proyectil alcanza la capa de polietileno, el polietileno disipa la energ\u00eda cin\u00e9tica del proyectil estirando y envolviendo el proyectil y los fragmentos, con poco efecto sobre el cuerpo, brindando una excelente protecci\u00f3n.<\/p>\n","protected":false},"excerpt":{"rendered":"<p>Placa bal\u00edstica ultraligera hecha de carburo de silicio NIJ de grado IV que puede resistir la amenaza de los cartuchos de rifle convencionales.<\/p>\n<p>Proceso maduro: mostrar\u00e1 un rendimiento protector estable y excelente.<\/p>\n<p>M\u00e1s ligero y m\u00e1s conveniente que los paneles de cer\u00e1mica de al\u00famina.<\/p>\n<p>La capa superior est\u00e1 hecha de tela de poli\u00e9ster resistente al agua y el panel es impermeable y resistente a las manchas.<\/p>\n","protected":false},"featured_media":5411,"comment_status":"open","ping_status":"closed","template":"","meta":[],"product_brand":[],"product_cat":[476],"product_tag":[],"woo-feed-brand":[50],"class_list":{"0":"post-8135","1":"product","2":"type-product","3":"status-publish","4":"has-post-thumbnail","6":"product_cat-placa-de-pecho-a-prueba-de-balas","7":"woo-feed-brand-tyditiao","9":"first","10":"instock","11":"sale","12":"shipping-taxable","13":"purchasable","14":"product-type-simple"},"_links":{"self":[{"href":"https:\/\/tyditiao.com\/es\/wp-json\/wp\/v2\/product\/8135","targetHints":{"allow":["GET"]}}],"collection":[{"href":"https:\/\/tyditiao.com\/es\/wp-json\/wp\/v2\/product"}],"about":[{"href":"https:\/\/tyditiao.com\/es\/wp-json\/wp\/v2\/types\/product"}],"replies":[{"embeddable":true,"href":"https:\/\/tyditiao.com\/es\/wp-json\/wp\/v2\/comments?post=8135"}],"wp:featuredmedia":[{"embeddable":true,"href":"https:\/\/tyditiao.com\/es\/wp-json\/wp\/v2\/media\/5411"}],"wp:attachment":[{"href":"https:\/\/tyditiao.com\/es\/wp-json\/wp\/v2\/media?parent=8135"}],"wp:term":[{"taxonomy":"product_brand","embeddable":true,"href":"https:\/\/tyditiao.com\/es\/wp-json\/wp\/v2\/product_brand?post=8135"},{"taxonomy":"product_cat","embeddable":true,"href":"https:\/\/tyditiao.com\/es\/wp-json\/wp\/v2\/product_cat?post=8135"},{"taxonomy":"product_tag","embeddable":true,"href":"https:\/\/tyditiao.com\/es\/wp-json\/wp\/v2\/product_tag?post=8135"},{"taxonomy":"woo-feed-brand","embeddable":true,"href":"https:\/\/tyditiao.com\/es\/wp-json\/wp\/v2\/woo-feed-brand?post=8135"}],"curies":[{"name":"wp","href":"https:\/\/api.w.org\/{rel}","templated":true}]}}