{"id":8137,"date":"2022-10-18T05:26:18","date_gmt":"2022-10-18T03:26:18","guid":{"rendered":"http:\/\/tyditiao.com\/product\/chaleco-tactico-exterior-de-liberacion-rapida-chaleco-tactico-cs-con-placa-antibalas-2xpe-iiia-10x12\/"},"modified":"2025-03-17T11:27:31","modified_gmt":"2025-03-17T09:27:31","slug":"zewnetrzna-chaleco-tactico-con-liberacion-rapida-chaleco-tactico-cs-con-placa-antibalas-2xpe-iiia-10x12","status":"publish","type":"product","link":"https:\/\/tyditiao.com\/es\/producto\/zewnetrzna-chaleco-tactico-con-liberacion-rapida-chaleco-tactico-cs-con-placa-antibalas-2xpe-iiia-10x12\/","title":{"rendered":"Chaleco t\u00e1ctico exterior de liberaci\u00f3n r\u00e1pida, chaleco t\u00e1ctico CS con placa antibalas 2XPE IIIA 10&#215;12"},"content":{"rendered":"<p>Los lados y los hombros de este producto son ajustables con velcro, por lo que los usuarios de cualquier tama\u00f1o pueden usarlo.<br \/>\nCapa interna: material de alta resistencia, impermeable, de larga duraci\u00f3n y estable.<br \/>\nCapa exterior: Oxford, algod\u00f3n o nailon, resistente a la abrasi\u00f3n, resistente a las manchas y duradero.<br \/>\nLa chaqueta se puede equipar con inserciones bal\u00edsticas para una protecci\u00f3n adicional.<\/p>\n<p>Nivel de defensa: placa antibalas de PE predeterminada, NIJIIIA,<br \/>\nInserto de protecci\u00f3n: UHMW-PE<br \/>\nEspesor:~8mm\/~0.3&#8242;<br \/>\nValidez: 5 a\u00f1os<br \/>\nTipos de proyectiles contra los que se puede defender:<br \/>\nRevestimiento de metal completo de 9 mm (FMJ) \/ Cabeza redonda (RN)<br \/>\n.44 Punta hueca de chaqueta universal (JHP)<\/p>\n<p>Usuarios objetivo:<br \/>\nLos chalecos antibalas ocultos NIJ Clase IIIA protegen contra los peligros relacionados con las armas. Y tiene m\u00e1s accesorios y ocupa un \u00e1rea m\u00e1s grande. El tama\u00f1o se puede ajustar con velcro en los lados y los hombros. Nuestros productos pueden equiparse con fuerzas armadas, agencias SWAT, agencias de seguridad interna, agencias de aduanas y protecci\u00f3n fronteriza, agencias de control de inmigraci\u00f3n y otras agencias con riesgo de armas de fuego. Las personas obtienen mejores resultados y menos v\u00edctimas.<\/p>\n","protected":false},"excerpt":{"rendered":"<p>Realice la liberaci\u00f3n r\u00e1pida: la hebilla de liberaci\u00f3n r\u00e1pida de la cintura es f\u00e1cil de operar.<\/p>\n<p>Amplio almacenamiento: bolsillo oculto incorporado y el bolsillo de utilidad se puede instalar o quitar seg\u00fan sus necesidades.<\/p>\n<p>Equipado con placas antibalas NIJ IIIA delanteras y traseras: puede hacer frente a la amenaza de las balas de pistola.<\/p>\n<p>TALLA AJUSTABLE: Talla ajustable con velcro en los costados y hombros.<\/p>\n","protected":false},"featured_media":5169,"comment_status":"open","ping_status":"closed","template":"","meta":[],"product_brand":[],"product_cat":[475],"product_tag":[],"woo-feed-brand":[50],"class_list":{"0":"post-8137","1":"product","2":"type-product","3":"status-publish","4":"has-post-thumbnail","6":"product_cat-chaleco-tactico","7":"woo-feed-brand-tyditiao","9":"first","10":"instock","11":"sale","12":"shipping-taxable","13":"purchasable","14":"product-type-simple"},"_links":{"self":[{"href":"https:\/\/tyditiao.com\/es\/wp-json\/wp\/v2\/product\/8137","targetHints":{"allow":["GET"]}}],"collection":[{"href":"https:\/\/tyditiao.com\/es\/wp-json\/wp\/v2\/product"}],"about":[{"href":"https:\/\/tyditiao.com\/es\/wp-json\/wp\/v2\/types\/product"}],"replies":[{"embeddable":true,"href":"https:\/\/tyditiao.com\/es\/wp-json\/wp\/v2\/comments?post=8137"}],"wp:featuredmedia":[{"embeddable":true,"href":"https:\/\/tyditiao.com\/es\/wp-json\/wp\/v2\/media\/5169"}],"wp:attachment":[{"href":"https:\/\/tyditiao.com\/es\/wp-json\/wp\/v2\/media?parent=8137"}],"wp:term":[{"taxonomy":"product_brand","embeddable":true,"href":"https:\/\/tyditiao.com\/es\/wp-json\/wp\/v2\/product_brand?post=8137"},{"taxonomy":"product_cat","embeddable":true,"href":"https:\/\/tyditiao.com\/es\/wp-json\/wp\/v2\/product_cat?post=8137"},{"taxonomy":"product_tag","embeddable":true,"href":"https:\/\/tyditiao.com\/es\/wp-json\/wp\/v2\/product_tag?post=8137"},{"taxonomy":"woo-feed-brand","embeddable":true,"href":"https:\/\/tyditiao.com\/es\/wp-json\/wp\/v2\/woo-feed-brand?post=8137"}],"curies":[{"name":"wp","href":"https:\/\/api.w.org\/{rel}","templated":true}]}}