{"id":8138,"date":"2022-10-12T08:35:45","date_gmt":"2022-10-12T06:35:45","guid":{"rendered":"http:\/\/tyditiao.com\/product\/mascara-balistica-transparente-nij-iiia-desmontable-para-cascos-con-rieles-en-ambos-lados\/"},"modified":"2025-03-17T11:26:55","modified_gmt":"2025-03-17T09:26:55","slug":"mascara-antibalas-transparente-nij-iiia-extraible-para-helmow-con-rieles-en-ambos-lados-wendy-fast-etc","status":"publish","type":"product","link":"https:\/\/tyditiao.com\/es\/producto\/mascara-antibalas-transparente-nij-iiia-extraible-para-helmow-con-rieles-en-ambos-lados-wendy-fast-etc\/","title":{"rendered":"M\u00e1scara bal\u00edstica transparente NIJ IIIA desmontable para cascos con rieles en ambos lados"},"content":{"rendered":"<p>La m\u00e1scara bal\u00edstica extra\u00edble es una nueva m\u00e1scara bal\u00edstica de clase IIIA que se adhiere a un casco bal\u00edstico.<\/p>\n<p>Este producto es adecuado para cascos con rieles en ambos lados. Por ejemplo: WENDY, R\u00c1PIDO, etc.<\/p>\n<p>Clase de protecci\u00f3n: nivel NIJ IIIA<\/p>\n<p>Peso: 1,50 kg (3,31 libras)<\/p>\n<p>Material: policarbonato, PMMA, etc.<\/p>\n<p>Tama\u00f1o: 350 mm (L) * 145 mm (H)<\/p>\n<p>Grosor de la m\u00e1scara: 22 mm<\/p>\n<p>Brillo: 83,9%<\/p>\n<p>Validez: 5 a\u00f1os<\/p>\n<p>Si necesita un casco a prueba de balas, vaya a nuestra tienda para comprarlo. \u00a1Gracias!<\/p>\n<p>Detalles de empaquetado: 1 * protector facial a prueba de balas (casco no incluido)<\/p>\n","protected":false},"excerpt":{"rendered":"<p>El material principal est\u00e1 hecho de PC de resina de policarbonato transparente de alta calidad y compuesto tipo s\u00e1ndwich de tablero acr\u00edlico, con alta definici\u00f3n, sin salpicaduras, buen efecto a prueba de balas<\/p>\n<p>El soporte de la m\u00e1scara antibalas est\u00e1 hecho de acero y materiales de alta resistencia, que se pueden ajustar de manera estable a diferentes \u00e1ngulos<\/p>\n<p>Hemos cooperado profundamente con los proveedores de log\u00edstica y podemos garantizar la entrega de productos a casi todos los pa\u00edses y regiones, y todos los productos pedidos en el sitio web de nuestra f\u00e1brica est\u00e1n libres de gastos de env\u00edo.<\/p>\n","protected":false},"featured_media":5046,"comment_status":"open","ping_status":"closed","template":"","meta":[],"product_brand":[],"product_cat":[478],"product_tag":[],"woo-feed-brand":[50],"class_list":{"0":"post-8138","1":"product","2":"type-product","3":"status-publish","4":"has-post-thumbnail","6":"product_cat-mascara-balistica","7":"product_shipping_class-0-3-kg-es","8":"woo-feed-brand-tyditiao","10":"first","11":"instock","12":"sale","13":"shipping-taxable","14":"purchasable","15":"product-type-simple"},"_links":{"self":[{"href":"https:\/\/tyditiao.com\/es\/wp-json\/wp\/v2\/product\/8138","targetHints":{"allow":["GET"]}}],"collection":[{"href":"https:\/\/tyditiao.com\/es\/wp-json\/wp\/v2\/product"}],"about":[{"href":"https:\/\/tyditiao.com\/es\/wp-json\/wp\/v2\/types\/product"}],"replies":[{"embeddable":true,"href":"https:\/\/tyditiao.com\/es\/wp-json\/wp\/v2\/comments?post=8138"}],"wp:featuredmedia":[{"embeddable":true,"href":"https:\/\/tyditiao.com\/es\/wp-json\/wp\/v2\/media\/5046"}],"wp:attachment":[{"href":"https:\/\/tyditiao.com\/es\/wp-json\/wp\/v2\/media?parent=8138"}],"wp:term":[{"taxonomy":"product_brand","embeddable":true,"href":"https:\/\/tyditiao.com\/es\/wp-json\/wp\/v2\/product_brand?post=8138"},{"taxonomy":"product_cat","embeddable":true,"href":"https:\/\/tyditiao.com\/es\/wp-json\/wp\/v2\/product_cat?post=8138"},{"taxonomy":"product_tag","embeddable":true,"href":"https:\/\/tyditiao.com\/es\/wp-json\/wp\/v2\/product_tag?post=8138"},{"taxonomy":"woo-feed-brand","embeddable":true,"href":"https:\/\/tyditiao.com\/es\/wp-json\/wp\/v2\/woo-feed-brand?post=8138"}],"curies":[{"name":"wp","href":"https:\/\/api.w.org\/{rel}","templated":true}]}}