{"id":8140,"date":"2022-10-11T12:39:23","date_gmt":"2022-10-11T10:39:23","guid":{"rendered":"http:\/\/tyditiao.com\/product\/media-mascara-a-prueba-de-balas-kevlar-nij-iiia-mascara-facial-a-prueba-de-balas-de-aramida-para-casco-tactico-a-prueba-de-balas\/"},"modified":"2025-11-09T18:32:55","modified_gmt":"2025-11-09T16:32:55","slug":"balistic-kevlar-nij-iiia-aramid-balistic-mask-fit-with-tactical-balistic-helmet-wendy-quick-michigan-fit","status":"publish","type":"product","link":"https:\/\/tyditiao.com\/es\/producto\/balistic-kevlar-nij-iiia-aramid-balistic-mask-fit-with-tactical-balistic-helmet-wendy-quick-michigan-fit\/","title":{"rendered":"Media m\u00e1scara a prueba de balas Kevlar NIJ IIIA, m\u00e1scara facial a prueba de balas de aramida para casco t\u00e1ctico a prueba de balas"},"content":{"rendered":"<p>Peso: 0,68 kg<\/p>\n<p>Material: Aramida<\/p>\n<p>Espesor: aramida de 8 mm de espesor y revestimiento de 1 mm<\/p>\n<p>Clase de protecci\u00f3n: NIJ 0101.06 nivel IIIA<\/p>\n<p>Tama\u00f1o: talla \u00fanica<\/p>\n<p>Validez: 5 a\u00f1os<\/p>\n<p>Escenarios aplicables: protecci\u00f3n del hogar, seguridad, equipo policial, combate real, cosplay<\/p>\n<p>Servicio OEM\/ODM disponible a pedido<\/p>\n<p>&nbsp;<\/p>\n<p>Lista de embalaje: 1 m\u00e1scara antibalas de media cara.<\/p>\n","protected":false},"excerpt":{"rendered":"<p>Material: fabricado con fibras de Kevlar ligeras y avanzadas que son 15 veces m\u00e1s resistentes que el acero para minimizar la amenaza de las balas<\/p>\n<p>Dise\u00f1o ergon\u00f3mico \u00fanico: diadema de nailon ajustable de 6 puntos y acolchado adicional que se adaptan a cualquier forma de cabeza y mejoran la comodidad de uso<\/p>\n<p>Buena adaptabilidad: se puede usar con FAST, WENDY, MICH y otros cascos antibalas, cubriendo completamente la cara del usuario<\/p>\n<p>Usos aplicables: protecci\u00f3n del hogar, militares, personal involucrado en operaciones peligrosas, entrenamiento de campo, guardaespaldas, personal involucrado en operaciones peligrosas en \u00e1reas de conflicto armado en el extranjero<\/p>\n","protected":false},"featured_media":4896,"comment_status":"open","ping_status":"closed","template":"","meta":[],"product_brand":[],"product_cat":[478],"product_tag":[],"woo-feed-brand":[50],"class_list":{"0":"post-8140","1":"product","2":"type-product","3":"status-publish","4":"has-post-thumbnail","6":"product_cat-mascara-balistica","7":"product_shipping_class-0-3-kg-es","8":"woo-feed-brand-tyditiao","10":"first","11":"instock","12":"sale","13":"shipping-taxable","14":"purchasable","15":"product-type-simple"},"_links":{"self":[{"href":"https:\/\/tyditiao.com\/es\/wp-json\/wp\/v2\/product\/8140","targetHints":{"allow":["GET"]}}],"collection":[{"href":"https:\/\/tyditiao.com\/es\/wp-json\/wp\/v2\/product"}],"about":[{"href":"https:\/\/tyditiao.com\/es\/wp-json\/wp\/v2\/types\/product"}],"replies":[{"embeddable":true,"href":"https:\/\/tyditiao.com\/es\/wp-json\/wp\/v2\/comments?post=8140"}],"wp:featuredmedia":[{"embeddable":true,"href":"https:\/\/tyditiao.com\/es\/wp-json\/wp\/v2\/media\/4896"}],"wp:attachment":[{"href":"https:\/\/tyditiao.com\/es\/wp-json\/wp\/v2\/media?parent=8140"}],"wp:term":[{"taxonomy":"product_brand","embeddable":true,"href":"https:\/\/tyditiao.com\/es\/wp-json\/wp\/v2\/product_brand?post=8140"},{"taxonomy":"product_cat","embeddable":true,"href":"https:\/\/tyditiao.com\/es\/wp-json\/wp\/v2\/product_cat?post=8140"},{"taxonomy":"product_tag","embeddable":true,"href":"https:\/\/tyditiao.com\/es\/wp-json\/wp\/v2\/product_tag?post=8140"},{"taxonomy":"woo-feed-brand","embeddable":true,"href":"https:\/\/tyditiao.com\/es\/wp-json\/wp\/v2\/woo-feed-brand?post=8140"}],"curies":[{"name":"wp","href":"https:\/\/api.w.org\/{rel}","templated":true}]}}