{"id":8141,"date":"2022-06-13T04:38:14","date_gmt":"2023-05-20T15:08:17","guid":{"rendered":"http:\/\/tyditiao.com\/product\/casco-de-proteccion-militar-casco-de-kevlar-clase-iiia-casco-tactico-militar-balistico-wendy-negro\/"},"modified":"2023-05-20T17:08:17","modified_gmt":"2023-05-20T15:08:17","slug":"wendy-casco-antibalas-kevlar-casco-tactico-negro","status":"publish","type":"product","link":"https:\/\/tyditiao.com\/es\/producto\/wendy-casco-antibalas-kevlar-casco-tactico-negro\/","title":{"rendered":"Casco de protecci\u00f3n militar, casco de Kevlar Clase IIIA, casco t\u00e1ctico militar bal\u00edstico wendy, negro"},"content":{"rendered":"<p>El casco de protecci\u00f3n militar t\u00e1ctico wendy NIJ IIIA est\u00e1 dise\u00f1ado para ser s\u00faper ligero y muy c\u00f3modo de llevar. El ajuste r\u00e1pido y f\u00e1cil con una sola mano garantiza un ajuste preciso. Tambi\u00e9n est\u00e1 equipado con almohadillas absorbentes de energ\u00eda de alta calidad, que pueden absorber de manera efectiva la fuerza del impacto, reducir la deformaci\u00f3n del cuerpo del casco despu\u00e9s del impacto de la bala y reducir la tasa de lesiones y la gravedad del usuario. El casco t\u00e1ctico militar wendy est\u00e1 equipado con rieles de montaje universales y un reposacabezas, lo que brinda a Wendy mayores posibilidades. Comparado con el casco antibalas MICH, el peso m\u00e1s ligero significa que no necesita agregar m\u00e1s carga a la cabeza, pero puede usarse para transportar equipos m\u00e1s modernos, que son m\u00e1s adecuados para el intercambio de informaci\u00f3n entre equipos.<\/p>\n<hr>\n<p><strong>Clase de defensa:<\/strong><\/p>\n<p>Este casco a prueba de balas es un casco a prueba de balas NIJ Nivel IIIA seg\u00fan el est\u00e1ndar NIJ 0101.06, y se puede proporcionar el informe de prueba correspondiente.<\/p>\n<hr>\n<p><strong>Par\u00e1metros del proyectil de defensa:<\/strong><\/p>\n<p>.44 Mag SJHP<br \/>\n.357 SIG FMJ FN<br \/>\nFMJ RN de 9 mm<br \/>\n.357 Mag JSP<br \/>\n.40 S&#038;W FMJ<\/p>\n<p>Tambi\u00e9n proporciona protecci\u00f3n contra la mayor\u00eda de las amenazas de armas de fuego, as\u00ed como las amenazas de Clase IIA y II.<\/p>\n<hr>\n<p><strong>Par\u00e1metros del casco antibalas:<\/strong><br \/>\nNombre: Casco protector militar t\u00e1ctico de Wendy&#8217;s NIJ IIIA<\/p>\n<p>Material: fibra de aramida Kevlar-DuPont de alta resistencia<\/p>\n<p>Circunferencia de la cabeza: 52-60 cm<\/p>\n<p>Forro: las almohadillas de impacto de espuma Zorbium lo mantienen fresco y seco con un forro impermeable y c\u00f3modo y un revestimiento antibacteriano que absorbe el sudor. Ofrece menos de la mitad de la fuerza requerida para impactos repetitivos en todas las condiciones ambientales. El casco viene de serie con tres almohadillas de impacto adicionales y ocho almohadillas ajustables que se pueden instalar de manera flexible de acuerdo con los requisitos del usuario para un ajuste y comodidad \u00f3ptimos.<\/p>\n<p>Accesorios opcionales: m\u00e1scaras de ox\u00edgeno inflables, pantallas faciales, protectores laterales, protectores laterales blindados, escudos protectores, protectores de casco, m\u00e1scaras antibalas, etc.<\/p>\n<p>Color del casco: negro<br \/>\nEl MICH es un casco que detiene los disparos de pistola y brinda una protecci\u00f3n confiable contra los escombros y la ca\u00edda de escombros.<br \/>\nreducir\u00e1 la protecci\u00f3n.<\/p>\n<hr>\n<p><strong>\u00abPara las personas:<\/strong><br \/>\nEl casco bal\u00edstico NIJ lllA Kevlar WENDY maneja las amenazas de pistola y metralla, tiene una mayor conectividad de accesorios, es m\u00e1s liviano y m\u00e1s c\u00f3modo de usar. Este casco es apto para todo tipo de usuarios. El personal de agencias como el ej\u00e9rcito, la polic\u00eda, SWAT, seguridad interna, aduanas y guardias fronterizos puede equiparse con capacidades de combate mejoradas. Tambi\u00e9n es una buena opci\u00f3n para la protecci\u00f3n del hogar y el cosplay.<\/p>\n<hr>\n<p>Aqu\u00ed est\u00e1 nuestra tienda de cascos protectores t\u00e1cticos con un 15 % de descuento en la plataforma Allegro.<\/p>\n<p>Si desea comprar nuestros productos o tiene alguna pregunta sobre nuestros productos, por favor (<a href=\"http:\/\/tyditiao.com\/es\/contact\/\">cont\u00e1ctenos<\/a>) a la brevedad, le responderemos dentro de 1 d\u00eda laborable. Si desea pedir m\u00e1s de 5 cascos antibalas al mismo tiempo, obtendr\u00e1 un descuento adicional;<\/p>\n<p>&nbsp;<\/p>\n","protected":false},"excerpt":{"rendered":"<p>Buen rendimiento a prueba de balas: NIJ Nivel lllA, perfecta protecci\u00f3n para la cabeza.<\/p>\n<p>C\u00f3modo de llevar: el sill\u00edn Zorbium Foam Impact tiene un forro impermeable y un revestimiento antibacteriano que absorbe la humedad para mantenerte fresco y seco mientras lo llevas puesto.<\/p>\n<p>AJUSTE F\u00c1CIL: El sistema de sujeci\u00f3n de casco militar ligero CAM FIT con sistema de cierre BOA proporciona un ajuste r\u00e1pido y f\u00e1cil con una sola mano y un ajuste preciso.<\/p>\n<p>BUENA CALIDAD: El casco protector militar t\u00e1ctico de Wendy&#8217;s NIJ IIIA est\u00e1 hecho de fibra de aramida DuPont Kevlar muy duradera, resistente al calor y no se deformar\u00e1<\/p>\n<p>Buena extensibilidad: el sistema de fijaci\u00f3n Rail 2.0 es compatible con todas las fijaciones EXFIL Rail 2.0. Los rieles de montaje del card\u00e1n de doble cara y el card\u00e1n frontal son f\u00e1ciles de instalar y configurar, auriculares, luces de pistola, c\u00e1maras, luces estrobosc\u00f3picas, dispositivos de visi\u00f3n nocturna, c\u00e1maras GoPro y anteojos NVG.<\/p>\n","protected":false},"featured_media":3290,"comment_status":"closed","ping_status":"closed","template":"","meta":[],"product_brand":[],"product_cat":[473,176],"product_tag":[],"woo-feed-brand":[50],"class_list":{"0":"post-8141","1":"product","2":"type-product","3":"status-publish","4":"has-post-thumbnail","6":"product_cat-casco-antibalas","7":"product_cat-wendy-es","8":"woo-feed-brand-tyditiao","10":"first","11":"instock","12":"sale","13":"shipping-taxable","14":"purchasable","15":"product-type-simple"},"_links":{"self":[{"href":"https:\/\/tyditiao.com\/es\/wp-json\/wp\/v2\/product\/8141","targetHints":{"allow":["GET"]}}],"collection":[{"href":"https:\/\/tyditiao.com\/es\/wp-json\/wp\/v2\/product"}],"about":[{"href":"https:\/\/tyditiao.com\/es\/wp-json\/wp\/v2\/types\/product"}],"replies":[{"embeddable":true,"href":"https:\/\/tyditiao.com\/es\/wp-json\/wp\/v2\/comments?post=8141"}],"wp:featuredmedia":[{"embeddable":true,"href":"https:\/\/tyditiao.com\/es\/wp-json\/wp\/v2\/media\/3290"}],"wp:attachment":[{"href":"https:\/\/tyditiao.com\/es\/wp-json\/wp\/v2\/media?parent=8141"}],"wp:term":[{"taxonomy":"product_brand","embeddable":true,"href":"https:\/\/tyditiao.com\/es\/wp-json\/wp\/v2\/product_brand?post=8141"},{"taxonomy":"product_cat","embeddable":true,"href":"https:\/\/tyditiao.com\/es\/wp-json\/wp\/v2\/product_cat?post=8141"},{"taxonomy":"product_tag","embeddable":true,"href":"https:\/\/tyditiao.com\/es\/wp-json\/wp\/v2\/product_tag?post=8141"},{"taxonomy":"woo-feed-brand","embeddable":true,"href":"https:\/\/tyditiao.com\/es\/wp-json\/wp\/v2\/woo-feed-brand?post=8141"}],"curies":[{"name":"wp","href":"https:\/\/api.w.org\/{rel}","templated":true}]}}