{"id":8143,"date":"2022-06-13T04:32:01","date_gmt":"2022-06-13T02:32:01","guid":{"rendered":"http:\/\/tyditiao.com\/product\/nuevo-casco-kevlar-casco-militar-clase-iiia-casco-militar-de-combate-equipo-wendy-verde\/"},"modified":"2025-03-17T11:25:44","modified_gmt":"2025-03-17T09:25:44","slug":"wendys-bulletproof-helmet-kevlar-helmet-tactical-green","status":"publish","type":"product","link":"https:\/\/tyditiao.com\/es\/producto\/wendys-bulletproof-helmet-kevlar-helmet-tactical-green\/","title":{"rendered":"Nuevo Casco Kevlar, Casco Militar Clase IIIA, Casco Militar de Combate Equipo Wendy, Verde"},"content":{"rendered":"<p>Casco de soldado ligero El casco de Wendy est\u00e1 dise\u00f1ado para ser superligero y muy c\u00f3modo de llevar. Tambi\u00e9n est\u00e1 equipado con inserciones absorbentes de energ\u00eda de alta calidad, que pueden absorber efectivamente la fuerza del impacto, reducir la deformaci\u00f3n del cuerpo del casco cuando la bala golpea el casco y reducir la tasa y el grado de lesi\u00f3n del usuario. Doble cara con rieles de montaje de dispositivos universales y un soporte de card\u00e1n en la parte frontal, lo que permite a Wendy crear m\u00e1s posibilidades.<\/p>\n<hr \/>\n<p><strong>Clase de defensa:<\/strong><\/p>\n<p>Este casco a prueba de balas es un casco a prueba de balas NIJ Nivel IIIA seg\u00fan el est\u00e1ndar NIJ 0101.06, y se puede proporcionar el informe de prueba correspondiente.<\/p>\n<hr \/>\n<p><strong>Par\u00e1metros del proyectil de defensa:<\/strong><\/p>\n<p>.44 Mag SJHP<br \/>\n.357 SIG FMJ FN<br \/>\nFMJ RN de 9 mm<br \/>\n.357 Mag JSP<br \/>\n.40 S&amp;W FMJ<\/p>\n<p>Tambi\u00e9n proporciona protecci\u00f3n contra la mayor\u00eda de las amenazas de armas de fuego, as\u00ed como las amenazas de Clase IIA y II.<\/p>\n<hr \/>\n<p><strong>Par\u00e1metros del casco antibalas:<\/strong><br \/>\nNombre: casco antibalas NIJ lllA WENDY<\/p>\n<p>Material: fibra de aramida Kevlar-DuPont de alta resistencia<br \/>\nCircunferencia de la cabeza: 52-60 cm<\/p>\n<p>Forro: las almohadillas de impacto de espuma Zorbium lo mantienen fresco y seco con un acolchado impermeable y c\u00f3modo y una cubierta antibacteriana que absorbe el sudor. Ofrece menos de la mitad de la fuerza requerida para impactos repetitivos en todas las condiciones ambientales. La alfombrilla de rat\u00f3n viene est\u00e1ndar con tres almohadillas resistentes a impactos y ocho almohadillas ajustables para un ajuste y comodidad \u00f3ptimos.<\/p>\n<p>Accesorios opcionales: m\u00e1scaras de ox\u00edgeno inflables, pantallas faciales, protectores laterales, protectores laterales blindados, escudos, protectores de casco, m\u00e1scaras antibalas, etc.<br \/>\nColor del casco: Verde<br \/>\nEl MICH es un casco que detiene los disparos de pistola y brinda una protecci\u00f3n confiable contra los escombros y la ca\u00edda de escombros.<br \/>\nreducir\u00e1 la protecci\u00f3n.<\/p>\n<hr \/>\n<p><strong>\u00abPara las personas:<\/strong><br \/>\nEl casco bal\u00edstico NIJ lllA Kevlar WENDY maneja las amenazas de pistola y metralla con accesorios m\u00e1s fuertes que son m\u00e1s livianos y m\u00e1s c\u00f3modos de usar. Este casco es apto para todo tipo de usuarios. El personal de agencias como el ej\u00e9rcito, la polic\u00eda, SWAT, seguridad interna, aduanas y guardias fronterizos puede equiparse con capacidades de combate mejoradas. Tambi\u00e9n es una buena opci\u00f3n para la protecci\u00f3n del hogar y el cosplay.<\/p>\n<hr \/>\n<p>Si desea comprar nuestros productos o tiene alguna pregunta sobre nuestros productos;<br \/>\nSi tiene alguna necesidad de personalizaci\u00f3n;<br \/>\nPor favor (<a href=\"http:\/\/tyditiao.com\/en\/contact\/\">cont\u00e1ctenos<\/a>) inmediatamente, le responderemos dentro de 1 d\u00eda h\u00e1bil<\/p>\n","protected":false},"excerpt":{"rendered":"<p>Buena calidad: el casco militar de grado t\u00e9cnico est\u00e1 hecho de fibra de aramida DuPont Kevlar de alta resistencia, que es resistente al calor y no se deforma f\u00e1cilmente<\/p>\n<p>Buen rendimiento bal\u00edstico: NIJ nivel IIIA<\/p>\n<p>C\u00f3modo de usar: la almohada de impacto de espuma Zorbium cuenta con un forro impermeable y un revestimiento antimicrobiano que elimina la humedad para mantenerlo fresco y seco.<\/p>\n<p>AJUSTE F\u00c1CIL: Sistema de montaje CAM FIT de casco militar liviano con sistema de cierre BOA para un ajuste seguro con una sola mano para un ajuste preciso.<\/p>\n<p>EXPANDIBLE: El sistema de sujeci\u00f3n Rail 2.0 es compatible con todos los sujetadores EXFIL Rail 2.0. El riel de montaje del card\u00e1n de doble cara y el soporte del card\u00e1n en la parte frontal le permiten a Wendy crear m\u00e1s posibilidades.<\/p>\n","protected":false},"featured_media":3335,"comment_status":"open","ping_status":"closed","template":"","meta":[],"product_brand":[],"product_cat":[473,176],"product_tag":[],"woo-feed-brand":[50],"class_list":{"0":"post-8143","1":"product","2":"type-product","3":"status-publish","4":"has-post-thumbnail","6":"product_cat-casco-antibalas","7":"product_cat-wendy-es","8":"woo-feed-brand-tyditiao","10":"first","11":"instock","12":"sale","13":"shipping-taxable","14":"purchasable","15":"product-type-simple"},"_links":{"self":[{"href":"https:\/\/tyditiao.com\/es\/wp-json\/wp\/v2\/product\/8143","targetHints":{"allow":["GET"]}}],"collection":[{"href":"https:\/\/tyditiao.com\/es\/wp-json\/wp\/v2\/product"}],"about":[{"href":"https:\/\/tyditiao.com\/es\/wp-json\/wp\/v2\/types\/product"}],"replies":[{"embeddable":true,"href":"https:\/\/tyditiao.com\/es\/wp-json\/wp\/v2\/comments?post=8143"}],"wp:featuredmedia":[{"embeddable":true,"href":"https:\/\/tyditiao.com\/es\/wp-json\/wp\/v2\/media\/3335"}],"wp:attachment":[{"href":"https:\/\/tyditiao.com\/es\/wp-json\/wp\/v2\/media?parent=8143"}],"wp:term":[{"taxonomy":"product_brand","embeddable":true,"href":"https:\/\/tyditiao.com\/es\/wp-json\/wp\/v2\/product_brand?post=8143"},{"taxonomy":"product_cat","embeddable":true,"href":"https:\/\/tyditiao.com\/es\/wp-json\/wp\/v2\/product_cat?post=8143"},{"taxonomy":"product_tag","embeddable":true,"href":"https:\/\/tyditiao.com\/es\/wp-json\/wp\/v2\/product_tag?post=8143"},{"taxonomy":"woo-feed-brand","embeddable":true,"href":"https:\/\/tyditiao.com\/es\/wp-json\/wp\/v2\/woo-feed-brand?post=8143"}],"curies":[{"name":"wp","href":"https:\/\/api.w.org\/{rel}","templated":true}]}}