{"id":8144,"date":"2022-06-13T04:11:33","date_gmt":"2023-05-20T15:08:55","guid":{"rendered":"http:\/\/tyditiao.com\/product\/casco-militar-polaco-casco-tactico-de-kevlar-clase-iiia-casco-energetico-con-mascara-rapida-negro\/"},"modified":"2023-05-20T17:08:55","modified_gmt":"2023-05-20T15:08:55","slug":"rapido-antibalas-casco-tactico-kevlar-nijiiia-negro","status":"publish","type":"product","link":"https:\/\/tyditiao.com\/es\/producto\/rapido-antibalas-casco-tactico-kevlar-nijiiia-negro\/","title":{"rendered":"Casco militar polaco, casco t\u00e1ctico de Kevlar clase IIIA, casco energ\u00e9tico con m\u00e1scara r\u00e1pida, negro"},"content":{"rendered":"<p><strong>Clase de defensa:<\/strong><\/p>\n<p>Este casco a prueba de balas es un casco a prueba de balas NIJ Nivel IIIA seg\u00fan el est\u00e1ndar NIJ 0101.06, y se puede proporcionar el informe de prueba correspondiente.<\/p>\n<hr>\n<p><strong>Par\u00e1metros del proyectil de defensa:<\/strong><\/p>\n<p>.44 Mag SJHP<br \/>\n.357 SIG FMJ FN<br \/>\nFMJ RN de 9 mm<br \/>\n.357 Mag JSP<br \/>\n.40 S&#038;W FMJ<\/p>\n<p>Tambi\u00e9n proporciona protecci\u00f3n contra la mayor\u00eda de las amenazas de armas de fuego, as\u00ed como las amenazas de Clase IIA y II.<\/p>\n<hr>\n<p><strong>Par\u00e1metros del casco antibalas:<\/strong><br \/>\nNombre: casco antibalas NIJ lllA FAST<\/p>\n<p>Material: fibra de aramida Kevlar-DuPont de alta resistencia<br \/>\nCircunferencia de la cabeza: 52-64 cm<br \/>\nAccesorios opcionales: m\u00e1scara antibalas, etc.<br \/>\nColor del casco: negro<br \/>\nEl MICH es un casco que detiene los disparos de pistola y brinda una protecci\u00f3n confiable contra los escombros y la ca\u00edda de escombros.<br \/>\nreducir\u00e1 la protecci\u00f3n.<\/p>\n<hr>\n<p><strong>\u00abPara las personas:<\/strong><br \/>\nEl casco bal\u00edstico NIJ lllA Kevlar FAST est\u00e1 dise\u00f1ado para hacer frente a la amenaza de armas de fuego y metralla, con accesorios m\u00e1s fuertes para un ajuste m\u00e1s ligero y c\u00f3modo. Este casco es apto para todo tipo de usuarios. El personal de agencias como el ej\u00e9rcito, la polic\u00eda, SWAT, seguridad interna, aduanas y guardias fronterizos puede equiparse con capacidades de combate mejoradas. Tambi\u00e9n es una buena opci\u00f3n para la protecci\u00f3n del hogar y el cosplay.<\/p>\n<hr>\n<p><strong>\u00bfQu\u00e9 es un casco bal\u00edstico FAST?<\/strong><\/p>\n<p>Casco antibalas FAST (ingl\u00e9s: Future Assault Shell Technology Helmet, en lo sucesivo denominado: FAST) Future Assault Shell Technology Helmet es un casco de combate desarrollado por el Instituto de Investigaci\u00f3n del Ej\u00e9rcito de EE. UU. y el Centro de Investigaci\u00f3n, Desarrollo e Ingenier\u00eda del Ej\u00e9rcito de EE. UU. Natick. El casco est\u00e1 dise\u00f1ado para brindar comodidad a los operadores de operaciones especiales al mismo tiempo que brinda protecci\u00f3n bal\u00edstica b\u00e1sica. El casco FAST se mostr\u00f3 por primera vez al p\u00fablico en SHOT SHOW en 2009 y pronto fue adoptado por las fuerzas especiales estadounidenses que operan en Afganist\u00e1n. Los cascos bal\u00edsticos t\u00e1cticos FAST ahora se usan ampliamente en fuerzas especiales y fuerzas policiales especiales en varios pa\u00edses. Adem\u00e1s, el casco t\u00e1ctico FAST es ahora el casco de combate est\u00e1ndar de las Fuerzas Armadas de Noruega.<\/p>\n<hr>\n<p><strong>Caracter\u00edsticas del casco FAST Kevlar:<\/strong><\/p>\n<p>En comparaci\u00f3n con los cascos militares normales, el casco FAST es un 25 % m\u00e1s ligero. Con el sistema de suspensi\u00f3n del casco, los usuarios pueden ajustar f\u00e1cilmente el ajuste o la tensi\u00f3n del casco para una comodidad \u00f3ptima. Los cascos FAST est\u00e1n equipados con rieles ARC en los lados izquierdo y derecho para montar equipos como linternas, auriculares con cancelaci\u00f3n de ruido y equipos de comunicaci\u00f3n, as\u00ed como equipos de video o visi\u00f3n nocturna que se pueden montar en el centro del casco a trav\u00e9s del adaptador de montura. que es un combate especial, que puede sumar una mayor ventaja t\u00e1ctica. El diablo que se siente adherido al casco permite a los usuarios colocar la bandera, el ej\u00e9rcito o la instituci\u00f3n de su pa\u00eds, as\u00ed como los sellos de identificaci\u00f3n apropiados, como distintivos de llamada y tipos de sangre. Adem\u00e1s, debido al dise\u00f1o modular, la versi\u00f3n civil del casco FAST sin funci\u00f3n antibalas no solo es utilizada por el ej\u00e9rcito y la polic\u00eda, sino que tambi\u00e9n es adoptada con entusiasmo por atletas al aire libre, periodistas, rescatistas y otros trabajadores de campo.<\/p>\n<hr>\n<p><strong>\u00bfEs el casco bal\u00edstico t\u00e1ctico FAST una gran protecci\u00f3n y por qu\u00e9 es tan popular?<\/strong><\/p>\n<p>Hay dos razones: primero, el avance de la tecnolog\u00eda ha llevado a m\u00e1s y m\u00e1s equipos t\u00e9cnicos para soldados individuales, lo que requiere una plataforma para cargar accesorios t\u00e9cnicos, que debe sacrificarse a expensas de la protecci\u00f3n;<br \/>\nEn segundo lugar, los usuarios de FAST son principalmente fuerzas especiales y, a distancia de combate, las fuerzas especiales simplemente renuncian a algo de protecci\u00f3n, la portabilidad y el equipo t\u00e9cnico en la plataforma se convierten en tasas de supervivencia, e incluso en aplicaciones pr\u00e1cticas, generalmente solo en el caso de cascos r\u00e1pidos. hay No hay elementos en muchas unidades, solo por portabilidad.<\/p>\n<p>FAST no se basa en una protecci\u00f3n estricta Ninguna orejera de doble cara no es suficiente Principalmente para la comodidad del personal que usa auriculares y accesorios adicionales Los cascos t\u00e1cticos livianos renuncian parcialmente a la protecci\u00f3n y brindan mayores beneficios en el combate.<\/p>\n<p>Los cascos FAST se usan ampliamente en muchos pa\u00edses, y muchos pa\u00edses tienen dise\u00f1os de cascos muy similares a los cascos FAST estadounidenses, como Rusia, Francia y el Reino Unido. Los cascos est\u00e1n dise\u00f1ados para ajustarse a los cascos FAST, aunque evolucionar\u00e1n con el tiempo. El n\u00famero de estos cascos tambi\u00e9n est\u00e1 cambiando, pero a\u00fan se ve similar al casco FAST, por razones obvias, este casco puede proteger la cabeza de manera efectiva y maximizar la vida del soldado.<\/p>\n<hr>\n<p><strong>\u00bfPrecio del casco FAST Kevlar?<\/strong><\/p>\n<p>Compre directamente desde nuestro sitio web y ahorre un 15% del precio regular<\/p>\n<hr>\n<p>Si desea comprar nuestros productos o tiene alguna pregunta sobre nuestros productos;<br \/>\nSi tiene alguna necesidad de personalizaci\u00f3n;<br \/>\nPor favor (<a href=\"http:\/\/tyditiao.com\/en\/contact\/\">cont\u00e1ctenos<\/a>) inmediatamente, le responderemos dentro de 1 d\u00eda h\u00e1bil<\/p>\n<p>&nbsp;<\/p>\n<p>&nbsp;<\/p>\n","protected":false},"excerpt":{"rendered":"<p>Hecho de fibra de aramida DuPont Kevlar de alta resistencia, resistente al calor y no se deforma f\u00e1cilmente.<\/p>\n<p>NIJ Nivel IIIA<\/p>\n<p>El sistema de ajuste de la circunferencia de la cabeza le permite ajustar la circunferencia de la cabeza con solo tocar un bot\u00f3n para lograr el ajuste ideal del casco.<\/p>\n<p>La frente est\u00e1 reforzada con correas el\u00e1sticas en los lados del pulpo (parte inferior del soporte de visi\u00f3n nocturna) para sujetar espejos, c\u00e1maras, gafas de visi\u00f3n nocturna y otros dispositivos<\/p>\n<p>Equipado con rieles, montaje de accesorios m\u00e1s potente, puede equiparse con un sistema de luz fuerte y luces de identificaci\u00f3n de baliza, tambi\u00e9n puede equiparse con protecci\u00f3n auditiva<\/p>\n","protected":false},"featured_media":3191,"comment_status":"closed","ping_status":"closed","template":"","meta":[],"product_brand":[],"product_cat":[473,154],"product_tag":[],"woo-feed-brand":[50],"class_list":{"0":"post-8144","1":"product","2":"type-product","3":"status-publish","4":"has-post-thumbnail","6":"product_cat-casco-antibalas","7":"product_cat-fast-es","8":"woo-feed-brand-tyditiao","10":"first","11":"instock","12":"sale","13":"shipping-taxable","14":"purchasable","15":"product-type-simple"},"_links":{"self":[{"href":"https:\/\/tyditiao.com\/es\/wp-json\/wp\/v2\/product\/8144","targetHints":{"allow":["GET"]}}],"collection":[{"href":"https:\/\/tyditiao.com\/es\/wp-json\/wp\/v2\/product"}],"about":[{"href":"https:\/\/tyditiao.com\/es\/wp-json\/wp\/v2\/types\/product"}],"replies":[{"embeddable":true,"href":"https:\/\/tyditiao.com\/es\/wp-json\/wp\/v2\/comments?post=8144"}],"wp:featuredmedia":[{"embeddable":true,"href":"https:\/\/tyditiao.com\/es\/wp-json\/wp\/v2\/media\/3191"}],"wp:attachment":[{"href":"https:\/\/tyditiao.com\/es\/wp-json\/wp\/v2\/media?parent=8144"}],"wp:term":[{"taxonomy":"product_brand","embeddable":true,"href":"https:\/\/tyditiao.com\/es\/wp-json\/wp\/v2\/product_brand?post=8144"},{"taxonomy":"product_cat","embeddable":true,"href":"https:\/\/tyditiao.com\/es\/wp-json\/wp\/v2\/product_cat?post=8144"},{"taxonomy":"product_tag","embeddable":true,"href":"https:\/\/tyditiao.com\/es\/wp-json\/wp\/v2\/product_tag?post=8144"},{"taxonomy":"woo-feed-brand","embeddable":true,"href":"https:\/\/tyditiao.com\/es\/wp-json\/wp\/v2\/woo-feed-brand?post=8144"}],"curies":[{"name":"wp","href":"https:\/\/api.w.org\/{rel}","templated":true}]}}