{"id":8145,"date":"2022-06-13T04:08:57","date_gmt":"2022-06-13T02:08:57","guid":{"rendered":"http:\/\/tyditiao.com\/product\/casco-de-soldado-casco-tactico-de-clase-iiia-de-fibra-de-aramida-casco-rapido-de-kevlar-marron-claro\/"},"modified":"2025-06-26T23:57:56","modified_gmt":"2025-06-26T21:57:56","slug":"rapido-antibalas-casco-tactico-kevlar-nijiiia-marron-claro","status":"publish","type":"product","link":"https:\/\/tyditiao.com\/es\/producto\/rapido-antibalas-casco-tactico-kevlar-nijiiia-marron-claro\/","title":{"rendered":"Casco de soldado, casco t\u00e1ctico de clase IIIA de fibra de aramida, casco r\u00e1pido de Kevlar, marr\u00f3n claro"},"content":{"rendered":"<p><strong>Clase de defensa:<\/strong><\/p>\n<p>Este casco a prueba de balas es un casco a prueba de balas NIJ Nivel IIIA seg\u00fan el est\u00e1ndar NIJ 0101.06, y se puede proporcionar el informe de prueba correspondiente.<\/p>\n<hr \/>\n<p><strong>Par\u00e1metros del proyectil de defensa:<\/strong><\/p>\n<p>.44 Mag SJHP<br \/>\n.357 SIG FMJ FN<br \/>\nFMJ RN de 9 mm<br \/>\n.357 Mag JSP<br \/>\n.40 S&amp;W FMJ<\/p>\n<p>Tambi\u00e9n proporciona protecci\u00f3n contra la mayor\u00eda de las amenazas de armas de fuego, as\u00ed como las amenazas de Clase IIA y II.<\/p>\n<hr \/>\n<p><strong>Par\u00e1metros del casco antibalas:<\/strong><\/p>\n<p>Nombre: casco antibalas NIJ lllA FAST<\/p>\n<p>Material: fibra de aramida Kevlar-DuPont de alta resistencia<br \/>\nCircunferencia de la cabeza: 52-64 cm<br \/>\nAccesorios opcionales: m\u00e1scara antibalas, etc.<br \/>\nColor del casco: Marr\u00f3n claro<\/p>\n<p>Un casco antibalas consta de una calota (incluida la protecci\u00f3n del tal\u00f3n) y un sistema amortiguador de suspensi\u00f3n (que incluye cinta para la cabeza, capa amortiguadora, correa para la barbilla, eslabones de la cadena, etc.). C\u00f3modo y estable de llevar;<\/p>\n<p>La superficie exterior de la carcasa del casco es uniforme y lisa, sin contaminaci\u00f3n por materias extra\u00f1as, ampollas, descamaci\u00f3n y otros defectos.<\/p>\n<p>Rendimiento ign\u00edfugo de la carcasa del casco: tiempo de combusti\u00f3n continuo en la superficie de 5S;<\/p>\n<p>La fuerza del dispositivo de correa de barbilla: velocidad de escape de emergencia de 500N, liberaci\u00f3n cuando la fuerza externa es de 1000N;<\/p>\n<p>Resistente al agua: el casco a prueba de balas no se agrietar\u00e1, ampollar\u00e1 ni deslaminar\u00e1 en la superficie de la carcasa del casco cuando se sumerge en agua durante 24 horas a temperatura ambiente. Ninguna parte del coj\u00edn de suspensi\u00f3n se desprendi\u00f3 despu\u00e9s de dos disparos exitosos.<\/p>\n<p>El MICH es un casco que detiene los disparos de pistola y brinda una protecci\u00f3n confiable contra los escombros y la ca\u00edda de escombros.<br \/>\nreducir\u00e1 la protecci\u00f3n.<\/p>\n<hr \/>\n<p><strong>\u00abPara las personas:<\/strong><\/p>\n<p>El casco bal\u00edstico NIJ lllA Kevlar FAST est\u00e1 dise\u00f1ado para hacer frente a la amenaza de armas de fuego y metralla, con accesorios m\u00e1s fuertes para un ajuste m\u00e1s ligero y c\u00f3modo. Este casco es apto para todo tipo de usuarios. El personal de agencias como el ej\u00e9rcito, la polic\u00eda, SWAT, seguridad interna, aduanas y guardias fronterizos puede equiparse con capacidades de combate mejoradas. Tambi\u00e9n es una buena opci\u00f3n para la protecci\u00f3n del hogar y el cosplay.<\/p>\n<hr \/>\n<p><strong>\u00bfQu\u00e9 es un casco bal\u00edstico FAST?<\/strong><\/p>\n<p>Casco antibalas FAST (ingl\u00e9s: Future Assault Shell Technology Helmet, en lo sucesivo denominado: FAST) Future Assault Shell Technology Helmet es un casco de combate desarrollado por el Instituto de Investigaci\u00f3n del Ej\u00e9rcito de EE. UU. y el Centro de Investigaci\u00f3n, Desarrollo e Ingenier\u00eda del Ej\u00e9rcito de EE. UU. Natick. El casco est\u00e1 dise\u00f1ado para brindar comodidad a los operadores de operaciones especiales al mismo tiempo que brinda protecci\u00f3n bal\u00edstica b\u00e1sica. El casco FAST se mostr\u00f3 por primera vez al p\u00fablico en SHOT SHOW en 2009 y pronto fue adoptado por las fuerzas especiales estadounidenses que operan en Afganist\u00e1n. Los cascos bal\u00edsticos t\u00e1cticos FAST ahora se usan ampliamente en fuerzas especiales y fuerzas policiales especiales en varios pa\u00edses. Adem\u00e1s, el casco t\u00e1ctico FAST es ahora el casco de combate est\u00e1ndar de las Fuerzas Armadas de Noruega.<\/p>\n<hr \/>\n<p><strong>Caracter\u00edsticas del casco de soldado t\u00e1ctico de fibra de aramida FAST:<\/strong><\/p>\n<p>En comparaci\u00f3n con los cascos militares normales, el casco FAST es un 25 % m\u00e1s ligero. Gracias al sistema de suspensi\u00f3n del casco, los usuarios pueden ajustar f\u00e1cilmente el ajuste o la tensi\u00f3n del casco para una comodidad \u00f3ptima. El casco FAST est\u00e1 equipado con rieles ARC en los lados izquierdo y derecho para montar accesorios como linternas, auriculares con cancelaci\u00f3n de ruido y equipos de comunicaci\u00f3n, as\u00ed como equipos de visi\u00f3n nocturna o grabaci\u00f3n de video. El adaptador se puede montar en el centro del casco a trav\u00e9s del adaptador. Esta es una pelea especial que puede agregar una mayor ventaja t\u00e1ctica. Adem\u00e1s, debido al dise\u00f1o modular, la versi\u00f3n civil del casco FAST no a prueba de balas no solo es utilizada por militares y polic\u00edas, sino que tambi\u00e9n es aceptada con entusiasmo por deportistas al aire libre y trabajadores de campo, como periodistas y rescatistas. Adem\u00e1s, debido al dise\u00f1o modular, la versi\u00f3n civil del casco FAST no a prueba de balas no solo es utilizada por militares y polic\u00edas, sino que tambi\u00e9n es aceptada con entusiasmo por deportistas al aire libre y trabajadores de campo, como periodistas y rescatistas.<\/p>\n<hr \/>\n<p><strong>\u00bfEl casco de soldado t\u00e1ctico de fibra de aramida FAST es una buena protecci\u00f3n? \u00bfPor qu\u00e9 es tan popular?<\/strong><\/p>\n<p>Hay dos razones: primero, el avance de la tecnolog\u00eda ha hecho que los soldados individuales tengan cada vez m\u00e1s equipos t\u00e9cnicos, lo que requiere una plataforma para cargar accesorios t\u00e9cnicos y tuvo que sacrificar la protecci\u00f3n para elegir;<br \/>\nEn segundo lugar, los usuarios de FAST son principalmente fuerzas especiales, y las fuerzas especiales simplemente renuncian a cierta protecci\u00f3n a la distancia de combate, la portabilidad y el equipo t\u00e9cnico en la plataforma se convierten en la tasa de supervivencia, incluso en aplicaciones pr\u00e1cticas, generalmente solo para cascos r\u00e1pidos, no son Elementos de unidades m\u00faltiples en \u00e9l, solo por portabilidad.<\/p>\n<p>FAST no se basa en una protecci\u00f3n estricta No hay orejeras en ambos lados es suficiente Principalmente para la comodidad del personal que usa auriculares y accesorios adicionales Los cascos t\u00e1cticos livianos que renuncian parcialmente a la protecci\u00f3n brindan mayores beneficios en el combate.<\/p>\n<p>Los cascos FAST se usan ampliamente en muchos pa\u00edses, y muchos pa\u00edses tienen dise\u00f1os de cascos muy similares a los cascos FAST de EE. UU., como los cascos rusos, franceses y brit\u00e1nicos est\u00e1n dise\u00f1ados de acuerdo con los cascos FAST, aunque evolucionar\u00e1n con el tiempo. Estos cascos tambi\u00e9n cambian constantemente, pero a\u00fan se parecen mucho a los cascos FAST, por razones obvias, que protegen eficazmente la cabeza y maximizan la vida del soldado.<\/p>\n<hr \/>\n<p><strong>\u00bfPrecio del casco de soldado t\u00e1ctico de fibra de aramida FAST?<\/strong><\/p>\n<p>Compre directamente desde nuestro sitio web y ahorre un 15% del precio regular<\/p>\n<p>Si desea comprar nuestros productos o tiene alguna pregunta sobre nuestros productos, por favor (<a href=\"http:\/\/tyditiao.com\/en\/contact\/\">cont\u00e1ctenos<\/a>) a la brevedad, le responderemos dentro de 1 d\u00eda laborable. <span style=\"color: #ff0000;\">Si desea pedir m\u00e1s de 5 cascos antibalas al mismo tiempo, obtendr\u00e1 un descuento adicional;<\/span><\/p>\n","protected":false},"excerpt":{"rendered":"<p>Hecho de fibra de aramida DuPont Kevlar de alta resistencia, resistente al calor y no se deforma f\u00e1cilmente.<\/p>\n<p>NIJ Nivel IIIA<\/p>\n<p>El sistema de ajuste de la circunferencia de la cabeza le permite ajustar la circunferencia de la cabeza con solo tocar un bot\u00f3n para lograr el ajuste ideal del casco.<\/p>\n<p>La frente est\u00e1 reforzada con correas el\u00e1sticas en los lados del pulpo (parte inferior del soporte de visi\u00f3n nocturna) para sujetar espejos, c\u00e1maras, gafas de visi\u00f3n nocturna y otros dispositivos<\/p>\n<p>Equipado con rieles, montaje de accesorios m\u00e1s potente, puede equiparse con un sistema de luz fuerte y luces de identificaci\u00f3n de baliza, tambi\u00e9n puede equiparse con protecci\u00f3n auditiva<\/p>\n","protected":false},"featured_media":3155,"comment_status":"open","ping_status":"closed","template":"","meta":[],"product_brand":[],"product_cat":[473,154],"product_tag":[],"woo-feed-brand":[50],"class_list":{"0":"post-8145","1":"product","2":"type-product","3":"status-publish","4":"has-post-thumbnail","6":"product_cat-casco-antibalas","7":"product_cat-fast-es","8":"woo-feed-brand-tyditiao","10":"first","11":"instock","12":"sale","13":"shipping-taxable","14":"purchasable","15":"product-type-simple"},"_links":{"self":[{"href":"https:\/\/tyditiao.com\/es\/wp-json\/wp\/v2\/product\/8145","targetHints":{"allow":["GET"]}}],"collection":[{"href":"https:\/\/tyditiao.com\/es\/wp-json\/wp\/v2\/product"}],"about":[{"href":"https:\/\/tyditiao.com\/es\/wp-json\/wp\/v2\/types\/product"}],"replies":[{"embeddable":true,"href":"https:\/\/tyditiao.com\/es\/wp-json\/wp\/v2\/comments?post=8145"}],"wp:featuredmedia":[{"embeddable":true,"href":"https:\/\/tyditiao.com\/es\/wp-json\/wp\/v2\/media\/3155"}],"wp:attachment":[{"href":"https:\/\/tyditiao.com\/es\/wp-json\/wp\/v2\/media?parent=8145"}],"wp:term":[{"taxonomy":"product_brand","embeddable":true,"href":"https:\/\/tyditiao.com\/es\/wp-json\/wp\/v2\/product_brand?post=8145"},{"taxonomy":"product_cat","embeddable":true,"href":"https:\/\/tyditiao.com\/es\/wp-json\/wp\/v2\/product_cat?post=8145"},{"taxonomy":"product_tag","embeddable":true,"href":"https:\/\/tyditiao.com\/es\/wp-json\/wp\/v2\/product_tag?post=8145"},{"taxonomy":"woo-feed-brand","embeddable":true,"href":"https:\/\/tyditiao.com\/es\/wp-json\/wp\/v2\/woo-feed-brand?post=8145"}],"curies":[{"name":"wp","href":"https:\/\/api.w.org\/{rel}","templated":true}]}}