{"id":8147,"date":"2022-06-13T03:55:46","date_gmt":"2023-05-20T15:09:51","guid":{"rendered":"http:\/\/tyditiao.com\/product\/casco-militar-casco-balistico-tactico-iiia-casco-de-kevlar-polaco-verde\/"},"modified":"2026-03-14T23:16:56","modified_gmt":"2026-03-14T21:16:56","slug":"mich2000-casco-antibalas-kevlar-nivel-3-verde","status":"publish","type":"product","link":"https:\/\/tyditiao.com\/es\/producto\/mich2000-casco-antibalas-kevlar-nivel-3-verde\/","title":{"rendered":"Casco militar, casco bal\u00edstico t\u00e1ctico IIIA, casco de Kevlar polaco, verde"},"content":{"rendered":"<p><strong>Clase de defensa:<\/strong><\/p>\n<p>Este casco a prueba de balas es un casco a prueba de balas NIJ Nivel IIIA seg\u00fan el est\u00e1ndar NIJ 0101.06, y se puede proporcionar el informe de prueba correspondiente.<\/p>\n<p>Este producto tambi\u00e9n califica como un casco de combate mejorado (ECH) cuando se usa con una placa de armadura superior para una verdadera protecci\u00f3n de rifle<\/p>\n<hr>\n<p><strong>Par\u00e1metros del proyectil de defensa:<\/strong><\/p>\n<p>.44 Mag SJHP<br \/>\n.357 SIG FMJ FN<br \/>\nFMJ RN de 9 mm<br \/>\n.357 Mag JSP<br \/>\n.40 S&#038;W FMJ<\/p>\n<p>Tambi\u00e9n proporciona protecci\u00f3n contra la mayor\u00eda de las amenazas de armas de fuego, as\u00ed como las amenazas de Clase IIA y II.<\/p>\n<hr>\n<p><strong>Par\u00e1metros del casco antibalas:<\/strong><br \/>\nNombre: casco antibalas NIJ lllA MICH2000<\/p>\n<p>Material: fibra de aramida Kevlar-DuPont de alta resistencia<br \/>\nCa\u00edda despu\u00e9s del lanzamiento del proyectil: &lt;20 mm<br \/>\nCircunferencia de la cabeza: 52-60 cm<br \/>\nForro: el forro de espuma de rebote lento reposicionable mantiene el casco c\u00f3modo y evita la fatiga y el sobrecalentamiento.<br \/>\nAccesorios opcionales: m\u00e1scara antibalas, etc.<br \/>\nColor del casco: Verde<br \/>\nEl MICH es un casco que detiene los disparos de pistola y brinda una protecci\u00f3n confiable contra los escombros y la ca\u00edda de escombros.<br \/>\nreducir\u00e1 la protecci\u00f3n.<\/p>\n<hr>\n<p><strong>\u00abPara las personas:<\/strong><br \/>\nEl casco bal\u00edstico NIJ lllA Kevlar MICH2000 maneja amenazas de pistola y metralla con una mayor capacidad de fijaci\u00f3n para un ajuste m\u00e1s ligero y c\u00f3modo. Este casco es apto para todo tipo de usuarios. El personal de agencias como el ej\u00e9rcito, la polic\u00eda, SWAT, seguridad interna, aduanas y guardias fronterizos puede equiparse con capacidades de combate mejoradas. Tambi\u00e9n es una buena opci\u00f3n para la protecci\u00f3n del hogar y el cosplay.<\/p>\n<p>El MICH es un casco que detiene los disparos de pistola y brinda una protecci\u00f3n confiable contra los escombros y la ca\u00edda de escombros. El casco bal\u00edstico mich no solo brinda la protecci\u00f3n integral necesaria contra armas contundentes, bal\u00edsticas y otras amenazas, sino que tambi\u00e9n es altamente modular y c\u00f3modo. Este producto tambi\u00e9n califica como un casco de combate mejorado (ECH) cuando se usa junto con la placa de armadura superior para brindar una verdadera protecci\u00f3n al rifle. El corte bajo brinda una mejor cobertura en ambos lados de la cabeza que los cascos que se colocan sobre las orejas. Estos cascos tambi\u00e9n vienen con orejeras para acomodar auriculares y otros equipos de comunicaci\u00f3n.<\/p>\n<hr>\n<p><strong>\u00bfCu\u00e1l es m\u00e1s popular, el MICH2000 o el casco bal\u00edstico t\u00e1ctico FAST?<\/strong><br \/>\nEl MICH2000 tiene una superficie protectora m\u00e1s grande, lo que es m\u00e1s beneficioso si no planea instalar m\u00faltiples accesorios. Si tiene pensado elegir muchos equipos, por ejemplo (que lleve una linterna, auriculares con cancelaci\u00f3n de ruido y equipos de comunicaci\u00f3n, gafas de visi\u00f3n nocturna o equipos de grabaci\u00f3n de v\u00eddeo, etc.), se recomienda utilizar FAST, ya que no ser\u00e1 demasiado pesado para causar presi\u00f3n en el cuello, afectando indirectamente la capacidad de actividades.<\/p>\n<hr>\n<p><strong>Precio casco militar MICH2000<\/strong><br \/>\nCompra en nuestra web y ahorra un 15% en el precio<\/p>\n<hr>\n<p>Si desea comprar nuestros productos o tiene alguna pregunta sobre nuestros productos;<br \/>\nSi tiene alguna necesidad de personalizaci\u00f3n;<br \/>\nPor favor (<a href=\"http:\/\/tyditiao.com\/en\/contact\/\">cont\u00e1ctenos<\/a>) inmediatamente, le responderemos dentro de 1 d\u00eda h\u00e1bil<\/p>\n","protected":false},"excerpt":{"rendered":"<p>Buena calidad: hecho de fibra de aramida DuPont Kevlar de alta calidad, resistente al calor y no se deforma f\u00e1cilmente.<\/p>\n<p>Buen rendimiento bal\u00edstico: NIJ nivel IIIA<\/p>\n<p>Espuma viscoel\u00e1stica de forma lenta: tela que absorbe la humedad para facilitar la limpieza, almohadillas modulares que el usuario final puede ajustar<\/p>\n<p>Sistema de sepia seca: tambi\u00e9n conocido como base de visi\u00f3n nocturna, se puede combinar con proyectores, c\u00e1maras, dispositivos de visi\u00f3n nocturna y otros equipos<\/p>\n<p>Hay grupos ferroviarios en los lados izquierdo y derecho: se puede instalar con un sistema de iluminaci\u00f3n fuerte, luz de identificaci\u00f3n de se\u00f1al, tablilla de protecci\u00f3n de auriculares<\/p>\n","protected":false},"featured_media":3704,"comment_status":"open","ping_status":"closed","template":"","meta":[],"product_brand":[],"product_cat":[473,161],"product_tag":[],"woo-feed-brand":[50],"class_list":{"0":"post-8147","1":"product","2":"type-product","3":"status-publish","4":"has-post-thumbnail","6":"product_cat-casco-antibalas","7":"product_cat-mich2000-es","8":"woo-feed-brand-tyditiao","10":"first","11":"instock","12":"sale","13":"shipping-taxable","14":"purchasable","15":"product-type-simple"},"_links":{"self":[{"href":"https:\/\/tyditiao.com\/es\/wp-json\/wp\/v2\/product\/8147","targetHints":{"allow":["GET"]}}],"collection":[{"href":"https:\/\/tyditiao.com\/es\/wp-json\/wp\/v2\/product"}],"about":[{"href":"https:\/\/tyditiao.com\/es\/wp-json\/wp\/v2\/types\/product"}],"replies":[{"embeddable":true,"href":"https:\/\/tyditiao.com\/es\/wp-json\/wp\/v2\/comments?post=8147"}],"wp:featuredmedia":[{"embeddable":true,"href":"https:\/\/tyditiao.com\/es\/wp-json\/wp\/v2\/media\/3704"}],"wp:attachment":[{"href":"https:\/\/tyditiao.com\/es\/wp-json\/wp\/v2\/media?parent=8147"}],"wp:term":[{"taxonomy":"product_brand","embeddable":true,"href":"https:\/\/tyditiao.com\/es\/wp-json\/wp\/v2\/product_brand?post=8147"},{"taxonomy":"product_cat","embeddable":true,"href":"https:\/\/tyditiao.com\/es\/wp-json\/wp\/v2\/product_cat?post=8147"},{"taxonomy":"product_tag","embeddable":true,"href":"https:\/\/tyditiao.com\/es\/wp-json\/wp\/v2\/product_tag?post=8147"},{"taxonomy":"woo-feed-brand","embeddable":true,"href":"https:\/\/tyditiao.com\/es\/wp-json\/wp\/v2\/woo-feed-brand?post=8147"}],"curies":[{"name":"wp","href":"https:\/\/api.w.org\/{rel}","templated":true}]}}