{"id":8148,"date":"2022-06-13T03:53:55","date_gmt":"2022-06-13T01:53:55","guid":{"rendered":"http:\/\/tyditiao.com\/product\/armadura-antibalas-casco-tactico-clase-iiia-casco-de-fuerzas-especiales-mich2000-marron-claro\/"},"modified":"2025-07-20T13:11:53","modified_gmt":"2025-07-20T11:11:53","slug":"mich2000-antibalas-casco-kevlar-nivel-3-marron-claro","status":"publish","type":"product","link":"https:\/\/tyditiao.com\/es\/producto\/mich2000-antibalas-casco-kevlar-nivel-3-marron-claro\/","title":{"rendered":"Armadura antibalas, casco t\u00e1ctico Clase IIIA, casco de fuerzas especiales mich2000, marr\u00f3n claro"},"content":{"rendered":"<p>El MICH es un casco que detiene los disparos de pistola y brinda una protecci\u00f3n confiable contra los escombros y la ca\u00edda de escombros. El corte bajo brinda una mejor cobertura en ambos lados de la cabeza que los cascos que se colocan sobre las orejas. Estos cascos tambi\u00e9n vienen con orejeras para acomodar auriculares y otros equipos de comunicaci\u00f3n.<\/p>\n<hr \/>\n<p><strong>Clase de defensa:<\/strong><\/p>\n<p>Este casco a prueba de balas es un casco a prueba de balas NIJ Nivel IIIA seg\u00fan el est\u00e1ndar NIJ 0101.06, y se puede proporcionar el informe de prueba correspondiente.<\/p>\n<p>Este producto tambi\u00e9n califica como un casco de combate mejorado (ECH) cuando se usa con una placa de armadura superior para una verdadera protecci\u00f3n de rifle<\/p>\n<hr \/>\n<p><strong>Par\u00e1metros del proyectil de defensa:<\/strong><\/p>\n<p>.44 Mag SJHP<br \/>\n.357 SIG FMJ FN<br \/>\nFMJ RN de 9 mm<br \/>\n.357 Mag JSP<br \/>\n.40 S&amp;W FMJ<\/p>\n<p>Tambi\u00e9n proporciona protecci\u00f3n contra la mayor\u00eda de las amenazas de armas de fuego, as\u00ed como las amenazas de Clase IIA y II.<\/p>\n<hr \/>\n<p><strong>Par\u00e1metros del casco antibalas:<\/strong><br \/>\nNombre: casco antibalas NIJ lllA MICH2000<\/p>\n<p>Material: fibra de aramida Kevlar-DuPont de alta resistencia<br \/>\nCircunferencia de la cabeza: 52-60 cm (ajuste del respaldo en dos etapas y correa de barbilla ajustable)<br \/>\nForro: el forro de espuma de rebote lento reposicionable mantiene el casco c\u00f3modo y evita la fatiga y el sobrecalentamiento.<br \/>\nAccesorios opcionales: m\u00e1scara antibalas, etc.<br \/>\nColor del casco: Marr\u00f3n claro<br \/>\nEl MICH es un casco que detiene los disparos de pistola y brinda una protecci\u00f3n confiable contra los escombros y la ca\u00edda de escombros.<br \/>\nreducir\u00e1 la protecci\u00f3n.<\/p>\n<hr \/>\n<p><strong>\u00abPara las personas:<\/strong><br \/>\nEl casco bal\u00edstico NIJ lllA Kevlar MICH2000 maneja las amenazas de pistola y metralla con una mayor capacidad de fijaci\u00f3n para un ajuste m\u00e1s ligero y c\u00f3modo. Este casco es apto para todo tipo de usuarios. El personal de agencias como el ej\u00e9rcito, la polic\u00eda, SWAT, seguridad interna, aduanas y guardias fronterizos puede equiparse con capacidades de combate mejoradas. Tambi\u00e9n es una buena opci\u00f3n para la protecci\u00f3n del hogar y el cosplay.<\/p>\n<hr \/>\n<p>Si desea comprar nuestros productos o tiene alguna pregunta sobre nuestros productos;<br \/>\nSi tiene alguna necesidad de personalizaci\u00f3n;<br \/>\nPor favor (<a href=\"http:\/\/tyditiao.com\/en\/contact\/\">cont\u00e1ctenos<\/a>) inmediatamente, le responderemos dentro de 1 d\u00eda h\u00e1bil<\/p>\n","protected":false},"excerpt":{"rendered":"<p>Gran \u00e1rea de protecci\u00f3n: el \u00e1rea de protecci\u00f3n es m\u00e1s grande que la de los cascos antibalas tradicionales, lo que brinda una buena protecci\u00f3n para la parte del o\u00eddo<\/p>\n<p>Buena calidad: hecho de fibra de aramida DuPont Kevlar de alta calidad, resistente al calor y no se deforma f\u00e1cilmente.<\/p>\n<p>Buen rendimiento bal\u00edstico: NIJ nivel IIIA<\/p>\n<p>El sistema de secado de sepia y el conjunto de rieles izquierdo y derecho le permiten instalar un conjunto de auriculares, luz de pistola, c\u00e1mara, lista de flash, visi\u00f3n nocturna, c\u00e1mara GoPro, gafas NVG<\/p>\n<p>Buen rendimiento de actualizaci\u00f3n: m\u00e1scara de ox\u00edgeno actualizable, casco, escudo lateral, escudo lateral blindado, escudo protector, cubierta de casco<\/p>\n","protected":false},"featured_media":3128,"comment_status":"open","ping_status":"closed","template":"","meta":[],"product_brand":[],"product_cat":[473,161],"product_tag":[],"woo-feed-brand":[50],"class_list":{"0":"post-8148","1":"product","2":"type-product","3":"status-publish","4":"has-post-thumbnail","6":"product_cat-casco-antibalas","7":"product_cat-mich2000-es","8":"woo-feed-brand-tyditiao","10":"first","11":"instock","12":"sale","13":"shipping-taxable","14":"purchasable","15":"product-type-simple"},"_links":{"self":[{"href":"https:\/\/tyditiao.com\/es\/wp-json\/wp\/v2\/product\/8148","targetHints":{"allow":["GET"]}}],"collection":[{"href":"https:\/\/tyditiao.com\/es\/wp-json\/wp\/v2\/product"}],"about":[{"href":"https:\/\/tyditiao.com\/es\/wp-json\/wp\/v2\/types\/product"}],"replies":[{"embeddable":true,"href":"https:\/\/tyditiao.com\/es\/wp-json\/wp\/v2\/comments?post=8148"}],"wp:featuredmedia":[{"embeddable":true,"href":"https:\/\/tyditiao.com\/es\/wp-json\/wp\/v2\/media\/3128"}],"wp:attachment":[{"href":"https:\/\/tyditiao.com\/es\/wp-json\/wp\/v2\/media?parent=8148"}],"wp:term":[{"taxonomy":"product_brand","embeddable":true,"href":"https:\/\/tyditiao.com\/es\/wp-json\/wp\/v2\/product_brand?post=8148"},{"taxonomy":"product_cat","embeddable":true,"href":"https:\/\/tyditiao.com\/es\/wp-json\/wp\/v2\/product_cat?post=8148"},{"taxonomy":"product_tag","embeddable":true,"href":"https:\/\/tyditiao.com\/es\/wp-json\/wp\/v2\/product_tag?post=8148"},{"taxonomy":"woo-feed-brand","embeddable":true,"href":"https:\/\/tyditiao.com\/es\/wp-json\/wp\/v2\/woo-feed-brand?post=8148"}],"curies":[{"name":"wp","href":"https:\/\/api.w.org\/{rel}","templated":true}]}}