{"id":8149,"date":"2022-06-13T03:50:24","date_gmt":"2022-06-13T01:50:24","guid":{"rendered":"http:\/\/tyditiao.com\/product\/equipo-tactico-clase-iiia-casco-militar-antibalas-negro\/"},"modified":"2026-03-17T13:18:06","modified_gmt":"2026-03-17T11:18:06","slug":"mich2000-antibalas-casco-kevlar-nivel-3-negro","status":"publish","type":"product","link":"https:\/\/tyditiao.com\/es\/producto\/mich2000-antibalas-casco-kevlar-nivel-3-negro\/","title":{"rendered":"Equipo t\u00e1ctico clase IIIA, casco militar antibalas, negro"},"content":{"rendered":"<p><strong>Clase de defensa:<\/strong><br \/>\nEste casco a prueba de balas es un casco a prueba de balas NIJ Nivel IIIA seg\u00fan el est\u00e1ndar NIJ 0101.06, y se puede proporcionar el informe de prueba correspondiente.<\/p>\n<hr \/>\n<p><strong>Par\u00e1metros del proyectil de defensa:<\/strong><br \/>\n.44 Mag SJHP<br \/>\n.357 SIG FMJ FN<br \/>\nFMJ RN de 9 mm<br \/>\n.357 Mag JSP<br \/>\n.40 S&amp;W FMJ<\/p>\n<p>Tambi\u00e9n proporciona protecci\u00f3n contra la mayor\u00eda de las amenazas de armas de fuego, as\u00ed como las amenazas de Clase IIA y II.<\/p>\n<hr \/>\n<p><strong>Par\u00e1metros del casco antibalas:<\/strong><br \/>\nNombre: casco antibalas NIJ lllA MICH2000<\/p>\n<p>Material: fibra de aramida Kevlar-DuPont de alta resistencia<br \/>\nCircunferencia de la cabeza: 52-60 cm<br \/>\nForro: el forro de espuma de rebote lento reposicionable mantiene el casco c\u00f3modo y evita la fatiga y el sobrecalentamiento.<br \/>\nAccesorios opcionales: m\u00e1scara de ox\u00edgeno, pantalla facial, pantalla lateral, pantalla lateral de armadura, escudo, cubierta de casco, m\u00e1scara antibalas, etc.<br \/>\nColor del casco: negro<br \/>\nEl MICH es un casco que detiene los disparos de pistola y brinda una protecci\u00f3n confiable contra los escombros y la ca\u00edda de escombros.<br \/>\nreducir\u00e1 la protecci\u00f3n.<\/p>\n<hr \/>\n<p><strong>\u00abPara las personas:<\/strong><br \/>\nEl casco bal\u00edstico NIJ lllA Kevlar MICH2000 maneja amenazas de pistola y metralla con una mayor capacidad de fijaci\u00f3n para un ajuste m\u00e1s ligero y c\u00f3modo. Este casco es apto para todo tipo de usuarios. El personal de agencias como el ej\u00e9rcito, la polic\u00eda, SWAT, seguridad interna, aduanas y guardias fronterizos puede equiparse con capacidades de combate mejoradas. Tambi\u00e9n es una buena opci\u00f3n para la protecci\u00f3n del hogar y el cosplay.<\/p>\n<hr \/>\n<p><strong>\u00bfQu\u00e9 es el casco militar MICH2000 Kevlar?<\/strong><br \/>\nEl Modular Integrated Communications Helmet (MICH) es un casco de combate estadounidense y uno de varios cascos utilizados por el ej\u00e9rcito estadounidense. Fue desarrollado por el Centro de Sistemas de Sistemas para Soldados del Ej\u00e9rcito de los EE. UU. como el casco protector de combate de pr\u00f3xima generaci\u00f3n utilizado por las fuerzas armadas de los EE. UU. La raz\u00f3n principal para desarrollar el MICH fue reemplazar los PASGT protectores pero pesados, ya que eran m\u00e1s livianos, m\u00e1s c\u00f3modos, se ajustaban mejor y los accesorios eran m\u00e1s f\u00e1ciles de instalar, especialmente equipos de visi\u00f3n nocturna y auriculares de comunicaci\u00f3n. No causa tensi\u00f3n innecesaria en el cuello. Inicialmente, fue utilizado casi exclusivamente por SOCOM y algunas entidades estrechamente relacionadas. Hasta la fecha, el MICH y sus derivados, el Casco de Combate Avanzado y el Casco de Combate Modificado, han reemplazado completamente al PASGT en el servicio activo del Ej\u00e9rcito de los EE. UU. y se utilizan, al menos hasta cierto punto, en todas las divisiones del Ej\u00e9rcito de los EE. UU.<\/p>\n<hr \/>\n<p><strong>Caracter\u00edsticas del casco MICH2000 Kevlar:<\/strong><br \/>\nEl peso del MICH es de aproximadamente 1,6 kg. El MICH tambi\u00e9n es un poco m\u00e1s peque\u00f1o que el PASGT, tiene un 8% menos de alcance, utiliza fibras de Kevlar nuevas y m\u00e1s avanzadas y ofrece una mejor protecci\u00f3n contra pistolas y proyectiles. Un sistema de amortiguaci\u00f3n y un sistema de sujeci\u00f3n de cuatro puntos, similar a los protectores y las correas de las patinetas, los cascos de bicicleta y los cascos de agua, reemplazan el sistema de suspensi\u00f3n de cord\u00f3n de nailon, la banda para el sudor y la correa para la barbilla que se encuentran en los cascos PASGT. Este cambio proporciona al usuario una mayor protecci\u00f3n contra impactos y comodidad. Tiene un soporte de montaje frontal para gafas de visi\u00f3n nocturna (como AN\/PVS-14 o AN\/PVS-15), similar al del casco PASGT. Tambi\u00e9n cuenta con un par de correas en la parte posterior para sujetar las gafas de seguridad, as\u00ed como una cubierta de casco de tela con varios patrones de camuflaje. A diferencia de un contorno \u00abcurvo\u00bb, PASGT consiste principalmente en eliminar las cejas y elevar los lados hasta un punto \u00abplano\u00bb en el borde inferior detr\u00e1s de las sienes. Esto reduce un poco el peso y permite una mejor conciencia de la situaci\u00f3n y menos obst\u00e1culos en el campo de visi\u00f3n del usuario, especialmente cuando se combina con chalecos antibalas interceptores. Los soldados se han quejado anteriormente de que el collar de intercepci\u00f3n alto y la correa de la barbilla de dos puntos empujan la parte trasera del casco PASGT hacia adelante, y cuando intentan disparar desde una posici\u00f3n boca abajo, el borde del casco se desliza m\u00e1s all\u00e1 de sus ojos, lo que en MICH, tiene una correa de barbilla estrecha contorneada y de cuatro puntos.<\/p>\n<hr \/>\n<p><strong>\u00bfCu\u00e1l es m\u00e1s popular, el MICH2000 o el casco bal\u00edstico t\u00e1ctico FAST?<\/strong><br \/>\nEl MICH2000 tiene una superficie protectora m\u00e1s grande, lo que es m\u00e1s beneficioso si no planea instalar muchos accesorios. Si tiene pensado elegir mucho equipo, como (Linterna, auriculares con cancelaci\u00f3n de ruido y equipo de comunicaci\u00f3n, gafas de visi\u00f3n nocturna o equipo de video, etc.), se recomienda elegir R\u00c1PIDO, porque no ser\u00e1 demasiado pesado. , ejercer\u00e1 presi\u00f3n sobre el cuello, lo que afectar\u00e1 indirectamente la capacidad de actividad.<\/p>\n<hr \/>\n<p><strong>Precio casco militar MICH2000<\/strong><br \/>\nEsta es nuestra tienda de cascos de seguridad t\u00e1cticos, compre directamente desde nuestro sitio web, puede obtener un 15% de descuento sobre el precio original<\/p>\n<hr \/>\n<p>Si desea comprar nuestros productos o tiene alguna pregunta sobre nuestros productos;<br \/>\nSi tiene alguna necesidad de personalizaci\u00f3n;<br \/>\nPor favor (<a href=\"http:\/\/tyditiao.com\/en\/contact\/\">cont\u00e1ctenos<\/a>) inmediatamente, le responderemos dentro de 1 d\u00eda h\u00e1bil<\/p>\n","protected":false},"excerpt":{"rendered":"<p>Hecho de fibra de aramida DuPont Kevlar de alta resistencia, resistente al calor y no se deforma f\u00e1cilmente.<\/p>\n<p>NIJ Nivel IIIA<\/p>\n<p>El sistema de ajuste de la circunferencia de la cabeza puede hacer que el casco logre el efecto de uso ideal<\/p>\n<p>La frente est\u00e1 reforzada con correas el\u00e1sticas en los lados del pulpo (parte inferior del soporte de visi\u00f3n nocturna) para sujetar espejos, c\u00e1maras, gafas de visi\u00f3n nocturna y otros dispositivos<\/p>\n<p>Equipado con rieles, montaje de accesorios m\u00e1s potente, puede equiparse con un sistema de luz fuerte y luces de identificaci\u00f3n de baliza, tambi\u00e9n puede equiparse con protecci\u00f3n auditiva<\/p>\n","protected":false},"featured_media":3695,"comment_status":"open","ping_status":"closed","template":"","meta":[],"product_brand":[],"product_cat":[473,161],"product_tag":[],"woo-feed-brand":[50],"class_list":{"0":"post-8149","1":"product","2":"type-product","3":"status-publish","4":"has-post-thumbnail","6":"product_cat-casco-antibalas","7":"product_cat-mich2000-es","8":"woo-feed-brand-tyditiao","10":"first","11":"instock","12":"sale","13":"shipping-taxable","14":"purchasable","15":"product-type-simple"},"_links":{"self":[{"href":"https:\/\/tyditiao.com\/es\/wp-json\/wp\/v2\/product\/8149","targetHints":{"allow":["GET"]}}],"collection":[{"href":"https:\/\/tyditiao.com\/es\/wp-json\/wp\/v2\/product"}],"about":[{"href":"https:\/\/tyditiao.com\/es\/wp-json\/wp\/v2\/types\/product"}],"replies":[{"embeddable":true,"href":"https:\/\/tyditiao.com\/es\/wp-json\/wp\/v2\/comments?post=8149"}],"wp:featuredmedia":[{"embeddable":true,"href":"https:\/\/tyditiao.com\/es\/wp-json\/wp\/v2\/media\/3695"}],"wp:attachment":[{"href":"https:\/\/tyditiao.com\/es\/wp-json\/wp\/v2\/media?parent=8149"}],"wp:term":[{"taxonomy":"product_brand","embeddable":true,"href":"https:\/\/tyditiao.com\/es\/wp-json\/wp\/v2\/product_brand?post=8149"},{"taxonomy":"product_cat","embeddable":true,"href":"https:\/\/tyditiao.com\/es\/wp-json\/wp\/v2\/product_cat?post=8149"},{"taxonomy":"product_tag","embeddable":true,"href":"https:\/\/tyditiao.com\/es\/wp-json\/wp\/v2\/product_tag?post=8149"},{"taxonomy":"woo-feed-brand","embeddable":true,"href":"https:\/\/tyditiao.com\/es\/wp-json\/wp\/v2\/woo-feed-brand?post=8149"}],"curies":[{"name":"wp","href":"https:\/\/api.w.org\/{rel}","templated":true}]}}