{"id":12854,"date":"2023-05-22T09:15:04","date_gmt":"2023-05-22T07:15:04","guid":{"rendered":"http:\/\/tyditiao.com\/kodu\/"},"modified":"2025-01-04T16:01:30","modified_gmt":"2025-01-04T14:01:30","slug":"kodu","status":"publish","type":"page","link":"https:\/\/tyditiao.com\/et\/","title":{"rendered":"Kodu"},"content":{"rendered":"\n<div class=\"wp-block-cover is-light\" style=\"min-height:240px;aspect-ratio:unset;\"><span aria-hidden=\"true\" class=\"wp-block-cover__background has-background-dim-20 has-background-dim\" style=\"background-color:#b7ad73\"><\/span><img loading=\"lazy\" decoding=\"async\" width=\"1401\" height=\"539\" class=\"wp-block-cover__image-background wp-image-1576\" alt=\"\" src=\"http:\/\/tyditiao.com\/wp-content\/uploads\/2022\/06\/2022-06-13_182159.png\" data-object-fit=\"cover\" srcset=\"https:\/\/tyditiao.com\/wp-content\/uploads\/2022\/06\/2022-06-13_182159.png 1401w, https:\/\/tyditiao.com\/wp-content\/uploads\/2022\/06\/2022-06-13_182159-600x231.png 600w, https:\/\/tyditiao.com\/wp-content\/uploads\/2022\/06\/2022-06-13_182159-300x115.png 300w, https:\/\/tyditiao.com\/wp-content\/uploads\/2022\/06\/2022-06-13_182159-1024x394.png 1024w, https:\/\/tyditiao.com\/wp-content\/uploads\/2022\/06\/2022-06-13_182159-768x295.png 768w, https:\/\/tyditiao.com\/wp-content\/uploads\/2022\/06\/2022-06-13_182159-1320x508.png 1320w\" sizes=\"auto, (max-width: 1401px) 100vw, 1401px\" \/><div class=\"wp-block-cover__inner-container is-layout-constrained wp-block-cover-is-layout-constrained\">\n<div class=\"wp-block-columns is-layout-flex wp-container-core-columns-is-layout-9d6595d7 wp-block-columns-is-layout-flex\">\n<div class=\"wp-block-column is-layout-flow wp-block-column-is-layout-flow\" style=\"flex-basis:25%\"><\/div>\n\n\n\n<div class=\"wp-block-column is-layout-flow wp-block-column-is-layout-flow\" style=\"flex-basis:50%\">\n<div style=\"height:20px\" aria-hidden=\"true\" class=\"wp-block-spacer\"><\/div>\n\n\n\n<p class=\"has-text-align-center custom-style has-text-color has-link-color has-large-font-size wp-elements-b0a3e692ad945f87426c20a09aa9db80\" style=\"color:#ffffff\">Oleme spetsialiseerunud erinevate taktikaliste s\u00f5jaliste ballistiliste kiivrite tootmisele ja m\u00fc\u00fcgile<\/p>\n<\/div>\n\n\n\n<div class=\"wp-block-column is-layout-flow wp-block-column-is-layout-flow\" style=\"flex-basis:25%\"><\/div>\n<\/div>\n<\/div><\/div>\n\n<div style=\"height:50px\" aria-hidden=\"true\" class=\"wp-block-spacer\"><\/div>\n\n<div class=\"wp-block-columns is-layout-flex wp-container-core-columns-is-layout-9d6595d7 wp-block-columns-is-layout-flex\">\n<div class=\"wp-block-column is-layout-flow wp-block-column-is-layout-flow\" style=\"flex-basis:10%\"><\/div>\n\n\n\n<div class=\"wp-block-column is-layout-flow wp-block-column-is-layout-flow\">\n<h2 class=\"wp-block-heading has-text-align-center\">M\u00dc\u00dcME BALLISTIlisi KIIVreid<\/h2>\n\n\n\n<figure class=\"wp-block-gallery has-nested-images columns-4 is-cropped wp-block-gallery-1 is-layout-flex wp-block-gallery-is-layout-flex\">\n<figure class=\"wp-block-image size-medium\"><img decoding=\"async\" data-id=\"5154\" src=\"https:\/\/tyditiao.com\/wp-content\/uploads\/2022\/10\/&#x672A;&#x6807;&#x9898;-51-300x300.png\" alt=\"V&#xE4;lisballistiline taktikaline vest, mis on varustatud kuulikindla paneelekraaniga\" class=\"wp-image-5154\"\/><\/figure>\n\n\n<figure class=\"wp-block-image size-medium\"><img loading=\"lazy\" decoding=\"async\" width=\"300\" height=\"300\" data-id=\"1343\" src=\"http:\/\/tyditiao.com\/wp-content\/uploads\/2022\/06\/7-300x300.jpg\" alt=\"\" class=\"wp-image-1343\" srcset=\"https:\/\/tyditiao.com\/wp-content\/uploads\/2022\/06\/7-300x300.jpg 300w, https:\/\/tyditiao.com\/wp-content\/uploads\/2022\/06\/7-100x100.jpg 100w, https:\/\/tyditiao.com\/wp-content\/uploads\/2022\/06\/7-600x600.jpg 600w, https:\/\/tyditiao.com\/wp-content\/uploads\/2022\/06\/7-1024x1024.jpg 1024w, https:\/\/tyditiao.com\/wp-content\/uploads\/2022\/06\/7-150x150.jpg 150w, https:\/\/tyditiao.com\/wp-content\/uploads\/2022\/06\/7-768x768.jpg 768w, https:\/\/tyditiao.com\/wp-content\/uploads\/2022\/06\/7.jpg 1200w\" sizes=\"auto, (max-width: 300px) 100vw, 300px\" \/><\/figure>\n\n\n<figure class=\"wp-block-image size-medium\"><img decoding=\"async\" data-id=\"4955\" src=\"https:\/\/tyditiao.com\/wp-content\/uploads\/2022\/10\/&#x672A;&#x6807;&#x9898;-3-300x300.png\" alt=\"NIJ IIIA kogu n&#xE4;o taktikaline ballistiline mask &#x2013; skemaatiline\" class=\"wp-image-4955\"\/><\/figure>\n\n\n<figure class=\"wp-block-image size-medium\"><img decoding=\"async\" data-id=\"5396\" src=\"https:\/\/tyditiao.com\/wp-content\/uploads\/2022\/10\/SICPE&#xFF0C;NIJ-Level-IV&#xFF0C;23MM&#xFF0C;2.5KG-300x300.png\" alt=\"SIC+PE, NIJ tase IV, 23 mm, 2,5 kg, kuulikindel rinnam&#xE4;rk, 250 x 300 mm\" class=\"wp-image-5396\"\/><\/figure><\/figure>\n\n\n\n<div style=\"height:50px\" aria-hidden=\"true\" class=\"wp-block-spacer\"><\/div>\n\n\n\n<h2 class=\"wp-block-heading has-text-align-center\">KKK<\/h2>\n\n\n\n<div style=\"height:30px\" aria-hidden=\"true\" class=\"wp-block-spacer\"><\/div>\n\n\n\n<div class=\"wp-block-columns is-layout-flex wp-container-core-columns-is-layout-9d6595d7 wp-block-columns-is-layout-flex\">\n<div class=\"wp-block-column is-layout-flow wp-block-column-is-layout-flow\">\n<h6 class=\"wp-block-heading\">Kas teil on f\u00fc\u00fcsiline tehas?<\/h6>\n\n\n\n<p>Jah! Meil on f\u00fc\u00fcsiline tehas ja oleme pakkunud hulgim\u00fc\u00fcki Euroopa ja Ameerika kiivrite m\u00fc\u00fcjatele juba 6 aastat. Saadame iga p\u00e4ev tonnide kaupa kiivreid \u00fcle maailma ja see on meie tehasepood.  <\/p>\n<\/div>\n\n\n\n<div class=\"wp-block-column is-layout-flow wp-block-column-is-layout-flow\">\n<h6 class=\"wp-block-heading\">Kas otse tehasest ostmisel on allahindlus?<\/h6>\n\n\n\n<p>Loomulikult saate otse meie tehase veebisaidilt tellides s\u00e4\u00e4sta rohkem kui 20% v\u00f5rreldes edasim\u00fc\u00fcja m\u00fc\u00fcgihinnaga, kuna see s\u00e4\u00e4stab otseselt teie kaudseid kulusid. Samal ajal kavatseme anda kasumit ka l\u00f5pptarbijale oma jaekaubanduse laiendamiseks. <\/p>\n<\/div>\n<\/div>\n\n\n\n<div class=\"wp-block-columns is-layout-flex wp-container-core-columns-is-layout-9d6595d7 wp-block-columns-is-layout-flex\">\n<div class=\"wp-block-column is-layout-flow wp-block-column-is-layout-flow\">\n<h6 class=\"wp-block-heading\">Mis on kauba saatmiskulu? Kui kiiresti ma selle k\u00e4tte saan?<\/h6>\n\n\n\n<p>FedExi tasud sisalduvad k\u00f5ikides kiivrite hinnas, seega ei pea te saatmise eest lisatasu maksma. FEDEX Express v\u00f5ib kiivri teile kohale toimetada 6\u201314 t\u00f6\u00f6p\u00e4eva jooksul ja teie kohalik Fedexi saatja helistab teile kohe, kui pakk teie linna j\u00f5uab, ja saadab selle otse teile. <\/p>\n<\/div>\n\n\n\n<div class=\"wp-block-column is-layout-flow wp-block-column-is-layout-flow\">\n<h6 class=\"wp-block-heading\">Kust tellimus saadetakse ja kas ma olen kindel, et saan selle k\u00e4tte?<\/h6>\n\n\n\n<p>Tarneaeg meie tehase laost Hiinas, oleme m\u00fc\u00fcnud suure hulga kuulikindlaid kiivreid Ameerika \u00dchendriikidesse, Poolasse, Saksamaale, Jaapanisse ja paljudesse teistesse riikidesse ning me saadame teile j\u00e4lgimisnumbri posti teel p\u00e4rast kauba saatmist, saate kontrollige tarne olekut igal ajal.<\/p>\n<\/div>\n<\/div>\n\n\n\n<div class=\"wp-block-columns is-layout-flex wp-container-core-columns-is-layout-9d6595d7 wp-block-columns-is-layout-flex\">\n<div class=\"wp-block-column is-layout-flow wp-block-column-is-layout-flow\">\n<h6 class=\"wp-block-heading\">Kuidas tellimust esitada ja tasuda<\/h6>\n\n\n\n<p>Aktsepteerime makseid ainult Paypali ja Western Unioni kaudu tehtud tellimuste eest.Kui teil pole veel Paypali, registreeruge siin www.paypal.com, et osta ja maksta turvaliselt Paypali kaudu.Kui otsustate maksta Western Unioni kaudu, v\u00f5tke meiega \u00fchendust, et kinnitage makseteave.<\/p>\n<\/div>\n\n\n\n<div class=\"wp-block-column is-layout-flow wp-block-column-is-layout-flow\">\n<h6 class=\"wp-block-heading\">Mul on vaja osta mitu kiivrit korraga, kas saan lisaallahindlust?<\/h6>\n\n\n\n<p>Muidugi, kui vajate enda v\u00f5i kohaliku hulgim\u00fc\u00fcja jaoks rohkem kui 5 kiivrit, v\u00f5tke meiega otse \u00fchendust. Saate veelgi paremad hinnad kui meie praegused veebipoed. \u00c4rge j\u00e4tke seda kasutamata, sest see s\u00e4\u00e4stab m\u00e4rkimisv\u00e4\u00e4rseid kulusid.  <\/p>\n<\/div>\n<\/div>\n\n\n\n<div style=\"height:50px\" aria-hidden=\"true\" class=\"wp-block-spacer\"><\/div>\n\n\n\n<h2 class=\"wp-block-heading has-text-align-center\">Tasuta kohaletoimetamine k\u00f5ikidesse piirkondadesse<\/h2>\n\n\n\n<h4 class=\"wp-block-heading has-text-align-center\">tarnepiirkond<\/h4>\n\n\n\n<p class=\"has-text-align-center\"><strong>Euroopa:<\/strong> Poola, Leedu, Saksamaa, Holland, Ungari, \u00dchendkuningriik, Prantsusmaa, Itaalia, Hispaania, Austria, Belgia, Luksemburg, Iirimaa, Bulgaaria, Horvaatia, T\u0161ehhi Vabariik, Eesti, Soome, L\u00e4ti, Malta, Portugal, Rumeenia, Slovakkia, Sloveenia, Rootsi, Taani, Kreeka, \u0160veits, Norra, K\u00fcpros<\/p>\n\n\n\n<p class=\"has-text-align-center\"><strong>Aasia: <\/strong>Taiwan, Macau, Hongkong, Singapur, Malaisia, Tai, Vietnam, Filipiinid, Iisrael, T\u00fcrgi, Korea, Jaapan, Bahrein, Saudi Araabia, Liibanon, Araabia \u00dchendemiraadid<\/p>\n\n\n\n<p class=\"has-text-align-center\"><strong>P\u00f5hja-Ameerika: <\/strong>USA, Kanada, Mehhiko<\/p>\n\n\n\n<p class=\"has-text-align-center\"><strong>L\u00f5una-Ameerika: <\/strong>Brasiilia, T\u0161iili, Colombia<\/p>\n\n\n\n<p class=\"has-text-align-center\"><strong>Okeaania: <\/strong>Austraalia, Uus-Meremaa<\/p>\n\n\n\n<p class=\"has-text-align-center\"><strong>Aafrika: <\/strong>L\u00f5una-Aafrika<\/p>\n\n\n\n<p class=\"has-text-align-center\"><strong>Uus piirkond:<\/strong> Ukraina (vaidlusaluses piirkonnas tarneteenust ei pakuta ja tellimus t\u00fchistatakse)<\/p>\n\n\n\n<h4 class=\"wp-block-heading has-text-align-center\">tasuta saatmine<\/h4>\n\n\n\n<p class=\"has-text-align-center\">Jaem\u00fc\u00fcgituru laiendamiseks rakendame k\u00f5igis \u00fclaltoodud riikides ja piirkondades tasuta kohaletoimetamise poliitikat, mis t\u00e4hendab, et te ei pea maksma muid saatmiskulusid peale toote enda hinna.<\/p>\n\n\n\n<h4 class=\"wp-block-heading has-text-align-center\">tellimuse t\u00e4itmise aeg<\/h4>\n\n\n\n<p class=\"has-text-align-center\"><strong>Tellimuse t\u00f6\u00f6tlemise aeg: <\/strong>1-6 t\u00f6\u00f6p\u00e4eva jooksul peale makse laekumist (saadetise numbri saadame peale saadetise kullerfirmale \u00fcleandmist)<\/p>\n\n\n\n<p class=\"has-text-align-center\"><strong>Kiire tarneaeg:<\/strong> 6-14 t\u00f6\u00f6p\u00e4eva<\/p>\n\n\n\n<div style=\"height:50px\" aria-hidden=\"true\" class=\"wp-block-spacer\"><\/div>\n\n\n\n<h2 class=\"wp-block-heading has-text-align-center\">maksma<\/h2>\n\n\n\n<h4 class=\"wp-block-heading has-text-align-center\">Makseviisid<\/h4>\n\n\n\n<p class=\"has-text-align-center\">PAYPAL-i kaudu ettemaksmiseks v\u00f5i Western Unioni kaudu tellimuse eest tasumiseks k\u00fclastage kassalehte.<\/p>\n\n\n\n<p class=\"has-text-align-center\"><strong>A. Minge kassalehele ja tasuge PAYPALi kaudu ette<\/strong><br\/>1. Lisa meelep\u00e4rane toode ostukorvi<br\/>2. Toote koguse vaatamiseks ja kinnitamiseks kl\u00f5psake paremas \u00fclanurgas olevat ostukorvi nuppu<br\/>3. Kl\u00f5psake tellimuse nuppu, et siseneda kassalehele, sisestada oma kohaletoimetamise aadress, e-posti aadress ja muu teave<br\/>4. Makske tellimuse summa PayPali kaudu<br\/>5. Ostlemine l\u00f5petatud, kaubale j\u00e4reletulemise ootel<\/p>\n\n\n\n<p class=\"has-text-align-center\"><strong>B. Western Unioni makse teie tellimuse eest<\/strong><br\/>1. E-posti teel suhtlemiseks on vaja teavet, nagu toode ja kogus, samuti j\u00e4reletulemise aadress<br\/>2. \u00dclekanne tellimuse summa tasumiseks<br\/>3. Ostlemine l\u00f5petatud, kaubale j\u00e4reletulemise ootel<\/p>\n\n\n\n<h4 class=\"wp-block-heading has-text-align-center\">Tugivaluuta<\/h4>\n\n\n\n<p class=\"has-text-align-center\">Aktsepteerime m\u00f5nda j\u00e4rgmistest valuutadest, nii et saate tasumisel valida endale sobivaima valuuta<\/p>\n\n\n\n<p class=\"has-text-align-center\">Uus Taiwani dollar (NT$) \u2013 TWD<br\/>Poola zlott (PLN) \u2013 PLN<br\/>Ameerika \u00dchendriikide dollar (USA) ($) \u2013 USD<br\/>Naelsterling (\u00a3) \u2013 GBP<br\/>Euro (\u20ac) &#8211; EUR<br\/>Jaapani jeen (\u00a5) \u2013 JPY<br\/>Kanada dollar ($) \u2013 CAD<br\/>T\u0161ehhi kroon (K\u010d) \u2013 CZK<br\/>Mehhiko peeso ($) \u2013 MXN<\/p>\n\n\n\n<div style=\"height:50px\" aria-hidden=\"true\" class=\"wp-block-spacer\"><\/div>\n\n\n\n<h2 class=\"wp-block-heading has-text-align-center\">30-p\u00e4evane tagastuspoliitika<\/h2>\n\n\n\n<h4 class=\"wp-block-heading has-text-align-center\">tagastamisreeglid<\/h4>\n\n\n\n<p class=\"has-text-align-center\">Meil on 30-p\u00e4evane tagastuspoliitika, mis t\u00e4hendab, et saate taotleda tagastamist 30 p\u00e4eva jooksul p\u00e4rast kauba k\u00e4ttesaamist.<\/p>\n\n\n\n<p class=\"has-text-align-center\">Tagastamise \u00f5iguse saamiseks peab kaup olema samas seisukorras kui saadetud kaup, kandmata v\u00f5i kasutamata ning originaalpakendis. Teil on vaja ka ostut\u0161ekki v\u00f5i ostut\u00f5endit. <\/p>\n\n\n\n<p class=\"has-text-align-center\">Tagastamise algatamiseks v\u00f5ite meiega \u00fchendust v\u00f5tta aadressil<strong> tyditiao@gmail.com<\/strong>. Kui teie tagastus aktsepteeritakse, saadame teile tagastussildi koos juhistega, kuidas ja kuhu teie pakk saata. Ilma eelneva tagastamistaotluseta meile tagastatud esemeid vastu ei v\u00f5eta.  <\/p>\n\n\n\n<p class=\"has-text-align-center\">Tagastamisprobleemide korral v\u00f5ite meiega alati \u00fchendust v\u00f5tta aadressil <strong>tyditiao@gmail.com<\/strong>.<\/p>\n\n\n\n<h4 class=\"wp-block-heading has-text-align-center\">kahjustused ja probleemid<\/h4>\n\n\n\n<p class=\"has-text-align-center\">Sprawd\u017a swoje zam\u00f3wienie po jego otrzymaniu, je\u015bli przedmiot jest uszkodzony, uszkodzony lub otrzyma\u0142e\u015b niew\u0142a\u015bciwy przedmiot, natychmiast (<a href=\"https:\/\/tyditiao.com\/et\/votke-uhendust\/\">skontaktuj si\u0119 z nami<\/a>), aby\u015bmy mogli znale\u017a\u0107 problem i natychmiast go naprawi\u0107.<\/p>\n\n\n\n<h4 class=\"wp-block-heading has-text-align-center\">vahetada<\/h4>\n\n\n\n<p class=\"has-text-align-center\">Kiireim viis veendumaks, et saate selle, mida soovite, on tagastada juba olemasolev kaup ja kui teie tagastus on aktsepteeritud, ostke uus toode eraldi.<\/p>\n\n\n\n<h4 class=\"wp-block-heading has-text-align-center\">tagasi<\/h4>\n\n\n\n<p class=\"has-text-align-center\">Teavitame teid, kui teie tagastus on k\u00e4tte saadud ja kontrollitud ning teie raha tagastatakse automaatselt teie algsele makseviisile. Siiski v\u00f5ib teie pangal v\u00f5i krediitkaardiettev\u00f5ttel kuluda veidi aega, enne kui see t\u00f6\u00f6tleb ja v\u00e4ljastab tagasimakse. <\/p>\n<\/div>\n\n\n\n<div class=\"wp-block-column is-layout-flow wp-block-column-is-layout-flow\" style=\"flex-basis:10%\"><\/div>\n<\/div>\n\n<p><\/p>\n","protected":false},"excerpt":{"rendered":"<p>M\u00dc\u00dcME BALLISTIlisi KIIVreid KKK Kas teil on f\u00fc\u00fcsiline tehas? Jah! Meil on f\u00fc\u00fcsiline tehas ja oleme pakkunud hulgim\u00fc\u00fcki Euroopa ja&#8230;<\/p>\n","protected":false},"author":1,"featured_media":0,"parent":0,"menu_order":0,"comment_status":"closed","ping_status":"closed","template":"","meta":{"footnotes":""},"class_list":["post-12854","page","type-page","status-publish","hentry"],"_links":{"self":[{"href":"https:\/\/tyditiao.com\/et\/wp-json\/wp\/v2\/pages\/12854","targetHints":{"allow":["GET"]}}],"collection":[{"href":"https:\/\/tyditiao.com\/et\/wp-json\/wp\/v2\/pages"}],"about":[{"href":"https:\/\/tyditiao.com\/et\/wp-json\/wp\/v2\/types\/page"}],"author":[{"embeddable":true,"href":"https:\/\/tyditiao.com\/et\/wp-json\/wp\/v2\/users\/1"}],"replies":[{"embeddable":true,"href":"https:\/\/tyditiao.com\/et\/wp-json\/wp\/v2\/comments?post=12854"}],"version-history":[{"count":6,"href":"https:\/\/tyditiao.com\/et\/wp-json\/wp\/v2\/pages\/12854\/revisions"}],"predecessor-version":[{"id":16387,"href":"https:\/\/tyditiao.com\/et\/wp-json\/wp\/v2\/pages\/12854\/revisions\/16387"}],"wp:attachment":[{"href":"https:\/\/tyditiao.com\/et\/wp-json\/wp\/v2\/media?parent=12854"}],"curies":[{"name":"wp","href":"https:\/\/api.w.org\/{rel}","templated":true}]}}