{"id":13256,"date":"2023-03-05T03:25:17","date_gmt":"2023-05-22T13:52:38","guid":{"rendered":"http:\/\/tyditiao.com\/product\/wendy-taktikaline-kiiver-3a-kerge-erijoudude-plahvatuskindel-kiiver-erisuuruses-kohandatud-varviga-spetsiaalse-ostulink\/"},"modified":"2024-05-09T07:10:12","modified_gmt":"2024-05-09T05:10:12","slug":"wendy-taktikaline-helm-light-forces-special-3a-plahvatuskindel-kiiver-erisuuruses-kohandatud-varvi-puhendatud-ostulink","status":"publish","type":"product","link":"https:\/\/tyditiao.com\/et\/toode\/wendy-taktikaline-helm-light-forces-special-3a-plahvatuskindel-kiiver-erisuuruses-kohandatud-varvi-puhendatud-ostulink\/","title":{"rendered":"WENDY taktikaline kiiver 3A kerge erij\u00f5udude plahvatuskindel kiiver erisuuruses kohandatud v\u00e4rviga spetsiaalse ostulink"},"content":{"rendered":"<p><strong>WENDY kuulikindla kiivri suuruse kohta:<\/strong> oleme selle WENDY erij\u00f5udude kuulikindla kiivri jaoks lisanud suure ja v\u00e4ikese suurusega tootmisvormid, et vastata erinevate vajadustega kasutajatele. Suurus M on tavaline suurus, mis sobib enamikule inimestele. Kui arvate, et v\u00e4ike suurus vastab paremini teie vajadustele v\u00f5i kandmisharjumustele, valige v\u00e4ike suurus, vastasel juhul valige suur suurus.<\/p>\n<p><strong>WENDY kuulikindla kiivri v\u00e4rvi kohta:<\/strong> Meie masstootmises on peamiselt must, helepruun ja roheline. Kuid samal ajal on meil v\u00f5imalus toota mis tahes v\u00e4rvi v\u00f5i erinevaid kamuflaa\u017eimustreid, mida kliendid n\u00f5uavad, n\u00e4iteks metsamaa kamuflaa\u017e, d\u017eungli kamuflaa\u017e, k\u00f5rbe kamuflaa\u017e, mere kamuflaa\u017e, linna kamuflaa\u017e jne. Kui plaanite tellida rohkem kui 10 kiivrit , v\u00f5tke meiega \u00fchendust, saate selle kohandatud v\u00e4rviteenuse tasuta, lihtsalt saatke meile soovitud v\u00e4rvimuster<\/p>\n<p><strong>WENDY taktikalise kiivri kuulikindel tase:<\/strong> 0101.06 standardne IIIA tase<\/p>\n<p>MUGAV KANDA: Zorbium vahtpolsterdusel on vetth\u00fclgav vooder, millel on antimikroobne kate, mis juhib niiskuse eemale, hoides teid jahedana ja kuivana.<\/p>\n<p>LIHTNE REGULEERIMINE: Kerge s\u00f5jav\u00e4elise kvaliteediga CAM FIT kinnituss\u00fcsteem BOA-sulguriga, mis tagab kindla ja \u00fche k\u00e4ega reguleerimise t\u00e4pse sobivuse tagamiseks.<\/p>\n<p>LAIENDATAV: Rail 2.0 kinnituss\u00fcsteem \u00fchildub k\u00f5igi EXFIL Rail 2.0 tarvikutega. P\u00f6\u00f6ratav kardaani kinnitussiin ja kardaani kinnitus otsmikul v\u00f5imaldavad Wendyl luua rohkem v\u00f5imalusi.<\/p>\n<p>Lisaks tavalisele vedrustusele on kiivril kolm l\u00f6\u00f6gipadjandit ja kaheksa reguleeritavat padjakest optimaalse sobivuse ja mugavuse tagamiseks<\/p>\n","protected":false},"excerpt":{"rendered":"<p>WENDY kuulikindla kiivri suuruse kohta: oleme selle WENDY erij\u00f5udude kuulikindla kiivri jaoks lisanud suure ja v\u00e4ikese suurusega tootmisvormid, et vastata&#8230;<\/p>\n","protected":false},"featured_media":10609,"comment_status":"open","ping_status":"closed","template":"","meta":[],"product_brand":[],"product_cat":[654,656,655],"product_tag":[],"woo-feed-brand":[],"class_list":{"0":"post-13256","1":"product","2":"type-product","3":"status-publish","4":"has-post-thumbnail","6":"product_cat-kategooriata","7":"product_cat-kuulikindel-kiiver","8":"product_cat-wendy-et","10":"first","11":"instock","12":"sale","13":"shipping-taxable","14":"purchasable","15":"product-type-variable","16":"has-default-attributes"},"_links":{"self":[{"href":"https:\/\/tyditiao.com\/et\/wp-json\/wp\/v2\/product\/13256","targetHints":{"allow":["GET"]}}],"collection":[{"href":"https:\/\/tyditiao.com\/et\/wp-json\/wp\/v2\/product"}],"about":[{"href":"https:\/\/tyditiao.com\/et\/wp-json\/wp\/v2\/types\/product"}],"replies":[{"embeddable":true,"href":"https:\/\/tyditiao.com\/et\/wp-json\/wp\/v2\/comments?post=13256"}],"wp:featuredmedia":[{"embeddable":true,"href":"https:\/\/tyditiao.com\/et\/wp-json\/wp\/v2\/media\/10609"}],"wp:attachment":[{"href":"https:\/\/tyditiao.com\/et\/wp-json\/wp\/v2\/media?parent=13256"}],"wp:term":[{"taxonomy":"product_brand","embeddable":true,"href":"https:\/\/tyditiao.com\/et\/wp-json\/wp\/v2\/product_brand?post=13256"},{"taxonomy":"product_cat","embeddable":true,"href":"https:\/\/tyditiao.com\/et\/wp-json\/wp\/v2\/product_cat?post=13256"},{"taxonomy":"product_tag","embeddable":true,"href":"https:\/\/tyditiao.com\/et\/wp-json\/wp\/v2\/product_tag?post=13256"},{"taxonomy":"woo-feed-brand","embeddable":true,"href":"https:\/\/tyditiao.com\/et\/wp-json\/wp\/v2\/woo-feed-brand?post=13256"}],"curies":[{"name":"wp","href":"https:\/\/api.w.org\/{rel}","templated":true}]}}