{"id":13446,"date":"2023-03-05T03:22:19","date_gmt":"2023-05-22T13:58:43","guid":{"rendered":"http:\/\/tyditiao.com\/product\/mich2000-ballistiline-kiiver-3a-taktikaline-ballistiline-kiiver-erisuurus-kohandatud-varv-spetsiaalne-ostulink\/"},"modified":"2023-05-22T15:58:43","modified_gmt":"2023-05-22T13:58:43","slug":"mich2000-kuulikindel-kiiver-3a-taktikaline-ballistiline-kiiver-erisuuruses-kohandatud-varv-puhendatud-ostulink","status":"publish","type":"product","link":"https:\/\/tyditiao.com\/et\/toode\/mich2000-kuulikindel-kiiver-3a-taktikaline-ballistiline-kiiver-erisuuruses-kohandatud-varv-puhendatud-ostulink\/","title":{"rendered":"Mich2000 ballistiline kiiver, 3A taktikaline ballistiline kiiver, erisuurus, kohandatud v\u00e4rv, spetsiaalne ostulink"},"content":{"rendered":"<p><strong>Mich2000 kiivri suuruse kohta:<\/strong> oleme selle Mich 3A taktikalise ballistilise kiivri jaoks lisanud v\u00e4ikesed ja suured tootmisvormid, et vastata erinevate vajadustega kasutajatele. Suurus M on tavaline suurus ja sobib enamikule inimestele. Kui arvate, et v\u00e4ike suurus vastab paremini teie vajadustele v\u00f5i kandmisharjumustele, valige v\u00e4ike suurus, vastasel juhul valige suur suurus.<\/p>\n<p><strong>Mich2000 kuulikindla kiivri v\u00e4rvi kohta:<\/strong> Mich 3A taktikalist kuulikindlat kiivrit toodame peamiselt kolme v\u00e4rvi: must, helepruun ja roheline. Kuid samal ajal on meil v\u00f5imalus toota mis tahes v\u00e4rvi v\u00f5i erinevaid klientide m\u00e4\u00e4ratud kamuflaa\u017eimustreid, nagu metsamaa kamuflaa\u017e, d\u017eungli kamuflaa\u017e, k\u00f5rbe kamuflaa\u017e, mere kamuflaa\u017e ja linna kamuflaa\u017e jne. Kui plaanite tellida rohkem kui 10 kiivrit , v\u00f5tke meiega \u00fchendust, saate selle kohandatud v\u00e4rviteenuse tasuta, lihtsalt saatke meile soovitud v\u00e4rvimuster.<\/p>\n<p>MICH2000 kiiver kuulikindel kiiver: 0101.06 standard IIIA tase<\/p>\n<p>Materjal: suure vastupidavusega Kevlar-Dupont aramiidkiud<\/p>\n<p>MICH2000 ballistikiivril on suurem kaitsepind ja madala l\u00f5ikega disain, mis katab paremini pea k\u00fclgi, mis on veelgi kasulikum, kui te ei plaani palju tarvikuid paigaldada.<\/p>\n<p>Mich2000 ballistilise kiivri neljapunktiline kinnituss\u00fcsteem sarnaneb rula- ja jalgrattakiivritel leiduvatele kaitsetele ja rihmadele.<\/p>\n","protected":false},"excerpt":{"rendered":"<p>Mich2000 kiivri suuruse kohta: oleme selle Mich 3A taktikalise ballistilise kiivri jaoks lisanud v\u00e4ikesed ja suured tootmisvormid, et vastata erinevate&#8230;<\/p>\n","protected":false},"featured_media":9203,"comment_status":"open","ping_status":"closed","template":"","meta":[],"product_brand":[],"product_cat":[656,795],"product_tag":[],"woo-feed-brand":[],"class_list":{"0":"post-13446","1":"product","2":"type-product","3":"status-publish","4":"has-post-thumbnail","6":"product_cat-kuulikindel-kiiver","7":"product_cat-mich2000-et","9":"first","10":"instock","11":"sale","12":"shipping-taxable","13":"purchasable","14":"product-type-variable","15":"has-default-attributes"},"_links":{"self":[{"href":"https:\/\/tyditiao.com\/et\/wp-json\/wp\/v2\/product\/13446","targetHints":{"allow":["GET"]}}],"collection":[{"href":"https:\/\/tyditiao.com\/et\/wp-json\/wp\/v2\/product"}],"about":[{"href":"https:\/\/tyditiao.com\/et\/wp-json\/wp\/v2\/types\/product"}],"replies":[{"embeddable":true,"href":"https:\/\/tyditiao.com\/et\/wp-json\/wp\/v2\/comments?post=13446"}],"wp:featuredmedia":[{"embeddable":true,"href":"https:\/\/tyditiao.com\/et\/wp-json\/wp\/v2\/media\/9203"}],"wp:attachment":[{"href":"https:\/\/tyditiao.com\/et\/wp-json\/wp\/v2\/media?parent=13446"}],"wp:term":[{"taxonomy":"product_brand","embeddable":true,"href":"https:\/\/tyditiao.com\/et\/wp-json\/wp\/v2\/product_brand?post=13446"},{"taxonomy":"product_cat","embeddable":true,"href":"https:\/\/tyditiao.com\/et\/wp-json\/wp\/v2\/product_cat?post=13446"},{"taxonomy":"product_tag","embeddable":true,"href":"https:\/\/tyditiao.com\/et\/wp-json\/wp\/v2\/product_tag?post=13446"},{"taxonomy":"woo-feed-brand","embeddable":true,"href":"https:\/\/tyditiao.com\/et\/wp-json\/wp\/v2\/woo-feed-brand?post=13446"}],"curies":[{"name":"wp","href":"https:\/\/api.w.org\/{rel}","templated":true}]}}