{"id":13626,"date":"2023-03-05T03:17:44","date_gmt":"2023-05-22T14:04:47","guid":{"rendered":"http:\/\/tyditiao.com\/product\/fast-kuulikindel-kiiver-nij-iiia-kerge-kuulikindel-kiiver-erisuurus-kohandatud-varv-spetsiaalne-ostulink\/"},"modified":"2023-05-22T16:04:47","modified_gmt":"2023-05-22T14:04:47","slug":"kiire-kiire-kuulikindel-nij-iiia-kerge-ballistiline-roiver-erisuuruses-kohandatud-varvi-puhendatud-ostulink","status":"publish","type":"product","link":"https:\/\/tyditiao.com\/et\/toode\/kiire-kiire-kuulikindel-nij-iiia-kerge-ballistiline-roiver-erisuuruses-kohandatud-varvi-puhendatud-ostulink\/","title":{"rendered":"FAST kuulikindel kiiver, NIJ IIIA kerge kuulikindel kiiver, erisuurus, kohandatud v\u00e4rv, spetsiaalne ostulink"},"content":{"rendered":"<p><strong>FAST kuulikindla kiivri suurus:<\/strong> oleme lisanud FAST kergele kuulikindlale kiivrile v\u00e4ikesed ja suured tootmisvormid, et vastata erinevate vajadustega kasutajatele. M on tavaline suurus ja sobib enamikule inimestele. Kui arvate, et v\u00e4ike suurus vastab teie vajadustele v\u00f5i kandmisharjumustele, valige S-suurus, vastasel juhul valige L-suurus.<\/p>\n<p><strong>Fast Light kuulikindlate kiivrite v\u00e4rvid:<\/strong> meie toodetavate Fast Lighti kuulikindlate kiivrite v\u00e4rvid on peamiselt mustad, helepruunid ja rohelised. Kuid samal ajal oleme v\u00f5imelised valmistama kliendi poolt m\u00e4\u00e4ratud v\u00e4rve v\u00f5i erinevaid kamuflaa\u017eimustreid, nagu metsa kamuflaa\u017e, d\u017eungli kamuflaa\u017e, k\u00f5rbe kamuflaa\u017e, ookeani kamuflaa\u017e ja linna kamuflaa\u017e. Kui plaanite tellida rohkem kui 10 kiivrit, v\u00f5tke meiega \u00fchendust, saate selle kohandatud v\u00e4rviteenuse tasuta, lihtsalt saatke meile soovitud v\u00e4rvimuster.<\/p>\n<p>FAST kuulikindla topeltkiivri tase: 0101.06 standard IIIA tase<\/p>\n<p>Materjal: suure vastupidavusega Kevlar-Dupont aramiidkiud<\/p>\n<p>V\u00f5rreldes tavaliste s\u00f5jav\u00e4ekiivritega on FAST kiivrid 25% kergemad. Kiivri vedrustuss\u00fcsteemiga saavad kasutajad optimaalse mugavuse tagamiseks lihtsalt nuppu keerates reguleerida kiivri tihedust v\u00f5i tihedust.<\/p>\n","protected":false},"excerpt":{"rendered":"<p>FAST kuulikindla kiivri suurus: oleme lisanud FAST kergele kuulikindlale kiivrile v\u00e4ikesed ja suured tootmisvormid, et vastata erinevate vajadustega kasutajatele. M&#8230;<\/p>\n","protected":false},"featured_media":10267,"comment_status":"open","ping_status":"closed","template":"","meta":[],"product_brand":[],"product_cat":[813,656],"product_tag":[],"woo-feed-brand":[],"class_list":{"0":"post-13626","1":"product","2":"type-product","3":"status-publish","4":"has-post-thumbnail","6":"product_cat-kiire","7":"product_cat-kuulikindel-kiiver","9":"first","10":"instock","11":"sale","12":"shipping-taxable","13":"purchasable","14":"product-type-variable","15":"has-default-attributes"},"_links":{"self":[{"href":"https:\/\/tyditiao.com\/et\/wp-json\/wp\/v2\/product\/13626","targetHints":{"allow":["GET"]}}],"collection":[{"href":"https:\/\/tyditiao.com\/et\/wp-json\/wp\/v2\/product"}],"about":[{"href":"https:\/\/tyditiao.com\/et\/wp-json\/wp\/v2\/types\/product"}],"replies":[{"embeddable":true,"href":"https:\/\/tyditiao.com\/et\/wp-json\/wp\/v2\/comments?post=13626"}],"wp:featuredmedia":[{"embeddable":true,"href":"https:\/\/tyditiao.com\/et\/wp-json\/wp\/v2\/media\/10267"}],"wp:attachment":[{"href":"https:\/\/tyditiao.com\/et\/wp-json\/wp\/v2\/media?parent=13626"}],"wp:term":[{"taxonomy":"product_brand","embeddable":true,"href":"https:\/\/tyditiao.com\/et\/wp-json\/wp\/v2\/product_brand?post=13626"},{"taxonomy":"product_cat","embeddable":true,"href":"https:\/\/tyditiao.com\/et\/wp-json\/wp\/v2\/product_cat?post=13626"},{"taxonomy":"product_tag","embeddable":true,"href":"https:\/\/tyditiao.com\/et\/wp-json\/wp\/v2\/product_tag?post=13626"},{"taxonomy":"woo-feed-brand","embeddable":true,"href":"https:\/\/tyditiao.com\/et\/wp-json\/wp\/v2\/woo-feed-brand?post=13626"}],"curies":[{"name":"wp","href":"https:\/\/api.w.org\/{rel}","templated":true}]}}