{"id":13795,"date":"2023-03-05T03:08:59","date_gmt":"2023-05-22T14:10:51","guid":{"rendered":"http:\/\/tyditiao.com\/product\/taiskevlari-staatiline-kois-langevarjuronimise-kois-tuleohutuskois-8-105-mm-10-m\/"},"modified":"2023-05-22T16:10:51","modified_gmt":"2023-05-22T14:10:51","slug":"taiselektrostaatiline-kevlar-ronimis-tule-ohutus-vihmavari-kois-8-105-mm-10m","status":"publish","type":"product","link":"https:\/\/tyditiao.com\/et\/toode\/taiselektrostaatiline-kevlar-ronimis-tule-ohutus-vihmavari-kois-8-105-mm-10m\/","title":{"rendered":"T\u00e4iskevlari staatiline k\u00f6is, langevarjuronimise k\u00f6is, tuleohutusk\u00f6is, 8, 10,5 mm (10 m)"},"content":{"rendered":"<p>Kui soovite osta pikemat k\u00f6it, n\u00e4iteks 50 meetrit, siis palun ostke 5*10 meetrit k\u00f6it ja seej\u00e4rel j\u00e4tke m\u00fc\u00fcjale teade, et vajate tervet 50 meetrit k\u00f6it.<\/p>\n<p><strong>Karabiinide kohta:<\/strong> Kui ostate k\u00f6ie pikkusega \u00fcle 10 meetri, anname teile kaks karabiine, nagu pildil m\u00e4rgitud. V\u00f5ite selle paigaldada trossi m\u00f5lemasse otsa v\u00f5i j\u00e4tta selle rahule ja see on pakendis. Lihtsalt kirjutage meile ja andke meile oma otsusest teada<\/p>\n<p>Toote nimi: t\u00e4iskevlari staatiline k\u00f6is<br \/>\nMaterjal: Kevlar<br \/>\nV\u00e4rv: v\u00e4rv nagu pildil n\u00e4idatud<br \/>\nL\u00e4bim\u00f5\u00f5t: 10,5 mm, 8 mm<br \/>\nNetokaal (\u00b15%): 10,5 mm (75 g\/m) 8 mm (43 g\/m)<br \/>\nT\u00f5mbej\u00f5ud: 10,5 mm (40 kN\/4000 kg) 8 mm (28 kN\/2800 kg)<br \/>\nSertifikaat: CE EN1891:1998<br \/>\nOmadused: k\u00f5rge tugevus, k\u00f5rge temperatuuritaluvus, hea sitkus, tugev rebenemiskindlus<br \/>\nMultifunktsionaalne: ronimine, laiendamine, tulet\u00f5rje, \u00f5hut\u00f6\u00f6d, koobastamine, rippumine jne.<\/p>\n<p>S\u00f5bralik meeldetuletus: K\u00f5rguses t\u00f6\u00f6tades v\u00f5i m\u00e4ngides kontrollige ja hooldage oma varustust, et v\u00e4ltida v\u00e4\u00e4rkasutusest tulenevaid ohte<\/p>\n","protected":false},"excerpt":{"rendered":"<p>Kui soovite osta pikemat k\u00f6it, n\u00e4iteks 50 meetrit, siis palun ostke 5*10 meetrit k\u00f6it ja seej\u00e4rel j\u00e4tke m\u00fc\u00fcjale teade, et&#8230;<\/p>\n","protected":false},"featured_media":12566,"comment_status":"open","ping_status":"closed","template":"","meta":[],"product_brand":[],"product_cat":[832],"product_tag":[],"woo-feed-brand":[],"class_list":{"0":"post-13795","1":"product","2":"type-product","3":"status-publish","4":"has-post-thumbnail","6":"product_cat-turvakois","8":"first","9":"instock","10":"shipping-taxable","11":"purchasable","12":"product-type-variable","13":"has-default-attributes"},"_links":{"self":[{"href":"https:\/\/tyditiao.com\/et\/wp-json\/wp\/v2\/product\/13795","targetHints":{"allow":["GET"]}}],"collection":[{"href":"https:\/\/tyditiao.com\/et\/wp-json\/wp\/v2\/product"}],"about":[{"href":"https:\/\/tyditiao.com\/et\/wp-json\/wp\/v2\/types\/product"}],"replies":[{"embeddable":true,"href":"https:\/\/tyditiao.com\/et\/wp-json\/wp\/v2\/comments?post=13795"}],"wp:featuredmedia":[{"embeddable":true,"href":"https:\/\/tyditiao.com\/et\/wp-json\/wp\/v2\/media\/12566"}],"wp:attachment":[{"href":"https:\/\/tyditiao.com\/et\/wp-json\/wp\/v2\/media?parent=13795"}],"wp:term":[{"taxonomy":"product_brand","embeddable":true,"href":"https:\/\/tyditiao.com\/et\/wp-json\/wp\/v2\/product_brand?post=13795"},{"taxonomy":"product_cat","embeddable":true,"href":"https:\/\/tyditiao.com\/et\/wp-json\/wp\/v2\/product_cat?post=13795"},{"taxonomy":"product_tag","embeddable":true,"href":"https:\/\/tyditiao.com\/et\/wp-json\/wp\/v2\/product_tag?post=13795"},{"taxonomy":"woo-feed-brand","embeddable":true,"href":"https:\/\/tyditiao.com\/et\/wp-json\/wp\/v2\/woo-feed-brand?post=13795"}],"curies":[{"name":"wp","href":"https:\/\/api.w.org\/{rel}","templated":true}]}}