{"id":13855,"date":"2023-03-05T02:51:52","date_gmt":"2023-05-22T14:16:58","guid":{"rendered":"http:\/\/tyditiao.com\/product\/aramiid-valiskest-nailonist-sisemine-staatiline-kois-valisalpinismi-ohutuskois-68105-10m\/"},"modified":"2023-05-22T16:16:58","modified_gmt":"2023-05-22T14:16:58","slug":"kevlar-valis-skoranuul-sudamik-staatiline-ohutuskois-valis-6810-5-10-m","status":"publish","type":"product","link":"https:\/\/tyditiao.com\/et\/toode\/kevlar-valis-skoranuul-sudamik-staatiline-ohutuskois-valis-6810-5-10-m\/","title":{"rendered":"Aramiid v\u00e4liskest + nailonist sisemine staatiline k\u00f6is v\u00e4lisalpinismi ohutusk\u00f6is 6,8,10,5 (10m)"},"content":{"rendered":"<p>Kui teil on vaja osta pikem k\u00f6is, n\u00e4iteks 80 meetrit, siis palun ostke 8*10 meetrit k\u00f6it ja seej\u00e4rel j\u00e4tke m\u00fc\u00fcjale teade, et vajate tervet 80 meetrit k\u00f6it.<\/p>\n<p><strong>Staatilise trossi m\u00f5lemas otsas olevate karabiinide kohta:<\/strong> Kui ostetud k\u00f6ie pikkus \u00fcletab 10 meetrit, anname teile kaks pildil m\u00e4rgitud karabiine. Saate valida, kas soovite selle kinnitada trossi m\u00f5lemasse otsa v\u00f5i te ei pea seda paigaldama ja saatma koos trossiga pakendis, lihtsalt kirjutage meile teade ja andke meile oma otsusest teada<\/p>\n<p>Toote nimetus: Aramiidkiud + nailonist staatiline k\u00f6is<br \/>\nV\u00e4rv: v\u00e4rv nagu pildil n\u00e4idatud<br \/>\nL\u00e4bim\u00f5\u00f5t: 6mm 8mm 10mm<br \/>\nNetokaal (\u00b15%): 6mm (27g\/m) 8mm (42g\/m) 10mm (65g\/m)<br \/>\nT\u00f5mbej\u00f5ud: 6mm (7KN\/700KG) 8mm (16KN\/1600KG) 10mm (36KN\/3600KG)<br \/>\nV\u00e4limuse materjal: aramiid<br \/>\nP\u00f5himaterjal: nailon<br \/>\nSertifikaat: CE EN1891:1998<br \/>\nMultifunktsionaalne: ronimine, teleskoop, tulet\u00f5rje, k\u00f5rgustes t\u00f6\u00f6tamine, kraanad jne.<\/p>\n","protected":false},"excerpt":{"rendered":"<p>Kui teil on vaja osta pikem k\u00f6is, n\u00e4iteks 80 meetrit, siis palun ostke 8*10 meetrit k\u00f6it ja seej\u00e4rel j\u00e4tke m\u00fc\u00fcjale&#8230;<\/p>\n","protected":false},"featured_media":12547,"comment_status":"open","ping_status":"closed","template":"","meta":[],"product_brand":[],"product_cat":[832],"product_tag":[],"woo-feed-brand":[50],"class_list":{"0":"post-13855","1":"product","2":"type-product","3":"status-publish","4":"has-post-thumbnail","6":"product_cat-turvakois","7":"woo-feed-brand-tyditiao","9":"first","10":"instock","11":"shipping-taxable","12":"purchasable","13":"product-type-variable","14":"has-default-attributes"},"_links":{"self":[{"href":"https:\/\/tyditiao.com\/et\/wp-json\/wp\/v2\/product\/13855","targetHints":{"allow":["GET"]}}],"collection":[{"href":"https:\/\/tyditiao.com\/et\/wp-json\/wp\/v2\/product"}],"about":[{"href":"https:\/\/tyditiao.com\/et\/wp-json\/wp\/v2\/types\/product"}],"replies":[{"embeddable":true,"href":"https:\/\/tyditiao.com\/et\/wp-json\/wp\/v2\/comments?post=13855"}],"wp:featuredmedia":[{"embeddable":true,"href":"https:\/\/tyditiao.com\/et\/wp-json\/wp\/v2\/media\/12547"}],"wp:attachment":[{"href":"https:\/\/tyditiao.com\/et\/wp-json\/wp\/v2\/media?parent=13855"}],"wp:term":[{"taxonomy":"product_brand","embeddable":true,"href":"https:\/\/tyditiao.com\/et\/wp-json\/wp\/v2\/product_brand?post=13855"},{"taxonomy":"product_cat","embeddable":true,"href":"https:\/\/tyditiao.com\/et\/wp-json\/wp\/v2\/product_cat?post=13855"},{"taxonomy":"product_tag","embeddable":true,"href":"https:\/\/tyditiao.com\/et\/wp-json\/wp\/v2\/product_tag?post=13855"},{"taxonomy":"woo-feed-brand","embeddable":true,"href":"https:\/\/tyditiao.com\/et\/wp-json\/wp\/v2\/woo-feed-brand?post=13855"}],"curies":[{"name":"wp","href":"https:\/\/api.w.org\/{rel}","templated":true}]}}