{"id":13922,"date":"2023-01-16T12:36:49","date_gmt":"2023-01-16T10:36:49","guid":{"rendered":"http:\/\/tyditiao.com\/product\/peidetav-soomusvestid-kuulikindel-vest-nij-iiia-kaitsetasemega-isiklikud-valistingimustes-kasutatavad-turvavarustus\/"},"modified":"2026-01-25T19:44:22","modified_gmt":"2026-01-25T17:44:22","slug":"peidetav-kuulivest-kuulivest-ni-iiia-kaitsetasemega-isikliku-turvavarustusega-oues","status":"publish","type":"product","link":"https:\/\/tyditiao.com\/et\/toode\/peidetav-kuulivest-kuulivest-ni-iiia-kaitsetasemega-isikliku-turvavarustusega-oues\/","title":{"rendered":"Peidetav soomusvestid, kuulikindel vest NIJ IIIA kaitsetasemega, isiklikud v\u00e4listingimustes kasutatavad turvavarustus"},"content":{"rendered":"<p>Materjal: \u00fclik\u00f5rgmolekulaarne PE-materjal, mis talub mitut l\u00f6\u00f6ki, j\u00e4\u00e4des samal ajal elastseks. Sellel on kergus, pehmus, mugavus, suurep\u00e4rane UV-kindlus, madal niiskustundlikkus ja veekindlus.<\/p>\n<p>Kaitseklass: NIJ IIIA esi- ja tagakaitse<\/p>\n<p>Blokeeritavad t\u00e4pid:<br \/>\n.44 Magnum<br \/>\n0,40 S&amp;W, 0,357 Magnum, 0,45<br \/>\np\u00fcstolkuulipilduja 9mm<br \/>\nPoolmantliga \u00f5\u00f5nsa otsaga (SJHP) kuulid<br \/>\nT\u00e4ismetallist m\u00fcrsu kalibreerimine 9 mm, nimikaal 8,0 g (124 g), l\u00f6\u00f6gikiirus 426 m\/s (1400 jalga\/s) v\u00f5i v\u00e4hem<br \/>\nSamuti pakub kaitset enamiku k\u00e4sirelvade ohtude ning IIA ja II klassi ohtude eest<\/p>\n<p>V\u00e4rv: must<br \/>\nSugu: Unisex<br \/>\nR\u00f5ivat\u00fc\u00fcp: vest, top<br \/>\nVarruka t\u00fc\u00fcp: varrukateta<br \/>\nFunktsioon: kuulikindel<br \/>\nsuurus: \u00fcks suurus<br \/>\nKaal: 2,5 kg<br \/>\nPesemine: sisemine vooder ja \u00fcler\u00f5ivad on eraldatavad, sisemist kuulikindlat kihti ei saa pesta, lihtsalt puhastage v\u00e4limine kiht<\/p>\n<p>Pakend: 1 x kuulikindel vest (NIJ IIIA)<\/p>\n","protected":false},"excerpt":{"rendered":"<p>Pehme ja kerge: painduv, mugav kanda, p\u00f5him\u00f5tteliselt ei m\u00f5juta inimkeha jooksmas ega k\u00fckitamas<\/p>\n<p>Suurep\u00e4rane varjamine: takjapaeladega reguleeritav neljas erinevas punktis, et saaksite h\u00f5lpsasti riiete alla peita<\/p>\n<p>NIJ IIIA kaitse: k\u00f5rgeim kuulivestide kaitsetase praegu<\/p>\n<p>Hea laienemisv\u00f5ime: eesmised ja tagumised soomustaskud saab kinnitada kuulikindlate terasplaatidega, et pakkuda t\u00e4iendavat kaitset vastavalt nende enda vajadustele<\/p>\n<p>Kohaldatavad inimesed: ajakirjanikud ja s\u00f5jav\u00e4elased reisivad l\u00e4bi s\u00f5jast r\u00e4situd alade ning neid saab kasutada ka kodukaitseks, et kaitsta oma turvalisust ja keha kuulide ja prahi eest.<\/p>\n","protected":false},"featured_media":12414,"comment_status":"open","ping_status":"closed","template":"","meta":[],"product_brand":[],"product_cat":[851],"product_tag":[],"woo-feed-brand":[50],"class_list":{"0":"post-13922","1":"product","2":"type-product","3":"status-publish","4":"has-post-thumbnail","6":"product_cat-taktikaline-vest","7":"woo-feed-brand-tyditiao","9":"first","10":"instock","11":"sale","12":"shipping-taxable","13":"purchasable","14":"product-type-simple"},"_links":{"self":[{"href":"https:\/\/tyditiao.com\/et\/wp-json\/wp\/v2\/product\/13922","targetHints":{"allow":["GET"]}}],"collection":[{"href":"https:\/\/tyditiao.com\/et\/wp-json\/wp\/v2\/product"}],"about":[{"href":"https:\/\/tyditiao.com\/et\/wp-json\/wp\/v2\/types\/product"}],"replies":[{"embeddable":true,"href":"https:\/\/tyditiao.com\/et\/wp-json\/wp\/v2\/comments?post=13922"}],"wp:featuredmedia":[{"embeddable":true,"href":"https:\/\/tyditiao.com\/et\/wp-json\/wp\/v2\/media\/12414"}],"wp:attachment":[{"href":"https:\/\/tyditiao.com\/et\/wp-json\/wp\/v2\/media?parent=13922"}],"wp:term":[{"taxonomy":"product_brand","embeddable":true,"href":"https:\/\/tyditiao.com\/et\/wp-json\/wp\/v2\/product_brand?post=13922"},{"taxonomy":"product_cat","embeddable":true,"href":"https:\/\/tyditiao.com\/et\/wp-json\/wp\/v2\/product_cat?post=13922"},{"taxonomy":"product_tag","embeddable":true,"href":"https:\/\/tyditiao.com\/et\/wp-json\/wp\/v2\/product_tag?post=13922"},{"taxonomy":"woo-feed-brand","embeddable":true,"href":"https:\/\/tyditiao.com\/et\/wp-json\/wp\/v2\/woo-feed-brand?post=13922"}],"curies":[{"name":"wp","href":"https:\/\/api.w.org\/{rel}","templated":true}]}}