{"id":13983,"date":"2022-10-21T05:20:55","date_gmt":"2023-05-22T16:02:39","guid":{"rendered":"http:\/\/tyditiao.com\/product\/kuulikindel-teras-nij-iv-7mm-3kg-kuulikindel-ballistiline-rinnaplaat-250x300mm\/"},"modified":"2025-09-29T15:50:08","modified_gmt":"2025-09-29T13:50:08","slug":"kuulikindel-teras-nij-level-iv-7mm-3kg-rinnaplaat-kuulikindel-250x300mm","status":"publish","type":"product","link":"https:\/\/tyditiao.com\/et\/toode\/kuulikindel-teras-nij-level-iv-7mm-3kg-rinnaplaat-kuulikindel-250x300mm\/","title":{"rendered":"Kuulikindel teras, NIJ IV, 7mm, 3KG, kuulikindel ballistiline rinnaplaat, 250x300mm"},"content":{"rendered":"<p>Kaal: 3kg<br \/>\nMaterjal: kuulikindel teras;<br \/>\nPaksus: 7mm<br \/>\nKaitseklass: NIJ IV (GA6)<\/p>\n<p>M\u00f5\u00f5dud: 25cm * 30cm<br \/>\nKuju: trapets (faasitud nurkadega trapetsikujuline plaat)<\/p>\n<p>Pakkimisnimekiri:<br \/>\n1 x trapetsikujuline kuulikindel plaat.<\/p>\n<p>M\u00e4rkus:<br \/>\nHelkurvest ei kuulu komplekti<\/p>\n<p>Kasutajad: perekaitse, riskiga seotud t\u00f6\u00f6tajad, panga valuutakaitse, v\u00e4lisriigi s\u00f5jav\u00e4elased, relvastatud konfliktide v\u00e4list\u00f6\u00f6tajad, turvat\u00f6\u00f6tajad, meremehed, piirivalvurid jne.<\/p>\n","protected":false},"excerpt":{"rendered":"<p>Valmistatud spetsiaalsest kuulikindlast terasplaadist: sama kaitsetase, mille eeliseks on \u00f5huke ja kerge.<\/p>\n<p>Puhverkiht: iga kuulikindla plaadi sees on p\u00f5rutuskindla EVA vatipadja kiht, mis v\u00f5ib p\u00e4rast pommitamist t\u00f5husalt v\u00e4hendada m\u00f5ju inimkehale.<\/p>\n<p>Kahekordse kaare disain: ergonoomiliste p\u00f5him\u00f5tete kohaselt mehaaniline triikimine laua vasakul ja paremal k\u00fcljel muudab kaarekujulised servad ideaalselt kehaga sobivaks<\/p>\n<p>Kasutamine: Ohutuse tagamiseks kasutage seda koos taktikaliste vestide, jopede, ballistiliste seljakottidega, erinevate soomusvestidega jne.<\/p>\n","protected":false},"featured_media":11996,"comment_status":"open","ping_status":"closed","template":"","meta":[],"product_brand":[],"product_cat":[870],"product_tag":[],"woo-feed-brand":[50],"class_list":{"0":"post-13983","1":"product","2":"type-product","3":"status-publish","4":"has-post-thumbnail","6":"product_cat-kuulikindel-rinnaplaat","7":"woo-feed-brand-tyditiao","9":"first","10":"instock","11":"sale","12":"shipping-taxable","13":"purchasable","14":"product-type-simple"},"_links":{"self":[{"href":"https:\/\/tyditiao.com\/et\/wp-json\/wp\/v2\/product\/13983","targetHints":{"allow":["GET"]}}],"collection":[{"href":"https:\/\/tyditiao.com\/et\/wp-json\/wp\/v2\/product"}],"about":[{"href":"https:\/\/tyditiao.com\/et\/wp-json\/wp\/v2\/types\/product"}],"replies":[{"embeddable":true,"href":"https:\/\/tyditiao.com\/et\/wp-json\/wp\/v2\/comments?post=13983"}],"wp:featuredmedia":[{"embeddable":true,"href":"https:\/\/tyditiao.com\/et\/wp-json\/wp\/v2\/media\/11996"}],"wp:attachment":[{"href":"https:\/\/tyditiao.com\/et\/wp-json\/wp\/v2\/media?parent=13983"}],"wp:term":[{"taxonomy":"product_brand","embeddable":true,"href":"https:\/\/tyditiao.com\/et\/wp-json\/wp\/v2\/product_brand?post=13983"},{"taxonomy":"product_cat","embeddable":true,"href":"https:\/\/tyditiao.com\/et\/wp-json\/wp\/v2\/product_cat?post=13983"},{"taxonomy":"product_tag","embeddable":true,"href":"https:\/\/tyditiao.com\/et\/wp-json\/wp\/v2\/product_tag?post=13983"},{"taxonomy":"woo-feed-brand","embeddable":true,"href":"https:\/\/tyditiao.com\/et\/wp-json\/wp\/v2\/woo-feed-brand?post=13983"}],"curies":[{"name":"wp","href":"https:\/\/api.w.org\/{rel}","templated":true}]}}