{"id":14010,"date":"2022-10-21T05:17:38","date_gmt":"2023-05-23T00:31:23","guid":{"rendered":"http:\/\/tyditiao.com\/product\/alumiiniumpe-nij-level-iii-20mm-2kg-kuulikindel-rinnamark-ballistiline-sisestus-250x300mm\/"},"modified":"2023-05-23T02:31:23","modified_gmt":"2023-05-23T00:31:23","slug":"alumiiniumoksiid-nij-tase-iii-20mm-2kg-napore-kuulikindel-250x300mm","status":"publish","type":"product","link":"https:\/\/tyditiao.com\/et\/toode\/alumiiniumoksiid-nij-tase-iii-20mm-2kg-napore-kuulikindel-250x300mm\/","title":{"rendered":"Alumiinium+PE, NIJ Level III, 20MM, 2KG, kuulikindel rinnam\u00e4rk, ballistiline sisestus 250X300MM"},"content":{"rendered":"<p>Kaal: 2kg<br \/>\nMaterjal: alumiiniumoksiid + PE<br \/>\nPaksus: 20 mm<br \/>\nKaitseklass: NIJ III klass (GA5)<\/p>\n<p>V\u00e4liskiht: must veekindel pol\u00fcesterkangas;<br \/>\nM\u00f5\u00f5dud: 250x300mm \/ 9,8&#8243;x11,8&#8243;<br \/>\nKuju: trapets (faasitud nurkadega trapetsikujuline plaat)<\/p>\n<p>Pakkimisnimekiri:<br \/>\n1 x trapetsikujuline kuulikindel plaat.<\/p>\n<p>M\u00e4rkus:<br \/>\nHelkurvest ei kuulu komplekti<\/p>\n<p>Sihtkasutajad: relvaj\u00f5ud, SWAT, sisejulgeolek, toll ja piirivalve, immigratsioonikontroll ja teised, kes seisavad silmitsi relvaohuga, v\u00f5ivad olla varustatud meie toodetega. Inimesed saavad paremaid tulemusi ja v\u00e4hem inimohvreid. Toode sobib paremini ka sellisteks olukordadeks nagu pikamaa- v\u00f5i kaugmissioonid. See on hea valik ka teie enda pere kaitseks<\/p>\n<p>Ballistlikke siset\u00fckke kasutatakse sageli soomusvestides v\u00f5i taktikalistes vestides. Kuulikindlaid padruneid on kahte t\u00fc\u00fcpi: eesmine ja k\u00fclgmine. Esipaneel kaitseb rindkere ja selga ning k\u00fcljepaneelid keha k\u00fclgi. Faasid kaitsevad tavaliselt rindkere esik\u00fclge ja ruudud tagak\u00fclge.<\/p>\n<p>Kuulikindlaid plaate on nelja t\u00fc\u00fcpi: kuulikindel teras, PE-pol\u00fcet\u00fcleen, PE+alumiiniumoksiid, PE+r\u00e4nikarbiid.<\/p>\n<p>Keraamilised kuulikindlad siset\u00fckid on tavaliselt valmistatud sellistest materjalidest nagu keraamika ja pol\u00fcet\u00fcleen PE. Reegel on: kui kuul tabab kuulikindlat padrunit, tabab kuul esimesena keraamilise kihi \u00fclaosa. M\u00fcrsu tohutu l\u00f6\u00f6gij\u00f5ud kandub edasi keskkonda, neelates m\u00fcrsu tohutu kineetilise energia. Kui m\u00fcrsk l\u00e4bib keraamilist kihti, kaotab see suurema osa oma kineetilisest energiast. Kui m\u00fcrsk j\u00f5uab pol\u00fcet\u00fcleenikihini, hajutab pol\u00fcet\u00fcleen m\u00fcrsu kineetilise energia, venitades ja m\u00e4hkides m\u00fcrsku ja kilde, m\u00f5judes kehale v\u00e4hesel m\u00e4\u00e4ral, pakkudes suurep\u00e4rast kaitset.<\/p>\n","protected":false},"excerpt":{"rendered":"<p>Sama ballistilise hinnangu korral on see terasest kergem ja r\u00e4nikarbiidist odavam, seega on alumiiniumoksiidi keraamiline ballistika hea tasakaal.<\/p>\n<p>Pealmine kiht on valmistatud veekindlast pol\u00fcesterkangast ning paneel on veekindel ja plekikindel.<\/p>\n<p>Puhverkiht: iga kuulikindel plaat on kinnitatud EVA p\u00f5rutuskindla padja sisemise kihi k\u00fclge, mis v\u00f5ib p\u00e4rast plahvatust t\u00f5husalt v\u00e4hendada m\u00f5ju inimkehale.<\/p>\n<p>Plaadi materjal: \u00fclemine kiht on alumiiniumkeraamiline plaat ja alumine kiht on PE kuulikindel plaat;<\/p>\n","protected":false},"featured_media":11939,"comment_status":"open","ping_status":"closed","template":"","meta":[],"product_brand":[],"product_cat":[870],"product_tag":[],"woo-feed-brand":[50],"class_list":{"0":"post-14010","1":"product","2":"type-product","3":"status-publish","4":"has-post-thumbnail","6":"product_cat-kuulikindel-rinnaplaat","7":"woo-feed-brand-tyditiao","9":"first","10":"instock","11":"sale","12":"shipping-taxable","13":"purchasable","14":"product-type-simple"},"_links":{"self":[{"href":"https:\/\/tyditiao.com\/et\/wp-json\/wp\/v2\/product\/14010","targetHints":{"allow":["GET"]}}],"collection":[{"href":"https:\/\/tyditiao.com\/et\/wp-json\/wp\/v2\/product"}],"about":[{"href":"https:\/\/tyditiao.com\/et\/wp-json\/wp\/v2\/types\/product"}],"replies":[{"embeddable":true,"href":"https:\/\/tyditiao.com\/et\/wp-json\/wp\/v2\/comments?post=14010"}],"wp:featuredmedia":[{"embeddable":true,"href":"https:\/\/tyditiao.com\/et\/wp-json\/wp\/v2\/media\/11939"}],"wp:attachment":[{"href":"https:\/\/tyditiao.com\/et\/wp-json\/wp\/v2\/media?parent=14010"}],"wp:term":[{"taxonomy":"product_brand","embeddable":true,"href":"https:\/\/tyditiao.com\/et\/wp-json\/wp\/v2\/product_brand?post=14010"},{"taxonomy":"product_cat","embeddable":true,"href":"https:\/\/tyditiao.com\/et\/wp-json\/wp\/v2\/product_cat?post=14010"},{"taxonomy":"product_tag","embeddable":true,"href":"https:\/\/tyditiao.com\/et\/wp-json\/wp\/v2\/product_tag?post=14010"},{"taxonomy":"woo-feed-brand","embeddable":true,"href":"https:\/\/tyditiao.com\/et\/wp-json\/wp\/v2\/woo-feed-brand?post=14010"}],"curies":[{"name":"wp","href":"https:\/\/api.w.org\/{rel}","templated":true}]}}