{"id":14050,"date":"2022-10-21T05:13:02","date_gmt":"2023-05-23T00:54:36","guid":{"rendered":"http:\/\/tyditiao.com\/product\/sic-pe-nij-iii-20mm-18kg-kuulikindel-rinnamark-ballistiline-sisestus-250x300mm\/"},"modified":"2023-05-23T02:54:36","modified_gmt":"2023-05-23T00:54:36","slug":"sicpe-nij-level-iii-20mm-1-8kgn-cuirass-kuulikindel-250x300mm","status":"publish","type":"product","link":"https:\/\/tyditiao.com\/et\/toode\/sicpe-nij-level-iii-20mm-1-8kgn-cuirass-kuulikindel-250x300mm\/","title":{"rendered":"SIC + PE, NIJ III, 20MM, 1,8KG, kuulikindel rinnam\u00e4rk, ballistiline sisestus, 250X300MM"},"content":{"rendered":"<p>Kaal: 1,8 kg<br \/>\nMaterjal: Suusk+PE<br \/>\nPaksus: 20 mm<br \/>\nKaitseklass: NIJ III klass (GA5)<\/p>\n<p>V\u00e4liskiht: must veekindel pol\u00fcesterkangas;<br \/>\nM\u00f5\u00f5dud: 250x300mm \/ 9,8&#8243;x11,8&#8243;<br \/>\nKuju: trapets (faasitud nurkadega trapetsikujuline plaat)<\/p>\n<p>Pakkimisnimekiri:<br \/>\n1 x trapetsikujuline kuulikindel plaat.<\/p>\n<p>M\u00e4rkus:<br \/>\nHelkurvest ei kuulu komplekti<\/p>\n<p>Sihtkasutajad: relvaj\u00f5ud, SWAT, sisejulgeolek, toll ja piirivalve, immigratsioonikontroll ja teised, kes seisavad silmitsi relvaohuga, v\u00f5ivad olla varustatud meie toodetega. Inimesed saavad paremaid tulemusi ja v\u00e4hem inimohvreid. Toode sobib paremini ka sellisteks olukordadeks nagu pikamaa- v\u00f5i kaugmissioonid. See on hea valik ka teie enda pere kaitseks<\/p>\n<p>Ballistlikke siset\u00fckke kasutatakse sageli soomusvestides v\u00f5i taktikalistes vestides. Kuulikindlaid padruneid on kahte t\u00fc\u00fcpi: eesmine ja k\u00fclgmine. Esipaneel kaitseb rindkere ja selga ning k\u00fcljepaneelid keha k\u00fclgi. Faasid kaitsevad tavaliselt rindkere esik\u00fclge ja ruudud tagak\u00fclge.<\/p>\n<p>Kuulikindlaid plaate on nelja t\u00fc\u00fcpi: kuulikindel teras, PE-pol\u00fcet\u00fcleen, PE+alumiiniumoksiid, PE+r\u00e4nikarbiid. Saadaval erinevatest materjalidest mudelites, see aku on puhas PE + r\u00e4ni.<\/p>\n<p>Keraamilised kuulikindlad siset\u00fckid on tavaliselt valmistatud sellistest materjalidest nagu keraamika ja pol\u00fcet\u00fcleen PE. Reegel on: kui kuul tabab kuulikindlat padrunit, tabab kuul esimesena keraamilise kihi \u00fclaosa. M\u00fcrsu tohutu l\u00f6\u00f6gij\u00f5ud kandub edasi keskkonda, neelates m\u00fcrsu tohutu kineetilise energia. Kui m\u00fcrsk l\u00e4bib keraamilist kihti, kaotab see suurema osa oma kineetilisest energiast. Kui m\u00fcrsk j\u00f5uab pol\u00fcet\u00fcleenikihini, hajutab pol\u00fcet\u00fcleen m\u00fcrsu kineetilise energia, venitades ja m\u00e4hkides m\u00fcrsku ja kilde, m\u00f5judes kehale v\u00e4hesel m\u00e4\u00e4ral, pakkudes suurep\u00e4rast kaitset.<\/p>\n","protected":false},"excerpt":{"rendered":"<p>NIJ 0101.06 III klassi \u00fclikerge r\u00e4nikarbiidi kuulikindel plaat, v\u00f5ib esitada vastava katsearuande.<\/p>\n<p>K\u00fcps protsess: n\u00e4itab stabiilset ja suurep\u00e4rast kaitsev\u00f5imet.<\/p>\n<p>Kergem ja mugavam kui alumiiniumoksiidi keraamilised paneelid.<\/p>\n<p>Pealmine kiht on valmistatud veekindlast pol\u00fcesterkangast ning paneel on veekindel ja plekikindel.<\/p>\n","protected":false},"featured_media":12015,"comment_status":"open","ping_status":"closed","template":"","meta":[],"product_brand":[],"product_cat":[870],"product_tag":[],"woo-feed-brand":[50],"class_list":{"0":"post-14050","1":"product","2":"type-product","3":"status-publish","4":"has-post-thumbnail","6":"product_cat-kuulikindel-rinnaplaat","7":"woo-feed-brand-tyditiao","9":"first","10":"instock","11":"sale","12":"shipping-taxable","13":"purchasable","14":"product-type-simple"},"_links":{"self":[{"href":"https:\/\/tyditiao.com\/et\/wp-json\/wp\/v2\/product\/14050","targetHints":{"allow":["GET"]}}],"collection":[{"href":"https:\/\/tyditiao.com\/et\/wp-json\/wp\/v2\/product"}],"about":[{"href":"https:\/\/tyditiao.com\/et\/wp-json\/wp\/v2\/types\/product"}],"replies":[{"embeddable":true,"href":"https:\/\/tyditiao.com\/et\/wp-json\/wp\/v2\/comments?post=14050"}],"wp:featuredmedia":[{"embeddable":true,"href":"https:\/\/tyditiao.com\/et\/wp-json\/wp\/v2\/media\/12015"}],"wp:attachment":[{"href":"https:\/\/tyditiao.com\/et\/wp-json\/wp\/v2\/media?parent=14050"}],"wp:term":[{"taxonomy":"product_brand","embeddable":true,"href":"https:\/\/tyditiao.com\/et\/wp-json\/wp\/v2\/product_brand?post=14050"},{"taxonomy":"product_cat","embeddable":true,"href":"https:\/\/tyditiao.com\/et\/wp-json\/wp\/v2\/product_cat?post=14050"},{"taxonomy":"product_tag","embeddable":true,"href":"https:\/\/tyditiao.com\/et\/wp-json\/wp\/v2\/product_tag?post=14050"},{"taxonomy":"woo-feed-brand","embeddable":true,"href":"https:\/\/tyditiao.com\/et\/wp-json\/wp\/v2\/woo-feed-brand?post=14050"}],"curies":[{"name":"wp","href":"https:\/\/api.w.org\/{rel}","templated":true}]}}