{"id":14069,"date":"2022-10-21T05:10:23","date_gmt":"2022-10-21T03:10:23","guid":{"rendered":"http:\/\/tyditiao.com\/product\/sicpe-nij-level-iv-23mm-25kg-kuulikindel-rinnaplaadi-ballistiline-sisestus-250x300mm\/"},"modified":"2026-01-25T19:44:56","modified_gmt":"2026-01-25T17:44:56","slug":"sicpe-nij-level-iv-23mm-2-5kgn-rinnaplaat-kuulikindel-250x300mm","status":"publish","type":"product","link":"https:\/\/tyditiao.com\/et\/toode\/sicpe-nij-level-iv-23mm-2-5kgn-rinnaplaat-kuulikindel-250x300mm\/","title":{"rendered":"SIC+PE, NIJ Level IV, 23MM, 2,5KG, kuulikindel rinnaplaadi ballistiline sisestus, 250X300MM"},"content":{"rendered":"<p>Nimi: NIJ IV klassi \u00fclikerge r\u00e4nikarbiidi kuulikindel plaat<\/p>\n<p>Standard: NIJ 0101.06 IV klass, saame esitada vastava katsearuande.<\/p>\n<p>Materjal: SiC + UHMW-PE<\/p>\n<p>Kaal: 2,5KG + 0,05KG \/ 2,20 + 0,11LB<\/p>\n<p>Paksus: 23 mm<\/p>\n<p>V\u00e4liskiht: must veekindel pol\u00fcesterkangas;<br \/>\nM\u00f5\u00f5dud: 250x300mm \/ 9,8&#8243;x11,8&#8243;<br \/>\nKuju: trapets (faasitud nurkadega trapetsikujuline plaat)<\/p>\n<p>Pakkimisnimekiri:<br \/>\n1 x trapetsikujuline kuulikindel plaat.<\/p>\n<p>M\u00e4rkus:<br \/>\nHelkurvest ei kuulu komplekti<\/p>\n<p>Sihtkasutajad: NIJ IV klassi \u00fclikerged Sic kuulikindlad plaadid kasutamiseks relvadega seotud ohtude vastu. Meie toodetega v\u00f5ivad olla varustatud relvaj\u00f5ud, SWAT-asutused, sisejulgeolekuasutused, tolli- ja piirikaitseasutused, immigratsioonikontrolliasutused ja muud tulirelvade ohus olevad asutused. Inimesed saavad paremaid tulemusi ja v\u00e4hem inimohvreid. Toode sobib paremini ka sellisteks olukordadeks nagu pikamaa- v\u00f5i kaugmissioonid. See on hea valik ka teie enda pere kaitseks<\/p>\n<p><!--veel--><\/p>\n<p>M\u00fcrskude parameetrid, mille vastu NIJ IV saab kaitsta:<\/p>\n<p>T\u00e4ismetallist korpus 7,62 x 51 mm M80 (FMJ) \/ NATO pall;<\/p>\n<p>7,62 x 39 mm AK47 pliis\u00fcdamik (LC) \/ kerge terass\u00fcdamik (MSC);<\/p>\n<p>5,56 x 45 mm M193 plii (LC) \/ NATO SS109 kuul;<\/p>\n<p>Ballistlikke siset\u00fckke kasutatakse sageli soomusvestides v\u00f5i taktikalistes vestides. Kuulikindlaid padruneid on kahte t\u00fc\u00fcpi: eesmine ja k\u00fclgmine. Esipaneel kaitseb rindkere ja selga ning k\u00fcljepaneelid keha k\u00fclgi. Faasid kaitsevad tavaliselt rindkere esik\u00fclge ja ruudud tagak\u00fclge.<\/p>\n<p>Kuulikindlaid plaate on nelja t\u00fc\u00fcpi: kuulikindel teras, PE-pol\u00fcet\u00fcleen, PE+alumiiniumoksiid, PE+r\u00e4nikarbiid. Saadaval erinevatest materjalidest mudelites, see aku on puhas PE + r\u00e4ni.<\/p>\n<p>Keraamilised kuulikindlad siset\u00fckid on tavaliselt valmistatud sellistest materjalidest nagu keraamika ja pol\u00fcet\u00fcleen PE. Reegel on: kui kuul tabab kuulikindlat padrunit, tabab kuul esimesena keraamilise kihi \u00fclaosa. M\u00fcrsu tohutu l\u00f6\u00f6gij\u00f5ud kandub edasi keskkonda, neelates m\u00fcrsu tohutu kineetilise energia. Kui m\u00fcrsk l\u00e4bib keraamilist kihti, kaotab see suurema osa oma kineetilisest energiast. Kui m\u00fcrsk j\u00f5uab pol\u00fcet\u00fcleenikihini, hajutab pol\u00fcet\u00fcleen m\u00fcrsu kineetilise energia, venitades ja m\u00e4hkides m\u00fcrsku ja kilde, m\u00f5judes kehale v\u00e4hesel m\u00e4\u00e4ral, pakkudes suurep\u00e4rast kaitset.<\/p>\n","protected":false},"excerpt":{"rendered":"<p>NIJ IV klassi r\u00e4nikarbiidist valmistatud \u00fclikerge ballistiline plaat, mis talub tavap\u00e4raste vintp\u00fcssi padrunite ohtu.<\/p>\n<p>K\u00fcps protsess: n\u00e4itab stabiilset ja suurep\u00e4rast kaitsev\u00f5imet.<\/p>\n<p>Kergem ja mugavam kui alumiiniumoksiidi keraamilised paneelid.<\/p>\n<p>Pealmine kiht on valmistatud veekindlast pol\u00fcesterkangast ning paneel on veekindel ja plekikindel.<\/p>\n","protected":false},"featured_media":12034,"comment_status":"open","ping_status":"closed","template":"","meta":[],"product_brand":[],"product_cat":[870],"product_tag":[],"woo-feed-brand":[50],"class_list":{"0":"post-14069","1":"product","2":"type-product","3":"status-publish","4":"has-post-thumbnail","6":"product_cat-kuulikindel-rinnaplaat","7":"woo-feed-brand-tyditiao","9":"first","10":"instock","11":"sale","12":"shipping-taxable","13":"purchasable","14":"product-type-simple"},"_links":{"self":[{"href":"https:\/\/tyditiao.com\/et\/wp-json\/wp\/v2\/product\/14069","targetHints":{"allow":["GET"]}}],"collection":[{"href":"https:\/\/tyditiao.com\/et\/wp-json\/wp\/v2\/product"}],"about":[{"href":"https:\/\/tyditiao.com\/et\/wp-json\/wp\/v2\/types\/product"}],"replies":[{"embeddable":true,"href":"https:\/\/tyditiao.com\/et\/wp-json\/wp\/v2\/comments?post=14069"}],"wp:featuredmedia":[{"embeddable":true,"href":"https:\/\/tyditiao.com\/et\/wp-json\/wp\/v2\/media\/12034"}],"wp:attachment":[{"href":"https:\/\/tyditiao.com\/et\/wp-json\/wp\/v2\/media?parent=14069"}],"wp:term":[{"taxonomy":"product_brand","embeddable":true,"href":"https:\/\/tyditiao.com\/et\/wp-json\/wp\/v2\/product_brand?post=14069"},{"taxonomy":"product_cat","embeddable":true,"href":"https:\/\/tyditiao.com\/et\/wp-json\/wp\/v2\/product_cat?post=14069"},{"taxonomy":"product_tag","embeddable":true,"href":"https:\/\/tyditiao.com\/et\/wp-json\/wp\/v2\/product_tag?post=14069"},{"taxonomy":"woo-feed-brand","embeddable":true,"href":"https:\/\/tyditiao.com\/et\/wp-json\/wp\/v2\/woo-feed-brand?post=14069"}],"curies":[{"name":"wp","href":"https:\/\/api.w.org\/{rel}","templated":true}]}}