{"id":14088,"date":"2022-10-18T08:54:02","date_gmt":"2022-10-18T06:54:02","guid":{"rendered":"http:\/\/tyditiao.com\/product\/cs-i-treeningvarustuse-kuulikindel-vest-kiirkinnitusega-valimine-taktikaline-vest-sealhulgas-2xpe-iiia-10x12-kuulikindlat-plaati\/"},"modified":"2026-01-25T19:45:06","modified_gmt":"2026-01-25T17:45:06","slug":"cs-treeningu-varustus-valis-ballistiline-vest-kiirevabastus-taktika-vest-komplektis-kuulikindel-plaat-2xpe-iiia-10x12","status":"publish","type":"product","link":"https:\/\/tyditiao.com\/et\/toode\/cs-treeningu-varustus-valis-ballistiline-vest-kiirevabastus-taktika-vest-komplektis-kuulikindel-plaat-2xpe-iiia-10x12\/","title":{"rendered":"CS-i treeningvarustuse kuulikindel vest, kiirkinnitusega v\u00e4limine taktikaline vest, sealhulgas 2XPE IIIA 10&#215;12 kuulikindlat plaati"},"content":{"rendered":"<p>Selle toote k\u00fcljed ja \u00f5lad on takjapaelaga reguleeritavad, nii et igas suuruses kasutajad saavad seda kanda.<br \/>\nSisekiht: \u00fclitugev materjal<br \/>\nV\u00e4liskiht: kulumiskindel oxfordi riie, puuvill v\u00f5i nailon, plekikindel ja vastupidav.<\/p>\n<p>&nbsp;<\/p>\n<p>Kaitsetase: vaikimisi PE kuulikindel plaat, NIJIIIA,<br \/>\nKaitsepaneel: UHMW-PE<br \/>\nPaksus: \uff5e8mm\/\uff5e0,3&#8242;<br \/>\nKehtivusaeg: 5 aastat<br \/>\nM\u00fcrsude t\u00fc\u00fcbid, mille vastu saab kaitsta:<br \/>\n9 mm t\u00e4ismetallist jope (FMJ) \/ \u00fcmarpea (RN)<br \/>\n.44 Universal Jacket Hollow Point (JHP)<\/p>\n<p>Sihtkasutajad:<br \/>\nPeidetud NIJ klassi IIIA kuulivestid kaitsevad relvaga seotud ohtude eest. Ja sellel on rohkem tarvikuid ja see v\u00f5tab enda alla suurema ala. Suurust saab reguleerida takjapaelaga k\u00fclgedel ja \u00f5lgadel. Meie tooteid saab varustada relvaj\u00f5udude, SWAT-asutuste, sisejulgeolekuasutuste, tolli- ja piirikaitseasutuste, immigratsioonikontrolli asutuste ja muude tulirelvade ohuga asutustega. Inimesed saavad paremaid tulemusi ja v\u00e4hem ohvreid.<\/p>\n","protected":false},"excerpt":{"rendered":"<p>REGULEERITAV SUURUS: Reguleeritav suurus takjapaelaga k\u00fclgedel ja \u00f5lgadel, \u00fcks suurus sobib k\u00f5igile.<\/p>\n<p>Teostage kiirvabastust: v\u00f6\u00f6koha kiirvabastust on lihtne kasutada.<\/p>\n<p>Piisavalt hoiuruumi: sisseehitatud hoiutasku ja tarbetasku saab vastavalt teie vajadustele paigaldada v\u00f5i eemaldada.<\/p>\n<p>Varustatud eesmiste ja tagumiste NIJ IIIA kuulikindlate plaatidega: suudab toime tulla p\u00fcstoli kuulide ohuga.<\/p>\n<p>Suurendage oma kaitsev\u00f5imet vabalt: jope saab varustada erineva tasemega kuulikindlate siset\u00fckkidega.<\/p>\n","protected":false},"featured_media":11882,"comment_status":"open","ping_status":"closed","template":"","meta":[],"product_brand":[],"product_cat":[851],"product_tag":[],"woo-feed-brand":[50],"class_list":{"0":"post-14088","1":"product","2":"type-product","3":"status-publish","4":"has-post-thumbnail","6":"product_cat-taktikaline-vest","7":"product_shipping_class-0-3-kg-et","8":"woo-feed-brand-tyditiao","10":"first","11":"instock","12":"sale","13":"shipping-taxable","14":"purchasable","15":"product-type-simple"},"_links":{"self":[{"href":"https:\/\/tyditiao.com\/et\/wp-json\/wp\/v2\/product\/14088","targetHints":{"allow":["GET"]}}],"collection":[{"href":"https:\/\/tyditiao.com\/et\/wp-json\/wp\/v2\/product"}],"about":[{"href":"https:\/\/tyditiao.com\/et\/wp-json\/wp\/v2\/types\/product"}],"replies":[{"embeddable":true,"href":"https:\/\/tyditiao.com\/et\/wp-json\/wp\/v2\/comments?post=14088"}],"wp:featuredmedia":[{"embeddable":true,"href":"https:\/\/tyditiao.com\/et\/wp-json\/wp\/v2\/media\/11882"}],"wp:attachment":[{"href":"https:\/\/tyditiao.com\/et\/wp-json\/wp\/v2\/media?parent=14088"}],"wp:term":[{"taxonomy":"product_brand","embeddable":true,"href":"https:\/\/tyditiao.com\/et\/wp-json\/wp\/v2\/product_brand?post=14088"},{"taxonomy":"product_cat","embeddable":true,"href":"https:\/\/tyditiao.com\/et\/wp-json\/wp\/v2\/product_cat?post=14088"},{"taxonomy":"product_tag","embeddable":true,"href":"https:\/\/tyditiao.com\/et\/wp-json\/wp\/v2\/product_tag?post=14088"},{"taxonomy":"woo-feed-brand","embeddable":true,"href":"https:\/\/tyditiao.com\/et\/wp-json\/wp\/v2\/woo-feed-brand?post=14088"}],"curies":[{"name":"wp","href":"https:\/\/api.w.org\/{rel}","templated":true}]}}