{"id":14107,"date":"2022-10-18T05:26:18","date_gmt":"2022-10-18T03:26:18","guid":{"rendered":"http:\/\/tyditiao.com\/product\/valine-taktikaline-kiirvabastusvest-cs-taktikaline-vest-2xpe-iiia-10x12-kuulikindla-plaadiga\/"},"modified":"2026-01-25T19:45:21","modified_gmt":"2026-01-25T17:45:21","slug":"zewnetrzna-taktikaline-kiirevabastusega-taktikaline-vest-cs-kuulikindla-plaadiga-2xpe-iiia-10x12","status":"publish","type":"product","link":"https:\/\/tyditiao.com\/et\/toode\/zewnetrzna-taktikaline-kiirevabastusega-taktikaline-vest-cs-kuulikindla-plaadiga-2xpe-iiia-10x12\/","title":{"rendered":"V\u00e4line taktikaline kiirvabastusvest, CS taktikaline vest 2XPE IIIA 10&#215;12 kuulikindla plaadiga"},"content":{"rendered":"<p>Selle toote k\u00fcljed ja \u00f5lad on takjapaelaga reguleeritavad, nii et igas suuruses kasutajad saavad seda kanda.<br \/>\nSisekiht: \u00fclitugev materjal, veekindel, pikk kasutusiga ja stabiilne.<br \/>\nV\u00e4liskiht: Oxford, puuvill v\u00f5i nailon, kulumiskindel, plekikindel ja vastupidav.<br \/>\nJope saab varustada ballistiliste sisestustega t\u00e4iendava kaitse tagamiseks.<\/p>\n<p>Kaitsetase: vaikimisi PE kuulikindel plaat, NIJIIIA,<br \/>\nKaitsepaneel: UHMW-PE<br \/>\nPaksus: \uff5e8mm\/\uff5e0,3&#8242;<br \/>\nKehtivusaeg: 5 aastat<br \/>\nM\u00fcrsude t\u00fc\u00fcbid, mille vastu saab kaitsta:<br \/>\n9 mm t\u00e4ismetallist jope (FMJ) \/ \u00fcmarpea (RN)<br \/>\n.44 Universal Jacket Hollow Point (JHP)<\/p>\n<p>Sihtkasutajad:<br \/>\nPeidetud NIJ klassi IIIA kuulivestid kaitsevad relvaga seotud ohtude eest. Ja sellel on rohkem tarvikuid ja see v\u00f5tab enda alla suurema ala. Suurust saab reguleerida takjapaelaga k\u00fclgedel ja \u00f5lgadel. Meie tooteid saab varustada relvaj\u00f5udude, SWAT-asutuste, sisejulgeolekuasutuste, tolli- ja piirikaitseasutuste, immigratsioonikontrolli asutuste ja muude tulirelvade ohuga asutustega. Inimesed saavad paremaid tulemusi ja v\u00e4hem ohvreid.<\/p>\n","protected":false},"excerpt":{"rendered":"<p>Teostage kiirvabastust: v\u00f6\u00f6koha kiirvabastust on lihtne kasutada.<\/p>\n<p>Piisavalt hoiuruumi: sisseehitatud hoiutasku ja tarbetasku saab vastavalt teie vajadustele paigaldada v\u00f5i eemaldada.<\/p>\n<p>Varustatud eesmiste ja tagumiste NIJ IIIA kuulikindlate plaatidega: suudab toime tulla p\u00fcstoli kuulide ohuga.<\/p>\n<p>REGULEERITAV SUURUS: Reguleeritav suurus takjapaelaga k\u00fclgedel ja \u00f5lgadel.<\/p>\n","protected":false},"featured_media":11787,"comment_status":"open","ping_status":"closed","template":"","meta":[],"product_brand":[],"product_cat":[851],"product_tag":[],"woo-feed-brand":[50],"class_list":{"0":"post-14107","1":"product","2":"type-product","3":"status-publish","4":"has-post-thumbnail","6":"product_cat-taktikaline-vest","7":"woo-feed-brand-tyditiao","9":"first","10":"instock","11":"sale","12":"shipping-taxable","13":"purchasable","14":"product-type-simple"},"_links":{"self":[{"href":"https:\/\/tyditiao.com\/et\/wp-json\/wp\/v2\/product\/14107","targetHints":{"allow":["GET"]}}],"collection":[{"href":"https:\/\/tyditiao.com\/et\/wp-json\/wp\/v2\/product"}],"about":[{"href":"https:\/\/tyditiao.com\/et\/wp-json\/wp\/v2\/types\/product"}],"replies":[{"embeddable":true,"href":"https:\/\/tyditiao.com\/et\/wp-json\/wp\/v2\/comments?post=14107"}],"wp:featuredmedia":[{"embeddable":true,"href":"https:\/\/tyditiao.com\/et\/wp-json\/wp\/v2\/media\/11787"}],"wp:attachment":[{"href":"https:\/\/tyditiao.com\/et\/wp-json\/wp\/v2\/media?parent=14107"}],"wp:term":[{"taxonomy":"product_brand","embeddable":true,"href":"https:\/\/tyditiao.com\/et\/wp-json\/wp\/v2\/product_brand?post=14107"},{"taxonomy":"product_cat","embeddable":true,"href":"https:\/\/tyditiao.com\/et\/wp-json\/wp\/v2\/product_cat?post=14107"},{"taxonomy":"product_tag","embeddable":true,"href":"https:\/\/tyditiao.com\/et\/wp-json\/wp\/v2\/product_tag?post=14107"},{"taxonomy":"woo-feed-brand","embeddable":true,"href":"https:\/\/tyditiao.com\/et\/wp-json\/wp\/v2\/woo-feed-brand?post=14107"}],"curies":[{"name":"wp","href":"https:\/\/api.w.org\/{rel}","templated":true}]}}