{"id":14126,"date":"2022-10-12T08:35:45","date_gmt":"2022-10-12T06:35:45","guid":{"rendered":"http:\/\/tyditiao.com\/product\/labipaistev-ballistiline-mask-nij-iiia-eemaldatav-kiivrite-jaoks-mille-molemal-kuljel-on-siinid\/"},"modified":"2026-01-25T19:45:31","modified_gmt":"2026-01-25T17:45:31","slug":"labipaistev-kuulikindel-mask-nij-iiia-eemaldatav-molemal-relssidega-kolvi-jaoks-wendy-fast-jne","status":"publish","type":"product","link":"https:\/\/tyditiao.com\/et\/toode\/labipaistev-kuulikindel-mask-nij-iiia-eemaldatav-molemal-relssidega-kolvi-jaoks-wendy-fast-jne\/","title":{"rendered":"L\u00e4bipaistev ballistiline mask NIJ IIIA eemaldatav kiivrite jaoks, mille m\u00f5lemal k\u00fcljel on siinid"},"content":{"rendered":"<p>Eemaldatav ballistiline mask on uus IIIA klassi ballistiline mask, mis kinnitub ballistilise kiivri k\u00fclge.<\/p>\n<p>See toode sobib kiivritele, millel on m\u00f5lemal k\u00fcljel siinid. N\u00e4iteks: WENDY, FAST jne.<\/p>\n<p>Kaitseklass: NIJ IIIA tase<\/p>\n<p>Kaal: 1,50 kg (3,31 naela)<\/p>\n<p>Materjal: PC, PMMA jne.<\/p>\n<p>Suurus: 350 mm (P) * 145 mm (K)<\/p>\n<p>Maski paksus: 22 mm<\/p>\n<p>Heledus: 83,9%<\/p>\n<p>Kehtivusaeg: 5 aastat<\/p>\n<p>Kui vajate kuulikindlat kiivrit, minge selle ostmiseks meie poodi. Ait\u00e4h!<\/p>\n<p>Pakendi \u00fcksikasjad: 1 * kuulikindel n\u00e4okaitse (kiiver ei kuulu komplekti)<\/p>\n","protected":false},"excerpt":{"rendered":"<p>Peamine materjal on valmistatud kvaliteetsest l\u00e4bipaistvast pol\u00fckarbonaatvaigust PC ja akr\u00fc\u00fclplaadist sandwich-t\u00fc\u00fcpi komposiidist, k\u00f5rglahutusega, pritsmeteta, hea kuulikindla efektiga<\/p>\n<p>Kuulikindel maski kronstein on valmistatud terasest ja \u00fclitugevast materjalist, mida saab stabiilselt erinevate nurkade alla reguleerida<\/p>\n<p>Oleme teinud s\u00fcgavat koost\u00f6\u00f6d logistikapakkujatega ja suudame garanteerida kaupade kohaletoimetamise peaaegu igasse riiki ja piirkonda ning k\u00f5ik meie tehase kodulehelt tellitud kaubad on postikulu tasuta<\/p>\n","protected":false},"featured_media":11711,"comment_status":"open","ping_status":"closed","template":"","meta":[],"product_brand":[],"product_cat":[615],"product_tag":[],"woo-feed-brand":[50],"class_list":{"0":"post-14126","1":"product","2":"type-product","3":"status-publish","4":"has-post-thumbnail","6":"product_cat-ballistiline-mask","7":"product_shipping_class-0-3-kg-et","8":"woo-feed-brand-tyditiao","10":"first","11":"instock","12":"sale","13":"shipping-taxable","14":"purchasable","15":"product-type-simple"},"_links":{"self":[{"href":"https:\/\/tyditiao.com\/et\/wp-json\/wp\/v2\/product\/14126","targetHints":{"allow":["GET"]}}],"collection":[{"href":"https:\/\/tyditiao.com\/et\/wp-json\/wp\/v2\/product"}],"about":[{"href":"https:\/\/tyditiao.com\/et\/wp-json\/wp\/v2\/types\/product"}],"replies":[{"embeddable":true,"href":"https:\/\/tyditiao.com\/et\/wp-json\/wp\/v2\/comments?post=14126"}],"wp:featuredmedia":[{"embeddable":true,"href":"https:\/\/tyditiao.com\/et\/wp-json\/wp\/v2\/media\/11711"}],"wp:attachment":[{"href":"https:\/\/tyditiao.com\/et\/wp-json\/wp\/v2\/media?parent=14126"}],"wp:term":[{"taxonomy":"product_brand","embeddable":true,"href":"https:\/\/tyditiao.com\/et\/wp-json\/wp\/v2\/product_brand?post=14126"},{"taxonomy":"product_cat","embeddable":true,"href":"https:\/\/tyditiao.com\/et\/wp-json\/wp\/v2\/product_cat?post=14126"},{"taxonomy":"product_tag","embeddable":true,"href":"https:\/\/tyditiao.com\/et\/wp-json\/wp\/v2\/product_tag?post=14126"},{"taxonomy":"woo-feed-brand","embeddable":true,"href":"https:\/\/tyditiao.com\/et\/wp-json\/wp\/v2\/woo-feed-brand?post=14126"}],"curies":[{"name":"wp","href":"https:\/\/api.w.org\/{rel}","templated":true}]}}