{"id":14166,"date":"2022-06-13T04:36:04","date_gmt":"2022-06-13T02:36:04","guid":{"rendered":"http:\/\/tyditiao.com\/product\/sojavaekiiver-iiia-klassi-soomusvestid-wendy-sojaline-taktikakiiver-helepruun\/"},"modified":"2026-01-25T19:46:16","modified_gmt":"2026-01-25T17:46:16","slug":"wendys-kuulikindel-kiiver-kevlar-kiiver-taktika-helepruun","status":"publish","type":"product","link":"https:\/\/tyditiao.com\/et\/toode\/wendys-kuulikindel-kiiver-kevlar-kiiver-taktika-helepruun\/","title":{"rendered":"S\u00f5jav\u00e4ekiiver, IIIA klassi soomusvestid, Wendy s\u00f5jaline taktikakiiver, helepruun"},"content":{"rendered":"<p>Wendy s\u00f5jav\u00e4e taktikaline IIIA ballistiline kiiver on loodud \u00fclikergeks ja v\u00e4ga mugavaks kanda. Kiire ja lihtne \u00fche k\u00e4ega reguleerimine tagab t\u00e4pse sobivuse. Samuti on see varustatud kvaliteetsete energiat neelavate padjanditega, mis suudavad t\u00f5husalt neelata l\u00f6\u00f6gij\u00f5udu, v\u00e4hendada kiivri korpuse deformatsiooni p\u00e4rast kuuli tabamust ning v\u00e4hendada kasutaja vigastuste m\u00e4\u00e4ra ja raskust. Wendy s\u00f5jaline taktikaline kiiver on varustatud universaalsete kinnitussiinide ja peatoega, mis annab Wendyle suuremad v\u00f5imalused. V\u00f5rreldes MICH kuulikindla kiivriga t\u00e4hendab kergem kaal, et see ei pea p\u00e4he rohkem koormat lisama, vaid seda saab kasutada kaasaegsema varustuse kandmiseks, mis sobib paremini meeskondadevaheliseks infovahetuseks.<\/p>\n<hr \/>\n<p><strong>Kaitseklass:<\/strong><\/p>\n<p>See kuulikindel kiiver on NIJ taseme IIIA kuulikindel kiiver vastavalt NIJ 0101.06 standardile ja selle kohta saab esitada vastava katsearuande.<\/p>\n<hr \/>\n<p><strong>Kaitsem\u00fcrsu parameetrid:<\/strong><\/p>\n<p>.44 Mag SJHP<br \/>\n.357 SIG FMJ FN<br \/>\n9 mm FMJ RN<br \/>\n.357 Mag JSP<br \/>\n.40 S&amp;W FMJ<\/p>\n<p>Samuti pakub kaitset enamiku k\u00e4sirelvade ohtude ning IIA ja II klassi ohtude eest<\/p>\n<hr \/>\n<p><strong>Kuulikindla kiivri parameetrid:<\/strong><br \/>\nNimi: NIJ lllA WENDY kuulikindel kiiver<\/p>\n<p>Materjal: suure t\u00f5mbetugevusega Kevlar-DuPont aramiidkiud<\/p>\n<p>Pea \u00fcmberm\u00f5\u00f5t: 52-60 cm<\/p>\n<p>Vooder: Zorbium-vahust l\u00f6\u00f6gipadjad hoiavad teid jahedana ja kuivana koos veekindla, mugava voodri ja antibakteriaalse kattega, mis juhib higi eemale. Annab k\u00f5igis keskkonnatingimustes v\u00e4hem kui poole v\u00e4iksema j\u00f5u, mis on vajalik korduvate l\u00f6\u00f6kide jaoks. Kiivri standardvarustuses on kolm t\u00e4iendavat l\u00f6\u00f6gipadjandit ja kaheksa reguleeritavat padjandit, mida saab optimaalse sobivuse ja mugavuse tagamiseks paindlikult paigaldada vastavalt kasutaja n\u00f5udmistele.<\/p>\n<p>Lisatarvikud: t\u00e4ispuhutavad hapnikumaskid, n\u00e4okaitsed, k\u00fcljekaitsed, soomustatud k\u00fcljekilbid, kaitsekilbid, kiivrikilbid, kuulikindlad maskid jne.<\/p>\n<p>Kiivri v\u00e4rvus: helepruun<br \/>\nMICH on kiiver, mis peatab p\u00fcstoli padruneid ja pakub usaldusv\u00e4\u00e4rset kaitset prahi ja kukkuva prahi eest.<br \/>\nv\u00e4hendab kaitset.<\/p>\n<hr \/>\n<p><strong>\u201eInimestele:<\/strong><br \/>\nNIJ lllA Kevlar WENDY ballistiline kiiver k\u00e4sitleb p\u00fcstoli- ja \u0161rapnelliohtu tugevamate kinnitusdetailidega, mis on kergemad ja mugavamad kanda. See kiiver sobib igat t\u00fc\u00fcpi kasutajatele. Agentuuride, nagu s\u00f5jav\u00e4e, politsei, SWAT, sisejulgeoleku, tolli ja piirivalve t\u00f6\u00f6tajaid saab varustada t\u00e4iustatud lahinguv\u00f5imega. See on hea valik ka kodukaitseks ja cosplay\u2019ks.<\/p>\n<hr \/>\n<p>Kui teil on meie toodete kohta k\u00fcsimusi enne, kui olete valmis meie tooteid ostma,<\/p>\n<p>Palun (<a href=\"https:\/\/tyditiao.com\/et\/votke-uhendust\/\">v\u00f5tke meiega \u00fchendust<\/a>) viivitamatult ja me vastame 1 t\u00f6\u00f6p\u00e4eva jooksul. Kui soovite korraga tellida rohkem kui 5 kuulikindlat kiivrit, saate lisaallahindlust;<\/p>\n","protected":false},"excerpt":{"rendered":"<p>Hea kuulikindel j\u00f5udlus: NIJ Level lllA, t\u00e4iuslik peakaitse.<\/p>\n<p>Hea kvaliteet: Wendy Military Tactical kiiver on valmistatud vastupidavast Dupont Kevlar aramiidkiust, mis on kuumakindel ja mida ei ole lihtne deformeerida.<\/p>\n<p>LIHTNE REGULEERIMINE: Kerge s\u00f5jalise CAM FIT kiivri kinnituss\u00fcsteem koos BOA sulgemiss\u00fcsteemiga tagab kiire ja lihtsa \u00fche k\u00e4ega reguleerimise ja t\u00e4pse sobivuse.<\/p>\n<p>Mugav kanda: Zorbium Foam Impact sadulal on veekindel vooder ja antibakteriaalne kate, mis juhib niiskust eemale, et hoida teid kandmise ajal jahedana ja kuivana.<\/p>\n<p>Laiendus: Rail 2.0 kinnituss\u00fcsteem \u00fchildub k\u00f5igi EXFIL Rail 2.0 kinnitusdetailidega. Kahepoolseid gimbali kinnitussiine ja otsmiku gimbali on lihtne paigaldada ja konfigureerida, peakomplekte, relva tulesid, kaameraid, strobotulesid, \u00f6\u00f6vaatlusseadmeid, GoPro kaameraid ja NVG-prille.<\/p>\n","protected":false},"featured_media":10761,"comment_status":"closed","ping_status":"closed","template":"","meta":[],"product_brand":[],"product_cat":[656,655],"product_tag":[],"woo-feed-brand":[50],"class_list":{"0":"post-14166","1":"product","2":"type-product","3":"status-publish","4":"has-post-thumbnail","6":"product_cat-kuulikindel-kiiver","7":"product_cat-wendy-et","8":"woo-feed-brand-tyditiao","10":"first","11":"instock","12":"sale","13":"shipping-taxable","14":"purchasable","15":"product-type-simple"},"_links":{"self":[{"href":"https:\/\/tyditiao.com\/et\/wp-json\/wp\/v2\/product\/14166","targetHints":{"allow":["GET"]}}],"collection":[{"href":"https:\/\/tyditiao.com\/et\/wp-json\/wp\/v2\/product"}],"about":[{"href":"https:\/\/tyditiao.com\/et\/wp-json\/wp\/v2\/types\/product"}],"replies":[{"embeddable":true,"href":"https:\/\/tyditiao.com\/et\/wp-json\/wp\/v2\/comments?post=14166"}],"wp:featuredmedia":[{"embeddable":true,"href":"https:\/\/tyditiao.com\/et\/wp-json\/wp\/v2\/media\/10761"}],"wp:attachment":[{"href":"https:\/\/tyditiao.com\/et\/wp-json\/wp\/v2\/media?parent=14166"}],"wp:term":[{"taxonomy":"product_brand","embeddable":true,"href":"https:\/\/tyditiao.com\/et\/wp-json\/wp\/v2\/product_brand?post=14166"},{"taxonomy":"product_cat","embeddable":true,"href":"https:\/\/tyditiao.com\/et\/wp-json\/wp\/v2\/product_cat?post=14166"},{"taxonomy":"product_tag","embeddable":true,"href":"https:\/\/tyditiao.com\/et\/wp-json\/wp\/v2\/product_tag?post=14166"},{"taxonomy":"woo-feed-brand","embeddable":true,"href":"https:\/\/tyditiao.com\/et\/wp-json\/wp\/v2\/woo-feed-brand?post=14166"}],"curies":[{"name":"wp","href":"https:\/\/api.w.org\/{rel}","templated":true}]}}