{"id":14185,"date":"2022-06-13T04:32:01","date_gmt":"2022-06-13T02:32:01","guid":{"rendered":"http:\/\/tyditiao.com\/product\/uus-kevlari-kiiver-iiia-klassi-sojavaekiiver-sojalise-lahingukiiver-meeskonna-wendy-roheline\/"},"modified":"2026-01-25T19:46:26","modified_gmt":"2026-01-25T17:46:26","slug":"wendys-kuulikindel-kiiver-kevlar-kiiver-taktika-roheline","status":"publish","type":"product","link":"https:\/\/tyditiao.com\/et\/toode\/wendys-kuulikindel-kiiver-kevlar-kiiver-taktika-roheline\/","title":{"rendered":"Uus Kevlari kiiver, IIIA klassi s\u00f5jav\u00e4ekiiver, s\u00f5jalise lahingukiiver, meeskonna Wendy, roheline"},"content":{"rendered":"<p>Kerge s\u00f5durikiiver Wendy kiiver on loodud \u00fclikergeks ja v\u00e4ga mugavaks kandmiseks. Samuti on see varustatud kvaliteetsete energiat neelavate sisestustega, mis v\u00f5ivad t\u00f5husalt neelata l\u00f6\u00f6gij\u00f5udu, v\u00e4hendada kiivri korpuse deformatsiooni, kui kuul tabab kiivrit, ning v\u00e4hendada kasutaja vigastuste m\u00e4\u00e4ra ja astet. Kahepoolne universaalsete seadmekinnitussiinidega ja kardaanklambriga otsmikul, mis v\u00f5imaldab Wendyl rohkem v\u00f5imalusi luua.<\/p>\n<hr \/>\n<p><strong>Kaitseklass:<\/strong><\/p>\n<p>See kuulikindel kiiver on NIJ taseme IIIA kuulikindel kiiver vastavalt NIJ 0101.06 standardile ja selle kohta saab esitada vastava katsearuande.<\/p>\n<hr \/>\n<p><strong>Kaitsem\u00fcrsu parameetrid:<\/strong><\/p>\n<p>.44 Mag SJHP<br \/>\n.357 SIG FMJ FN<br \/>\n9 mm FMJ RN<br \/>\n.357 Mag JSP<br \/>\n.40 S&amp;W FMJ<\/p>\n<p>Samuti pakub kaitset enamiku k\u00e4sirelvade ohtude ning IIA ja II klassi ohtude eest<\/p>\n<hr \/>\n<p><strong>Kuulikindla kiivri parameetrid:<\/strong><br \/>\nNimi: NIJ lllA WENDY kuulikindel kiiver<\/p>\n<p>Materjal: suure t\u00f5mbetugevusega Kevlar-DuPont aramiidkiud<br \/>\nPea \u00fcmberm\u00f5\u00f5t: 52-60 cm<\/p>\n<p>Vooder: Zorbium Foam Impact Pads hoiavad teid jahedas ja kuivas veekindla, mugava polsterduse ja antibakteriaalse kattega, mis juhib higi eemale. Annab k\u00f5igis keskkonnatingimustes v\u00e4hem kui poole v\u00e4iksema j\u00f5u, mis on vajalik korduvate l\u00f6\u00f6kide jaoks. Hiirepadjal on standardvarustuses kolm l\u00f6\u00f6gikindlat padja ja kaheksa reguleeritavat padjakest, mis tagavad optimaalse sobivuse ja mugavuse.<\/p>\n<p>Lisatarvikud: t\u00e4ispuhutavad hapnikumaskid, n\u00e4okaitsed, k\u00fcljekaitsed, soomustatud k\u00fcljekilbid, kilbid, kiivri kaitsekilbid, kuulikindlad maskid jne.<br \/>\nKiivri v\u00e4rv: roheline<br \/>\nMICH on kiiver, mis peatab p\u00fcstoli padruneid ja pakub usaldusv\u00e4\u00e4rset kaitset prahi ja kukkuva prahi eest.<br \/>\nv\u00e4hendab kaitset.<\/p>\n<hr \/>\n<p><strong>\u201eInimestele:<\/strong><br \/>\nNIJ lllA Kevlar WENDY ballistiline kiiver k\u00e4sitleb p\u00fcstoli- ja \u0161rapnelliohtu tugevamate kinnitusdetailidega, mis on kergemad ja mugavamad kanda. See kiiver sobib igat t\u00fc\u00fcpi kasutajatele. Agentuuride, nagu s\u00f5jav\u00e4e, politsei, SWAT, sisejulgeoleku, tolli ja piirivalve t\u00f6\u00f6tajaid saab varustada t\u00e4iustatud lahinguv\u00f5imega. See on hea valik ka kodukaitseks ja cosplay\u2019ks.<\/p>\n<hr \/>\n<p>Kui soovite meie tooteid osta v\u00f5i teil on meie toodete kohta k\u00fcsimusi;<br \/>\nKui teil on kohandamisvajadusi;<br \/>\nPalun (<a href=\"https:\/\/tyditiao.com\/et\/votke-uhendust\/\">v\u00f5tke meiega \u00fchendust<\/a>) kohe, vastame teile 1 t\u00f6\u00f6p\u00e4eva jooksul<\/p>\n","protected":false},"excerpt":{"rendered":"<p>Hea kvaliteet: Tehnilise kvaliteediga s\u00f5jav\u00e4ekiiver on valmistatud \u00fclitugevast DuPont Kevlar Aramiidkiust, mis on kuumakindel ja mida ei ole kerge deformeerida<\/p>\n<p>Hea ballistiline j\u00f5udlus: NIJ tase IIIA<\/p>\n<p>Mugav kanda: Zorbium Foam Impact Padjal on veekindel vooder ja antimikroobne kate, mis juhib niiskuse eemale, hoides teid jahedana ja kuivana.<\/p>\n<p>LIHTNE REGULEERIMINE: Kerge s\u00f5jav\u00e4ekiivri CAM FIT kinnituss\u00fcsteem koos BOA sulgemiss\u00fcsteemiga turvaliseks \u00fche k\u00e4ega reguleerimiseks ja t\u00e4pseks sobitamiseks.<\/p>\n<p>LAIENDATAV: Rail 2.0 kinnituss\u00fcsteem \u00fchildub k\u00f5igi EXFIL Rail 2.0 kinnitusdetailidega. Kahepoolne kardaani kinnitussiin ja kardaani kinnitus otsmikul v\u00f5imaldavad Wendyl rohkem v\u00f5imalusi luua.<\/p>\n","protected":false},"featured_media":10628,"comment_status":"open","ping_status":"closed","template":"","meta":[],"product_brand":[],"product_cat":[656,655],"product_tag":[],"woo-feed-brand":[50],"class_list":{"0":"post-14185","1":"product","2":"type-product","3":"status-publish","4":"has-post-thumbnail","6":"product_cat-kuulikindel-kiiver","7":"product_cat-wendy-et","8":"woo-feed-brand-tyditiao","10":"first","11":"instock","12":"sale","13":"shipping-taxable","14":"purchasable","15":"product-type-simple"},"_links":{"self":[{"href":"https:\/\/tyditiao.com\/et\/wp-json\/wp\/v2\/product\/14185","targetHints":{"allow":["GET"]}}],"collection":[{"href":"https:\/\/tyditiao.com\/et\/wp-json\/wp\/v2\/product"}],"about":[{"href":"https:\/\/tyditiao.com\/et\/wp-json\/wp\/v2\/types\/product"}],"replies":[{"embeddable":true,"href":"https:\/\/tyditiao.com\/et\/wp-json\/wp\/v2\/comments?post=14185"}],"wp:featuredmedia":[{"embeddable":true,"href":"https:\/\/tyditiao.com\/et\/wp-json\/wp\/v2\/media\/10628"}],"wp:attachment":[{"href":"https:\/\/tyditiao.com\/et\/wp-json\/wp\/v2\/media?parent=14185"}],"wp:term":[{"taxonomy":"product_brand","embeddable":true,"href":"https:\/\/tyditiao.com\/et\/wp-json\/wp\/v2\/product_brand?post=14185"},{"taxonomy":"product_cat","embeddable":true,"href":"https:\/\/tyditiao.com\/et\/wp-json\/wp\/v2\/product_cat?post=14185"},{"taxonomy":"product_tag","embeddable":true,"href":"https:\/\/tyditiao.com\/et\/wp-json\/wp\/v2\/product_tag?post=14185"},{"taxonomy":"woo-feed-brand","embeddable":true,"href":"https:\/\/tyditiao.com\/et\/wp-json\/wp\/v2\/woo-feed-brand?post=14185"}],"curies":[{"name":"wp","href":"https:\/\/api.w.org\/{rel}","templated":true}]}}