{"id":14204,"date":"2022-06-13T04:11:33","date_gmt":"2023-05-23T01:53:02","guid":{"rendered":"http:\/\/tyditiao.com\/product\/poola-sojavaekiiver-iiia-klassi-taktikaline-kevlarkiiver-kiirmaskiga-energiakiiver-must\/"},"modified":"2023-05-23T03:53:02","modified_gmt":"2023-05-23T01:53:02","slug":"kiire-kuulikindel-kiiver-taktika-kevlar-nijiiia-must","status":"publish","type":"product","link":"https:\/\/tyditiao.com\/et\/toode\/kiire-kuulikindel-kiiver-taktika-kevlar-nijiiia-must\/","title":{"rendered":"Poola s\u00f5jav\u00e4ekiiver, IIIA klassi taktikaline kevlarkiiver, kiirmaskiga energiakiiver, must"},"content":{"rendered":"<p><strong>Kaitseklass:<\/strong><\/p>\n<p>See kuulikindel kiiver on NIJ taseme IIIA kuulikindel kiiver vastavalt NIJ 0101.06 standardile ja selle kohta saab esitada vastava katsearuande.<\/p>\n<hr>\n<p><strong>Kaitsem\u00fcrsu parameetrid:<\/strong><\/p>\n<p>.44 Mag SJHP<br \/>\n.357 SIG FMJ FN<br \/>\n9 mm FMJ RN<br \/>\n.357 Mag JSP<br \/>\n.40 S&#038;W FMJ<\/p>\n<p>Samuti pakub kaitset enamiku k\u00e4sirelvade ohtude ning IIA ja II klassi ohtude eest<\/p>\n<hr>\n<p><strong>Kuulikindla kiivri parameetrid:<\/strong><br \/>\nNimi: NIJ lllA FAST kuulikindel kiiver<\/p>\n<p>Materjal: suure t\u00f5mbetugevusega Kevlar-DuPont aramiidkiud<br \/>\nPea \u00fcmberm\u00f5\u00f5t: 52-64 cm<br \/>\nValikulised tarvikud: kuulikindel mask jne.<br \/>\nKiivri v\u00e4rv: must<br \/>\nMICH on kiiver, mis peatab p\u00fcstoli padruneid ja pakub usaldusv\u00e4\u00e4rset kaitset prahi ja kukkuva prahi eest.<br \/>\nv\u00e4hendab kaitset.<\/p>\n<hr>\n<p><strong>\u201eInimestele:<\/strong><br \/>\nNIJ lllA Kevlar FAST ballistiline kiiver on loodud v\u00f5itlema relvade ja kildude ohuga, tugevamad kinnitused tagavad kergema ja mugavama istuvuse. See kiiver sobib igat t\u00fc\u00fcpi kasutajatele. Agentuuride, nagu s\u00f5jav\u00e4e, politsei, SWAT, sisejulgeoleku, tolli ja piirivalve t\u00f6\u00f6tajaid saab varustada t\u00e4iustatud lahinguv\u00f5imega. See on hea valik ka kodukaitseks ja cosplay\u2019ks.<\/p>\n<hr>\n<p><strong>Mis on FAST ballistiline kiiver?<\/strong><\/p>\n<p>FAST kuulikindel kiiver (inglise: Future Assault Shell Technology Helmet, edaspidi: FAST) Future Assault Shell Technology Helmet on USA armee uurimisinstituudi ja USA armee uurimis-, arendus- ja insenerikeskuse Natick poolt v\u00e4lja t\u00f6\u00f6tatud lahingukiiver. Kiiver on loodud pakkuma erioperatsioonide operaatoritele mugavust, pakkudes samal ajal elementaarset ballistilist kaitset. FAST kiivrit n\u00e4idati avalikkusele esmakordselt 2009. aasta SHOT SHOW-l ja Afganistanis tegutsevad USA eri\u00fcksused v\u00f5tsid selle peagi kasutusele. FAST taktikalisi ballistilisi kiivreid kasutatakse n\u00fc\u00fcd laialdaselt eriv\u00e4gedes ja politsei erij\u00f5ududes erinevates riikides. Lisaks on FAST taktikaline kiiver n\u00fc\u00fcd Norra relvaj\u00f5udude standardne lahingukiiver.<\/p>\n<hr>\n<p><strong>FAST Kevlari kiivri omadused:<\/strong><\/p>\n<p>V\u00f5rreldes tavaliste s\u00f5jav\u00e4ekiivritega on FAST kiiver 25% kergem. Kiivri vedrustuss\u00fcsteemiga saavad kasutajad optimaalse mugavuse tagamiseks h\u00f5lpsasti reguleerida kiivri sobivust v\u00f5i tihedust. FAST kiivrid on varustatud ARC siinidega vasakul ja paremal k\u00fcljel varustuse, nagu taskulambid, m\u00fcrasummutavad k\u00f5rvaklapid ja sidevahendid, kinnitamiseks, samuti saab kinnitusadapteri kaudu kiivri keskele paigaldada \u00f6\u00f6vaatlus- v\u00f5i videotehnikat, mis on spetsiaalne v\u00f5itlus, mis v\u00f5ib anda suurema taktikalise eelise. Kiivri k\u00fclge kinnitatud kuradivilt v\u00f5imaldab kasutajatel kinnitada oma riigi lipu, armee v\u00f5i asutuse lipu, samuti sobivaid identifitseerimistempleid, nagu kutsungid ja veregrupid. Lisaks ei kasuta FAST kiivri moodulkonstruktsiooni t\u00f5ttu kuulikindla funktsioonita tsiviilversioon mitte ainult s\u00f5jav\u00e4es ja politseis, vaid on innukalt kasutusele v\u00f5etud ka v\u00e4lisportlaste, ajakirjanike, p\u00e4\u00e4stjate ja teiste v\u00e4lit\u00f6\u00f6tajate seas.<\/p>\n<hr>\n<p><strong>Kas taktikaline ballistiline kiiver FAST on suurep\u00e4rane kaitse ja miks see nii populaarne on?<\/strong><\/p>\n<p>P\u00f5hjuseid on kaks: esiteks on tehnoloogia areng kaasa toonud \u00fcha enam \u00fcksikutele s\u00f5duritele m\u00f5eldud tehnilisi vahendeid, mis n\u00f5uavad tehniliste lisaseadmete laadimise platvormi, mis tuleb ohverdada kaitse arvelt;<br \/>\nTeiseks on FAST-i kasutajad peamiselt eri\u00fcksuslased ja lahingudistantsil eri\u00fcksused lihtsalt loobuvad m\u00f5nest kaitsest, platvormil olev teisaldatavus ja tehniline varustus muudetakse elluj\u00e4\u00e4mism\u00e4\u00e4radeks ja isegi praktilistes rakendustes, tavaliselt ainult kiirkiivrite puhul, seal on Paljudel seadmetel pole elemente, lihtsalt kaasaskantavuse huvides.<\/p>\n<p>FAST ei p\u00f5hine rangel kaitsel Kahepoolsetest k\u00f5rvaklappidest ei piisa Peamiselt k\u00f5rvaklappe ja lisatarvikuid kandva personali mugavuse huvides Kerged taktikalised kiivrid loobuvad osaliselt kaitsest, toovad v\u00f5itluses suuremat kasu.<\/p>\n<p>FAST-kiivreid kasutatakse laialdaselt paljudes riikides ja paljudes riikides on kiivri kujundus v\u00e4ga sarnane Ameerika FAST-kiivritele, n\u00e4iteks Venemaal, Prantsusmaal ja \u00dchendkuningriigis on kiivrid loodud FAST-kiivritele vastavaks, kuigi need aja jooksul arenevad. Nende kiivrite arv on samuti muutumas, kuid tundub endiselt sarnane FAST-kiivriga, arusaadavatel p\u00f5hjustel v\u00f5ib see kiiver t\u00f5husalt kaitsta pead ja pikendada s\u00f5duri eluiga.<\/p>\n<hr>\n<p><strong>KIIRE Kevlari kiivri hind?<\/strong><\/p>\n<p>Ostke otse meie veebisaidilt ja s\u00e4\u00e4state tavahinnast 15%.<\/p>\n<hr>\n<p>Kui soovite meie tooteid osta v\u00f5i teil on meie toodete kohta k\u00fcsimusi;<br \/>\nKui teil on kohandamisvajadusi;<br \/>\nPalun (<a href=\"http:\/\/tyditiao.com\/en\/contact\/\">v\u00f5tke meiega \u00fchendust<\/a>) kohe, vastame teile 1 t\u00f6\u00f6p\u00e4eva jooksul<\/p>\n<p>&nbsp;<\/p>\n<p>&nbsp;<\/p>\n","protected":false},"excerpt":{"rendered":"<p>Valmistatud \u00fclitugevast DuPont Kevlar Aramiidkiust, kuumakindel ja ei ole kergesti deformeeritav<\/p>\n<p>NIJ tase IIIA<\/p>\n<p>Pea\u00fcmberm\u00f5\u00f5du reguleerimiss\u00fcsteem v\u00f5imaldab reguleerida pea \u00fcmberm\u00f5\u00f5tu \u00fche nupuvajutusega, et saavutada kiivri ideaalne sobivus<\/p>\n<p>Otsmik on tugevdatud elastsete rihmadega kaheksajala k\u00fclgedel (\u00f6\u00f6vaatlusaluse alumine osa) peeglite, kaamerate, \u00f6\u00f6vaatlusprillide ja muude seadmete kinnitamiseks<\/p>\n<p>Varustatud siinidega, v\u00f5imsam tarvikukinnitus, v\u00f5ib olla varustatud tugeva valguss\u00fcsteemi ja majakatuvastustuledega, samuti v\u00f5ib olla varustatud kuulmiskaitsega<\/p>\n","protected":false},"featured_media":10324,"comment_status":"closed","ping_status":"closed","template":"","meta":[],"product_brand":[],"product_cat":[813,656],"product_tag":[],"woo-feed-brand":[50],"class_list":{"0":"post-14204","1":"product","2":"type-product","3":"status-publish","4":"has-post-thumbnail","6":"product_cat-kiire","7":"product_cat-kuulikindel-kiiver","8":"woo-feed-brand-tyditiao","10":"first","11":"instock","12":"sale","13":"shipping-taxable","14":"purchasable","15":"product-type-simple"},"_links":{"self":[{"href":"https:\/\/tyditiao.com\/et\/wp-json\/wp\/v2\/product\/14204","targetHints":{"allow":["GET"]}}],"collection":[{"href":"https:\/\/tyditiao.com\/et\/wp-json\/wp\/v2\/product"}],"about":[{"href":"https:\/\/tyditiao.com\/et\/wp-json\/wp\/v2\/types\/product"}],"replies":[{"embeddable":true,"href":"https:\/\/tyditiao.com\/et\/wp-json\/wp\/v2\/comments?post=14204"}],"wp:featuredmedia":[{"embeddable":true,"href":"https:\/\/tyditiao.com\/et\/wp-json\/wp\/v2\/media\/10324"}],"wp:attachment":[{"href":"https:\/\/tyditiao.com\/et\/wp-json\/wp\/v2\/media?parent=14204"}],"wp:term":[{"taxonomy":"product_brand","embeddable":true,"href":"https:\/\/tyditiao.com\/et\/wp-json\/wp\/v2\/product_brand?post=14204"},{"taxonomy":"product_cat","embeddable":true,"href":"https:\/\/tyditiao.com\/et\/wp-json\/wp\/v2\/product_cat?post=14204"},{"taxonomy":"product_tag","embeddable":true,"href":"https:\/\/tyditiao.com\/et\/wp-json\/wp\/v2\/product_tag?post=14204"},{"taxonomy":"woo-feed-brand","embeddable":true,"href":"https:\/\/tyditiao.com\/et\/wp-json\/wp\/v2\/woo-feed-brand?post=14204"}],"curies":[{"name":"wp","href":"https:\/\/api.w.org\/{rel}","templated":true}]}}