{"id":14223,"date":"2022-06-13T04:08:57","date_gmt":"2022-06-13T02:08:57","guid":{"rendered":"http:\/\/tyditiao.com\/product\/sodurikiiver-aramid-fiber-taktikaline-iiia-klassi-kiiver-kiire-kevlari-kiiver-helepruun\/"},"modified":"2026-01-25T19:46:39","modified_gmt":"2026-01-25T17:46:39","slug":"kiire-kuulikindel-kiiver-taktika-kevlar-nijiiia-helepruun","status":"publish","type":"product","link":"https:\/\/tyditiao.com\/et\/toode\/kiire-kuulikindel-kiiver-taktika-kevlar-nijiiia-helepruun\/","title":{"rendered":"S\u00f5durikiiver, Aramid Fiber taktikaline IIIA klassi kiiver, kiire Kevlari kiiver, helepruun"},"content":{"rendered":"<p><strong>Kaitseklass:<\/strong><\/p>\n<p>See kuulikindel kiiver on NIJ taseme IIIA kuulikindel kiiver vastavalt NIJ 0101.06 standardile ja selle kohta saab esitada vastava katsearuande.<\/p>\n<hr \/>\n<p><strong>Kaitsem\u00fcrsu parameetrid:<\/strong><\/p>\n<p>.44 Mag SJHP<br \/>\n.357 SIG FMJ FN<br \/>\n9 mm FMJ RN<br \/>\n.357 Mag JSP<br \/>\n.40 S&amp;W FMJ<\/p>\n<p>Samuti pakub kaitset enamiku k\u00e4sirelvade ohtude ning IIA ja II klassi ohtude eest<\/p>\n<hr \/>\n<p><strong>Kuulikindla kiivri parameetrid:<\/strong><\/p>\n<p>Nimi: NIJ lllA FAST kuulikindel kiiver<\/p>\n<p>Materjal: suure t\u00f5mbetugevusega Kevlar-DuPont aramiidkiud<br \/>\nPea \u00fcmberm\u00f5\u00f5t: 52-64 cm<br \/>\nValikulised tarvikud: kuulikindel mask jne.<br \/>\nKiivri v\u00e4rvus: helepruun<\/p>\n<p>Kuulikindel kiiver koosneb kiivri kestast (sh helmekaitse) ja vedrustuspuhvris\u00fcsteemist (sh peav\u00f5ru, puhverkiht, l\u00f5uarihm, ketil\u00fclid jne). Mugav ja stabiilne kanda;<\/p>\n<p>Kiivri kesta v\u00e4lispind on \u00fchtlane ja sile, ilma v\u00f5\u00f5rkehade saastumise, villide, koorumise ja muude defektideta.<\/p>\n<p>Kiivri kesta leegiaeglustav toime: pidev p\u00f5lemisaeg 5S pinnal;<\/p>\n<p>L\u00f5uarihma seadme j\u00f5ud: avariiv\u00e4ljap\u00e4\u00e4su kiirus 500N, vabastage, kui v\u00e4lisj\u00f5ud on 1000N;<\/p>\n<p>Veekindel: kuulikindel kiiver ei pragune, ei villi ega kihistu kiivri kesta pinnal, kui see on 24 tunniks toatemperatuuril vette kastetud. \u00dckski vedrustuspadja osa ei tulnud p\u00e4rast kahte edukat lasku lahti<\/p>\n<p>MICH on kiiver, mis peatab p\u00fcstoli padruneid ja pakub usaldusv\u00e4\u00e4rset kaitset prahi ja kukkuva prahi eest.<br \/>\nv\u00e4hendab kaitset.<\/p>\n<hr \/>\n<p><strong>\u201eInimestele:<\/strong><\/p>\n<p>NIJ lllA Kevlar FAST ballistiline kiiver on loodud v\u00f5itlema relvade ja kildude ohuga, tugevamad kinnitused tagavad kergema ja mugavama istuvuse. See kiiver sobib igat t\u00fc\u00fcpi kasutajatele. Agentuuride, nagu s\u00f5jav\u00e4e, politsei, SWAT, sisejulgeoleku, tolli ja piirivalve t\u00f6\u00f6tajaid saab varustada t\u00e4iustatud lahinguv\u00f5imega. See on hea valik ka kodukaitseks ja cosplay\u2019ks.<\/p>\n<hr \/>\n<p><strong>Mis on FAST ballistiline kiiver?<\/strong><\/p>\n<p>FAST kuulikindel kiiver (inglise: Future Assault Shell Technology Helmet, edaspidi: FAST) Future Assault Shell Technology Helmet on USA armee uurimisinstituudi ja USA armee uurimis-, arendus- ja insenerikeskuse Natick poolt v\u00e4lja t\u00f6\u00f6tatud lahingukiiver. Kiiver on loodud pakkuma erioperatsioonide operaatoritele mugavust, pakkudes samal ajal elementaarset ballistilist kaitset. FAST kiivrit n\u00e4idati avalikkusele esmakordselt 2009. aasta SHOT SHOW-l ja Afganistanis tegutsevad USA eri\u00fcksused v\u00f5tsid selle peagi kasutusele. FAST taktikalisi ballistilisi kiivreid kasutatakse n\u00fc\u00fcd laialdaselt eriv\u00e4gedes ja politsei erij\u00f5ududes erinevates riikides. Lisaks on FAST taktikaline kiiver n\u00fc\u00fcd Norra relvaj\u00f5udude standardne lahingukiiver.<\/p>\n<hr \/>\n<p><strong>FAST Fiber Aramid taktikalise s\u00f5durikiivri omadused:<\/strong><\/p>\n<p>V\u00f5rreldes tavaliste s\u00f5jav\u00e4ekiivritega on FAST kiiver 25% kergem. T\u00e4nu kiivri vedrustuss\u00fcsteemile saavad kasutajad optimaalse mugavuse tagamiseks h\u00f5lpsasti reguleerida kiivri sobivust v\u00f5i tihedust. FAST kiiver on varustatud ARC siinidega vasakul ja paremal k\u00fcljel lisatarvikute nagu taskulambid, m\u00fcrasummutavad k\u00f5rvaklapid ja sidevahendid, samuti \u00f6\u00f6n\u00e4gemis- v\u00f5i videosalvestusseadmed. Adapteri saab adapteri kaudu paigaldada kiivri keskele. See on eriline v\u00f5itlus, mis v\u00f5ib anda suurema taktikalise eelise. Lisaks ei kasuta mitte-kuulikindla FAST-kiivri tsiviilversioon moodulkonstruktsiooni t\u00f5ttu mitte ainult s\u00f5jav\u00e4es ja politseis, vaid seda aktsepteerivad innukalt ka v\u00e4lisportlased ja v\u00e4lit\u00f6\u00f6tajad, n\u00e4iteks ajakirjanikud ja p\u00e4\u00e4stjad. Lisaks ei kasuta mitte-kuulikindla FAST-kiivri tsiviilversioon moodulkonstruktsiooni t\u00f5ttu mitte ainult s\u00f5jav\u00e4es ja politseis, vaid seda aktsepteerivad innukalt ka v\u00e4lisportlased ja v\u00e4lit\u00f6\u00f6tajad, n\u00e4iteks ajakirjanikud ja p\u00e4\u00e4stjad.<\/p>\n<hr \/>\n<p><strong>Kas FAST fiber aramiidi taktikaline s\u00f5durikiiver on hea kaitse, miks see populaarne on?<\/strong><\/p>\n<p>P\u00f5hjuseid on kaks: esiteks on tehnoloogia areng muutnud \u00fcksikud s\u00f5durid j\u00e4rjest rohkem tehnilisteks varustuseks, mis n\u00f5uavad tehniliste tarvikute laadimiseks platvormi ning valides tuli ohverdada kaitse;<br \/>\nTeiseks on FAST-i kasutajad peamiselt eri\u00fcksuslased ja eri\u00fcksuslased loobuvad lahingudistantsil lihtsalt osast kaitsest, platvormil olev teisaldatavus ja tehniline varustus muutuvad elluj\u00e4\u00e4mism\u00e4\u00e4raks, isegi praktilistes rakendustes, tavaliselt ainult kiirete kiivrite puhul, need pole sellel on mitu elementi, just kaasaskantavuse huvides.<\/p>\n<p>FAST ei tugine rangele kaitsele \u00dchestki k\u00f5rvaklappidest m\u00f5lemal k\u00fcljel ei piisa Peamiselt k\u00f5rvaklappe ja lisatarvikuid kandva personali mugavuse tagamiseks Kerged taktikalised kiivrid loobuvad osaliselt kaitsest ja toovad v\u00f5itluses suuremat kasu.<\/p>\n<p>FAST kiivreid kasutatakse laialdaselt paljudes riikides ja paljudes riikides on kiivrite kujundus v\u00e4ga sarnane USA FAST kiivritele, n\u00e4iteks Venemaa, Prantsuse ja Briti kiivrid on disainitud FAST kiivrite j\u00e4rgi, kuigi need arenevad aja jooksul. Ka need kiivrid muutuvad pidevalt, kuid n\u00e4evad siiski arusaadavatel p\u00f5hjustel FAST-kiivritega v\u00e4ga sarnased v\u00e4lja, mis kaitsevad t\u00f5husalt pead ja pikendavad s\u00f5duri eluiga.<\/p>\n<hr \/>\n<p><strong>Kiire kiudaramiid-taktikalise s\u00f5durikiivri hind?<\/strong><\/p>\n<p>Ostke otse meie veebisaidilt ja s\u00e4\u00e4state tavahinnast 15%.<\/p>\n<p>Kui soovite meie tooteid osta v\u00f5i teil on meie toodete kohta k\u00fcsimusi, palun (<a href=\"https:\/\/tyditiao.com\/et\/votke-uhendust\/\">v\u00f5tke meiega \u00fchendust<\/a>) viivitamatult, vastame teile 1 t\u00f6\u00f6p\u00e4ev. <span style=\"color: #ff0000;\">Kui soovite korraga tellida rohkem kui 5 kuulikindlat kiivrit, saate lisaallahindlust;<\/span><\/p>\n","protected":false},"excerpt":{"rendered":"<p>Valmistatud \u00fclitugevast DuPont Kevlar Aramiidkiust, kuumakindel ja ei ole kergesti deformeeritav<\/p>\n<p>NIJ tase IIIA<\/p>\n<p>Pea\u00fcmberm\u00f5\u00f5du reguleerimiss\u00fcsteem v\u00f5imaldab reguleerida pea \u00fcmberm\u00f5\u00f5tu \u00fche nupuvajutusega, et saavutada kiivri ideaalne sobivus<\/p>\n<p>Otsmik on tugevdatud elastsete rihmadega kaheksajala k\u00fclgedel (\u00f6\u00f6vaatlusaluse alumine osa) peeglite, kaamerate, \u00f6\u00f6vaatlusprillide ja muude seadmete kinnitamiseks<\/p>\n<p>Varustatud siinidega, v\u00f5imsam tarvikukinnitus, v\u00f5ib olla varustatud tugeva valguss\u00fcsteemi ja majakatuvastustuledega, samuti v\u00f5ib olla varustatud kuulmiskaitsega<\/p>\n","protected":false},"featured_media":10248,"comment_status":"open","ping_status":"closed","template":"","meta":[],"product_brand":[],"product_cat":[813,656],"product_tag":[],"woo-feed-brand":[50],"class_list":{"0":"post-14223","1":"product","2":"type-product","3":"status-publish","4":"has-post-thumbnail","6":"product_cat-kiire","7":"product_cat-kuulikindel-kiiver","8":"woo-feed-brand-tyditiao","10":"first","11":"instock","12":"sale","13":"shipping-taxable","14":"purchasable","15":"product-type-simple"},"_links":{"self":[{"href":"https:\/\/tyditiao.com\/et\/wp-json\/wp\/v2\/product\/14223","targetHints":{"allow":["GET"]}}],"collection":[{"href":"https:\/\/tyditiao.com\/et\/wp-json\/wp\/v2\/product"}],"about":[{"href":"https:\/\/tyditiao.com\/et\/wp-json\/wp\/v2\/types\/product"}],"replies":[{"embeddable":true,"href":"https:\/\/tyditiao.com\/et\/wp-json\/wp\/v2\/comments?post=14223"}],"wp:featuredmedia":[{"embeddable":true,"href":"https:\/\/tyditiao.com\/et\/wp-json\/wp\/v2\/media\/10248"}],"wp:attachment":[{"href":"https:\/\/tyditiao.com\/et\/wp-json\/wp\/v2\/media?parent=14223"}],"wp:term":[{"taxonomy":"product_brand","embeddable":true,"href":"https:\/\/tyditiao.com\/et\/wp-json\/wp\/v2\/product_brand?post=14223"},{"taxonomy":"product_cat","embeddable":true,"href":"https:\/\/tyditiao.com\/et\/wp-json\/wp\/v2\/product_cat?post=14223"},{"taxonomy":"product_tag","embeddable":true,"href":"https:\/\/tyditiao.com\/et\/wp-json\/wp\/v2\/product_tag?post=14223"},{"taxonomy":"woo-feed-brand","embeddable":true,"href":"https:\/\/tyditiao.com\/et\/wp-json\/wp\/v2\/woo-feed-brand?post=14223"}],"curies":[{"name":"wp","href":"https:\/\/api.w.org\/{rel}","templated":true}]}}