{"id":14241,"date":"2022-06-13T04:05:41","date_gmt":"2022-06-13T02:05:41","guid":{"rendered":"http:\/\/tyditiao.com\/product\/saksa-sojavaekiiver-iiia-klassi-sodurikiiver-ballistiline-taktikaline-kiirkiiver-roheline\/"},"modified":"2026-03-14T23:16:53","modified_gmt":"2026-03-14T21:16:53","slug":"kiire-kuulikindel-kiiver-taktika-kevlar-nijiiia-roheline","status":"publish","type":"product","link":"https:\/\/tyditiao.com\/et\/toode\/kiire-kuulikindel-kiiver-taktika-kevlar-nijiiia-roheline\/","title":{"rendered":"Saksa s\u00f5jav\u00e4ekiiver, IIIA klassi s\u00f5durikiiver, ballistiline taktikaline kiirkiiver, roheline"},"content":{"rendered":"<p><strong>Kaitseklass:<\/strong><\/p>\n<p>See kuulikindel kiiver on NIJ taseme IIIA kuulikindel kiiver vastavalt NIJ 0101.06 standardile ja selle kohta saab esitada vastava katsearuande.<\/p>\n<hr \/>\n<p><strong>Kaitsem\u00fcrsu parameetrid:<\/strong><\/p>\n<p>.44 Mag SJHP<br \/>\n.357 SIG FMJ FN<br \/>\n9 mm FMJ RN<br \/>\n.357 Mag JSP<br \/>\n.40 S&amp;W FMJ<\/p>\n<p>Samuti pakub kaitset enamiku k\u00e4sirelvade ohtude ning IIA ja II klassi ohtude eest<\/p>\n<hr \/>\n<p><strong>Kuulikindla kiivri parameetrid:<\/strong><\/p>\n<p>Nimi: NIJ lllA FAST kuulikindel kiiver<\/p>\n<p>Materjal: suure t\u00f5mbetugevusega Kevlar-DuPont aramiidkiud<br \/>\nPea \u00fcmberm\u00f5\u00f5t: 52-64 cm<br \/>\nValikulised tarvikud: kuulikindel mask jne.<br \/>\nKiivri v\u00e4rv: roheline<br \/>\nMICH on kiiver, mis peatab p\u00fcstoli padruneid ja pakub usaldusv\u00e4\u00e4rset kaitset prahi ja kukkuva prahi eest.<br \/>\nv\u00e4hendab kaitset.<\/p>\n<hr \/>\n<p><strong>\u201eInimestele:<\/strong><\/p>\n<p>NIJ lllA Kevlar FAST ballistiline kiiver on loodud v\u00f5itlema relvade ja kildude ohuga, tugevamad kinnitused tagavad kergema ja mugavama istuvuse. See kiiver sobib igat t\u00fc\u00fcpi kasutajatele. Agentuuride, nagu s\u00f5jav\u00e4e, politsei, SWAT, sisejulgeoleku, tolli ja piirivalve t\u00f6\u00f6tajaid saab varustada t\u00e4iustatud lahinguv\u00f5imega. See on hea valik ka kodukaitseks ja cosplay\u2019ks.<\/p>\n<hr \/>\n<p><strong>FAST s\u00f5jalise taktikalise ballistilise kiivri omadused:<\/strong><\/p>\n<p>V\u00f5rreldes tavaliste s\u00f5jav\u00e4ekiivritega on FAST kiiver 25% kergem. T\u00e4nu kiivri vedrustuss\u00fcsteemile saavad kasutajad optimaalse mugavuse tagamiseks h\u00f5lpsasti reguleerida kiivri sobivust v\u00f5i tihedust. FAST kiiver on varustatud ARC siinidega vasakul ja paremal k\u00fcljel lisatarvikute nagu taskulambid, m\u00fcrasummutavad k\u00f5rvaklapid ja sidevahendid, samuti \u00f6\u00f6n\u00e4gemis- v\u00f5i videosalvestusseadmed. Adapteri saab adapteri kaudu paigaldada kiivri keskele. See on eriline v\u00f5itlus, mis v\u00f5ib anda suurema taktikalise eelise. Lisaks ei kasuta mitte-kuulikindla FAST-kiivri tsiviilversioon moodulkonstruktsiooni t\u00f5ttu mitte ainult s\u00f5jav\u00e4es ja politseis, vaid seda aktsepteerivad innukalt ka v\u00e4lisportlased ja v\u00e4lit\u00f6\u00f6tajad, n\u00e4iteks ajakirjanikud ja p\u00e4\u00e4stjad. Lisaks ei kasuta mitte-kuulikindla FAST-kiivri tsiviilversioon moodulkonstruktsiooni t\u00f5ttu mitte ainult s\u00f5jav\u00e4es ja politseis, vaid seda aktsepteerivad innukalt ka v\u00e4lisportlased ja v\u00e4lit\u00f6\u00f6tajad, n\u00e4iteks ajakirjanikud ja p\u00e4\u00e4stjad.<\/p>\n<hr \/>\n<p><strong>Kas FAST-i s\u00f5jalised taktikalised ballistilised kiivrid pakuvad head kaitset ja miks need populaarsed on?<\/strong><\/p>\n<p>P\u00f5hjuseid on kaks: esiteks on tehnoloogia areng muutnud \u00fcksikud s\u00f5durid j\u00e4rjest rohkem tehnilisteks varustuseks, mis n\u00f5uavad tehniliste tarvikute laadimiseks platvormi ning valides tuli ohverdada kaitse;<br \/>\nTeiseks on FAST-i kasutajad peamiselt eri\u00fcksuslased ja eri\u00fcksuslased loobuvad lahingudistantsil lihtsalt osast kaitsest, platvormil olev teisaldatavus ja tehniline varustus muutuvad elluj\u00e4\u00e4mism\u00e4\u00e4raks, isegi praktilistes rakendustes, tavaliselt ainult kiirete kiivrite puhul, need pole sellel on mitu elementi, just kaasaskantavuse huvides.<\/p>\n<p>FAST ei tugine rangele kaitsele \u00dchestki k\u00f5rvaklappidest m\u00f5lemal k\u00fcljel ei piisa Peamiselt k\u00f5rvaklappe ja lisatarvikuid kandva personali mugavuse tagamiseks Kerged taktikalised kiivrid loobuvad osaliselt kaitsest ja toovad v\u00f5itluses suuremat kasu.<\/p>\n<p>FAST kiivreid kasutatakse laialdaselt paljudes riikides ja paljudes riikides on kiivrite kujundus v\u00e4ga sarnane USA FAST kiivritele, n\u00e4iteks Venemaa, Prantsuse ja Briti kiivrid on disainitud FAST kiivrite j\u00e4rgi, kuigi need arenevad aja jooksul. Ka need kiivrid muutuvad pidevalt, kuid n\u00e4evad siiski arusaadavatel p\u00f5hjustel FAST-kiivritega v\u00e4ga sarnased v\u00e4lja, mis kaitsevad t\u00f5husalt pead ja pikendavad s\u00f5duri eluiga.<\/p>\n<hr \/>\n<p><strong>KIIRE s\u00f5jalise taktikalise ballistilise kiivri hind?<\/strong><\/p>\n<p>See on meie taktikaliste kaitsekiivrite pood, palun ostke otse meie veebisaidilt, saate alghinnast 15% soodsamalt<\/p>\n<p>Kui soovite meie tooteid osta v\u00f5i teil on meie toodete kohta k\u00fcsimusi, palun (<a href=\"https:\/\/tyditiao.com\/et\/votke-uhendust\/\">v\u00f5tke meiega \u00fchendust<\/a>) viivitamatult, vastame teile 1 t\u00f6\u00f6p\u00e4ev. Kui soovite korraga tellida rohkem kui 5 kuulikindlat kiivrit, saate lisaallahindlust;<\/p>\n","protected":false},"excerpt":{"rendered":"<p>Valmistatud \u00fclitugevast DuPont Kevlar Aramiidkiust, kuumakindel ja ei ole kergesti deformeeritav<\/p>\n<p>NIJ tase IIIA<\/p>\n<p>Pea\u00fcmberm\u00f5\u00f5du reguleerimiss\u00fcsteem v\u00f5ib muuta kiivri ideaalse kandmisefekti saavutamiseks<\/p>\n<p>Pea\u00fcmberm\u00f5\u00f5du reguleerimiss\u00fcsteem v\u00f5imaldab reguleerida pea \u00fcmberm\u00f5\u00f5tu \u00fche nupuvajutusega, et saavutada kiivri ideaalne sobivus<\/p>\n<p>Otsmik on tugevdatud elastsete rihmadega kaheksajala k\u00fclgedel (\u00f6\u00f6vaatlusaluse alumine osa) peeglite, kaamerate, \u00f6\u00f6vaatlusprillide ja muude seadmete kinnitamiseks<\/p>\n<p>Varustatud siinidega, v\u00f5imsam tarvikukinnitus, v\u00f5ib olla varustatud tugeva valguss\u00fcsteemi ja majakatuvastustuledega, samuti v\u00f5ib olla varustatud kuulmiskaitsega<\/p>\n","protected":false},"featured_media":10305,"comment_status":"open","ping_status":"closed","template":"","meta":[],"product_brand":[],"product_cat":[813,656],"product_tag":[],"woo-feed-brand":[50],"class_list":{"0":"post-14241","1":"product","2":"type-product","3":"status-publish","4":"has-post-thumbnail","6":"product_cat-kiire","7":"product_cat-kuulikindel-kiiver","8":"woo-feed-brand-tyditiao","10":"first","11":"instock","12":"sale","13":"shipping-taxable","14":"purchasable","15":"product-type-simple"},"_links":{"self":[{"href":"https:\/\/tyditiao.com\/et\/wp-json\/wp\/v2\/product\/14241","targetHints":{"allow":["GET"]}}],"collection":[{"href":"https:\/\/tyditiao.com\/et\/wp-json\/wp\/v2\/product"}],"about":[{"href":"https:\/\/tyditiao.com\/et\/wp-json\/wp\/v2\/types\/product"}],"replies":[{"embeddable":true,"href":"https:\/\/tyditiao.com\/et\/wp-json\/wp\/v2\/comments?post=14241"}],"wp:featuredmedia":[{"embeddable":true,"href":"https:\/\/tyditiao.com\/et\/wp-json\/wp\/v2\/media\/10305"}],"wp:attachment":[{"href":"https:\/\/tyditiao.com\/et\/wp-json\/wp\/v2\/media?parent=14241"}],"wp:term":[{"taxonomy":"product_brand","embeddable":true,"href":"https:\/\/tyditiao.com\/et\/wp-json\/wp\/v2\/product_brand?post=14241"},{"taxonomy":"product_cat","embeddable":true,"href":"https:\/\/tyditiao.com\/et\/wp-json\/wp\/v2\/product_cat?post=14241"},{"taxonomy":"product_tag","embeddable":true,"href":"https:\/\/tyditiao.com\/et\/wp-json\/wp\/v2\/product_tag?post=14241"},{"taxonomy":"woo-feed-brand","embeddable":true,"href":"https:\/\/tyditiao.com\/et\/wp-json\/wp\/v2\/woo-feed-brand?post=14241"}],"curies":[{"name":"wp","href":"https:\/\/api.w.org\/{rel}","templated":true}]}}