{"id":14262,"date":"2022-06-13T03:55:46","date_gmt":"2023-05-23T03:38:24","guid":{"rendered":"http:\/\/tyditiao.com\/product\/sojavaekiiver-iiia-taktikaline-ballistikiiver-poola-kevlari-kiiver-roheline\/"},"modified":"2026-03-14T23:16:56","modified_gmt":"2026-03-14T21:16:56","slug":"mich2000-kuulikindel-kiiver-kevlar-tase-3-roheline","status":"publish","type":"product","link":"https:\/\/tyditiao.com\/et\/toode\/mich2000-kuulikindel-kiiver-kevlar-tase-3-roheline\/","title":{"rendered":"S\u00f5jav\u00e4ekiiver, IIIA taktikaline ballistikiiver, Poola Kevlari kiiver, roheline"},"content":{"rendered":"<p><strong>Kaitseklass:<\/strong><\/p>\n<p>See kuulikindel kiiver on NIJ taseme IIIA kuulikindel kiiver vastavalt NIJ 0101.06 standardile ja selle kohta saab esitada vastava katsearuande.<\/p>\n<p>See toode kvalifitseerub ka t\u00e4iustatud v\u00f5itluskiivriks (ECH), kui seda kasutatakse koos \u00fclemise soomusplaadiga t\u00f5elise vintp\u00fcssi kaitseks<\/p>\n<hr>\n<p><strong>Kaitsem\u00fcrsu parameetrid:<\/strong><\/p>\n<p>.44 Mag SJHP<br \/>\n.357 SIG FMJ FN<br \/>\n9 mm FMJ RN<br \/>\n.357 Mag JSP<br \/>\n.40 S&#038;W FMJ<\/p>\n<p>Samuti pakub kaitset enamiku k\u00e4sirelvade ohtude ning IIA ja II klassi ohtude eest<\/p>\n<hr>\n<p><strong>Kuulikindla kiivri parameetrid:<\/strong><br \/>\nNimi: NIJ lllA MICH2000 kuulikindel kiiver<\/p>\n<p>Materjal: suure t\u00f5mbetugevusega Kevlar-DuPont aramiidkiud<br \/>\nLangus p\u00e4rast m\u00fcrsu v\u00e4ljalaskmist: <20 mm\nPea \u00fcmberm\u00f5\u00f5t: 52-60 cm\nVooder: \u00fcmberpaigutav aeglaselt tagasil\u00f6\u00f6giga vahtvooder hoiab kiivri mugavana ning hoiab \u00e4ra v\u00e4simuse ja \u00fclekuumenemise.\nValikulised tarvikud: kuulikindel mask jne.\nKiivri v\u00e4rv: roheline\nMICH on kiiver, mis peatab p\u00fcstoli padruneid ja pakub usaldusv\u00e4\u00e4rset kaitset prahi ja kukkuva prahi eest.\nv\u00e4hendab kaitset.\n\n\n\n<hr>\n<p><strong>\u201eInimestele:<\/strong><br \/>\nNIJ lllA Kevlar MICH2000 ballistiline kiiver k\u00e4sitleb p\u00fcstoli- ja \u0161rapnelli\u00e4hvardusi suurema kinnitusmahuga, mis tagab kergema ja mugavama istuvuse. See kiiver sobib igat t\u00fc\u00fcpi kasutajatele. Agentuuride, nagu s\u00f5jav\u00e4e, politsei, SWAT, sisejulgeoleku, tolli ja piirivalve t\u00f6\u00f6tajaid saab varustada t\u00e4iustatud lahinguv\u00f5imega. See on hea valik ka kodukaitseks ja cosplay\u2019ks.<\/p>\n<p>MICH on kiiver, mis peatab p\u00fcstoli padruneid ja pakub usaldusv\u00e4\u00e4rset kaitset prahi ja kukkuva prahi eest. Mich ballistiline kiiver ei paku mitte ainult vajalikku igak\u00fclgset kaitset n\u00fcride relvade, ballistiliste ja muude ohtude eest, vaid on ka v\u00e4ga modulaarne ja mugav. See toode kvalifitseerub ka t\u00e4iustatud v\u00f5itluskiivriks (ECH), kui seda kasutatakse koos \u00fclemise soomusplaadiga, et pakkuda vintp\u00fcssi t\u00f5elist kaitset. Madal l\u00f5ige katab m\u00f5lemal pool pead paremini kui k\u00f5rvapealsed kiivrid. Nendel kiivritel on ka k\u00f5rvaklapid ja muud sidevahendid.<\/p>\n<hr>\n<p><strong>Kumb on populaarsem, kas MICH2000 v\u00f5i FAST taktikaline ballistikiiver?<\/strong><br \/>\nMICH2000-l on suurem kaitsepind, mis on kasulikum, kui te ei plaani paigaldada mitut tarvikut. Kui plaanite valida palju varustust, n\u00e4iteks (taskulambi kandmine, m\u00fcrasummutavad k\u00f5rvaklapid ja sidevahendid, \u00f6\u00f6n\u00e4gemisprillid v\u00f5i videosalvestusseadmed jne), on soovitatav kasutada FAST-i, kuna see pole liiga raske avaldada survet teie kaelale, m\u00f5jutades kaudselt tegevusv\u00f5imet.<\/p>\n<hr>\n<p><strong>MICH2000 s\u00f5jav\u00e4ekiivri hind<\/strong><br \/>\nOstke meie veebisaidilt ja s\u00e4\u00e4stke hinnalt 15%.<\/p>\n<hr>\n<p>Kui soovite meie tooteid osta v\u00f5i teil on meie toodete kohta k\u00fcsimusi;<br \/>\nKui teil on kohandamisvajadusi;<br \/>\nPalun (<a href=\"http:\/\/tyditiao.com\/en\/contact\/\">v\u00f5tke meiega \u00fchendust<\/a>) kohe, vastame teile 1 t\u00f6\u00f6p\u00e4eva jooksul<\/p>\n","protected":false},"excerpt":{"rendered":"<p>Hea kvaliteet: valmistatud kvaliteetsest DuPont Kevlar Aramiidkiust, kuumakindel ja ei deformeeru kergesti<\/p>\n<p>Hea ballistiline j\u00f5udlus: NIJ tase IIIA<\/p>\n<p>Aeglase kujuga m\u00e4luvaht: niiskust imav kangas lihtsaks puhastamiseks, modulaarsed padjad, mida l\u00f5ppkasutaja saab reguleerida<\/p>\n<p>Kuivatatud seepia s\u00fcsteem: tuntud ka kui \u00f6ise n\u00e4gemise alus, saab kombineerida pro\u017eektorite, kaamerate, \u00f6\u00f6vaatlusseadmete ja muude seadmetega<\/p>\n<p>Vasakul ja paremal k\u00fcljel on raudteer\u00fchmad: v\u00f5imalik paigaldada tugeva valgustuss\u00fcsteemiga, signaal-ID valgusti, k\u00f5rvaklappide kaitsega klapplaud<\/p>\n","protected":false},"featured_media":11407,"comment_status":"open","ping_status":"closed","template":"","meta":[],"product_brand":[],"product_cat":[656,795],"product_tag":[],"woo-feed-brand":[50],"class_list":{"0":"post-14262","1":"product","2":"type-product","3":"status-publish","4":"has-post-thumbnail","6":"product_cat-kuulikindel-kiiver","7":"product_cat-mich2000-et","8":"woo-feed-brand-tyditiao","10":"first","11":"instock","12":"sale","13":"shipping-taxable","14":"purchasable","15":"product-type-simple"},"_links":{"self":[{"href":"https:\/\/tyditiao.com\/et\/wp-json\/wp\/v2\/product\/14262","targetHints":{"allow":["GET"]}}],"collection":[{"href":"https:\/\/tyditiao.com\/et\/wp-json\/wp\/v2\/product"}],"about":[{"href":"https:\/\/tyditiao.com\/et\/wp-json\/wp\/v2\/types\/product"}],"replies":[{"embeddable":true,"href":"https:\/\/tyditiao.com\/et\/wp-json\/wp\/v2\/comments?post=14262"}],"wp:featuredmedia":[{"embeddable":true,"href":"https:\/\/tyditiao.com\/et\/wp-json\/wp\/v2\/media\/11407"}],"wp:attachment":[{"href":"https:\/\/tyditiao.com\/et\/wp-json\/wp\/v2\/media?parent=14262"}],"wp:term":[{"taxonomy":"product_brand","embeddable":true,"href":"https:\/\/tyditiao.com\/et\/wp-json\/wp\/v2\/product_brand?post=14262"},{"taxonomy":"product_cat","embeddable":true,"href":"https:\/\/tyditiao.com\/et\/wp-json\/wp\/v2\/product_cat?post=14262"},{"taxonomy":"product_tag","embeddable":true,"href":"https:\/\/tyditiao.com\/et\/wp-json\/wp\/v2\/product_tag?post=14262"},{"taxonomy":"woo-feed-brand","embeddable":true,"href":"https:\/\/tyditiao.com\/et\/wp-json\/wp\/v2\/woo-feed-brand?post=14262"}],"curies":[{"name":"wp","href":"https:\/\/api.w.org\/{rel}","templated":true}]}}