{"id":14287,"date":"2022-06-13T03:53:55","date_gmt":"2022-06-13T01:53:55","guid":{"rendered":"http:\/\/tyditiao.com\/product\/kuulikindel-soomus-iiia-klassi-taktikaline-kiiver-mich2000-eriuksuste-kiiver-helepruun\/"},"modified":"2026-01-25T19:47:07","modified_gmt":"2026-01-25T17:47:07","slug":"mich2000-kuulikindel-kiiver-kevlar-tase-3-helepruun","status":"publish","type":"product","link":"https:\/\/tyditiao.com\/et\/toode\/mich2000-kuulikindel-kiiver-kevlar-tase-3-helepruun\/","title":{"rendered":"Kuulikindel soomus, IIIA klassi taktikaline kiiver, mich2000 eri\u00fcksuste kiiver, helepruun"},"content":{"rendered":"<p>MICH on kiiver, mis peatab p\u00fcstoli padruneid ja pakub usaldusv\u00e4\u00e4rset kaitset prahi ja kukkuva prahi eest. Madal l\u00f5ige katab m\u00f5lemal pool pead paremini kui k\u00f5rvapealsed kiivrid. Nendel kiivritel on ka k\u00f5rvaklapid ja muud sidevahendid.<\/p>\n<hr \/>\n<p><strong>Kaitseklass:<\/strong><\/p>\n<p>See kuulikindel kiiver on NIJ taseme IIIA kuulikindel kiiver vastavalt NIJ 0101.06 standardile ja selle kohta saab esitada vastava katsearuande.<\/p>\n<p>See toode kvalifitseerub ka t\u00e4iustatud v\u00f5itluskiivriks (ECH), kui seda kasutatakse koos \u00fclemise soomusplaadiga t\u00f5elise vintp\u00fcssi kaitseks<\/p>\n<hr \/>\n<p><strong>Kaitsem\u00fcrsu parameetrid:<\/strong><\/p>\n<p>.44 Mag SJHP<br \/>\n.357 SIG FMJ FN<br \/>\n9 mm FMJ RN<br \/>\n.357 Mag JSP<br \/>\n.40 S&amp;W FMJ<\/p>\n<p>Samuti pakub kaitset enamiku k\u00e4sirelvade ohtude ning IIA ja II klassi ohtude eest<\/p>\n<hr \/>\n<p><strong>Kuulikindla kiivri parameetrid:<\/strong><br \/>\nNimi: NIJ lllA MICH2000 kuulikindel kiiver<\/p>\n<p>Materjal: suure t\u00f5mbetugevusega Kevlar-DuPont aramiidkiud<br \/>\nPea \u00fcmberm\u00f5\u00f5t: 52-60 cm (kaheastmeline seljatoe reguleerimine ja reguleeritav l\u00f5uarihm)<br \/>\nVooder: \u00fcmberpaigutav aeglaselt tagasil\u00f6\u00f6giga vahtvooder hoiab kiivri mugavana ning hoiab \u00e4ra v\u00e4simuse ja \u00fclekuumenemise.<br \/>\nValikulised tarvikud: kuulikindel mask jne.<br \/>\nKiivri v\u00e4rvus: helepruun<br \/>\nMICH on kiiver, mis peatab p\u00fcstoli padruneid ja pakub usaldusv\u00e4\u00e4rset kaitset prahi ja kukkuva prahi eest.<br \/>\nv\u00e4hendab kaitset.<\/p>\n<hr \/>\n<p><strong>\u201eInimestele:<\/strong><br \/>\nNIJ lllA Kevlar MICH2000 ballistiline kiiver k\u00e4sitleb p\u00fcstoli- ja \u0161rapnelli\u00e4hvardusi suurema kinnitusmahuga, mis tagab kergema ja mugavama istuvuse. See kiiver sobib igat t\u00fc\u00fcpi kasutajatele. Agentuuride, nagu s\u00f5jav\u00e4e, politsei, SWAT, sisejulgeoleku, tolli ja piirivalve t\u00f6\u00f6tajaid saab varustada t\u00e4iustatud lahinguv\u00f5imega. See on hea valik ka kodukaitseks ja cosplay\u2019ks.<\/p>\n<hr \/>\n<p>Kui soovite meie tooteid osta v\u00f5i teil on meie toodete kohta k\u00fcsimusi;<br \/>\nKui teil on kohandamisvajadusi;<br \/>\nPalun (<a href=\"https:\/\/tyditiao.com\/et\/votke-uhendust\/\">v\u00f5tke meiega \u00fchendust<\/a>) kohe, vastame teile 1 t\u00f6\u00f6p\u00e4eva jooksul<\/p>\n","protected":false},"excerpt":{"rendered":"<p>Suur kaitseala: kaitseala on suurem kui traditsioonilistel kuulikindlatel kiivritel, pakkudes head kaitset k\u00f5rvaosale<\/p>\n<p>Hea kvaliteet: valmistatud kvaliteetsest DuPont Kevlar Aramiidkiust, kuumakindel ja ei deformeeru kergesti<\/p>\n<p>Hea ballistiline j\u00f5udlus: NIJ tase IIIA<\/p>\n<p>Seepiakuivatuss\u00fcsteem ning vasaku ja parema siini komplekt v\u00f5imaldab paigaldada komplekti peakomplekti, relvatule, kaamera, v\u00e4lklambi, \u00f6ise n\u00e4gemise, GoPro kaamera, NVG prillid<\/p>\n<p>Hea uuendamise j\u00f5udlus: t\u00e4iendatav hapnikumask, kiiver, k\u00fclgkaitse, soomustatud k\u00fclgkaitse, kaitsekilp, kiivri kate<\/p>\n","protected":false},"featured_media":10191,"comment_status":"open","ping_status":"closed","template":"","meta":[],"product_brand":[],"product_cat":[656,795],"product_tag":[],"woo-feed-brand":[50],"class_list":{"0":"post-14287","1":"product","2":"type-product","3":"status-publish","4":"has-post-thumbnail","6":"product_cat-kuulikindel-kiiver","7":"product_cat-mich2000-et","8":"woo-feed-brand-tyditiao","10":"first","11":"instock","12":"sale","13":"shipping-taxable","14":"purchasable","15":"product-type-simple"},"_links":{"self":[{"href":"https:\/\/tyditiao.com\/et\/wp-json\/wp\/v2\/product\/14287","targetHints":{"allow":["GET"]}}],"collection":[{"href":"https:\/\/tyditiao.com\/et\/wp-json\/wp\/v2\/product"}],"about":[{"href":"https:\/\/tyditiao.com\/et\/wp-json\/wp\/v2\/types\/product"}],"replies":[{"embeddable":true,"href":"https:\/\/tyditiao.com\/et\/wp-json\/wp\/v2\/comments?post=14287"}],"wp:featuredmedia":[{"embeddable":true,"href":"https:\/\/tyditiao.com\/et\/wp-json\/wp\/v2\/media\/10191"}],"wp:attachment":[{"href":"https:\/\/tyditiao.com\/et\/wp-json\/wp\/v2\/media?parent=14287"}],"wp:term":[{"taxonomy":"product_brand","embeddable":true,"href":"https:\/\/tyditiao.com\/et\/wp-json\/wp\/v2\/product_brand?post=14287"},{"taxonomy":"product_cat","embeddable":true,"href":"https:\/\/tyditiao.com\/et\/wp-json\/wp\/v2\/product_cat?post=14287"},{"taxonomy":"product_tag","embeddable":true,"href":"https:\/\/tyditiao.com\/et\/wp-json\/wp\/v2\/product_tag?post=14287"},{"taxonomy":"woo-feed-brand","embeddable":true,"href":"https:\/\/tyditiao.com\/et\/wp-json\/wp\/v2\/woo-feed-brand?post=14287"}],"curies":[{"name":"wp","href":"https:\/\/api.w.org\/{rel}","templated":true}]}}